{"id":36431,"date":"2025-02-25T01:23:57","date_gmt":"2025-02-25T00:23:57","guid":{"rendered":"https:\/\/gopinkish.com\/?post_type=product&#038;p=36431"},"modified":"2026-04-15T23:19:09","modified_gmt":"2026-04-15T22:19:09","slug":"3504105036058","status":"publish","type":"product","link":"https:\/\/gopinkish.com\/fr\/produit\/3504105036058\/","title":{"rendered":"Gel nettoyant 2 en 1 pour le corps et les cheveux des enfants"},"content":{"rendered":"<p style=\"text-align: justify;\">Mustela 2 en 1 Gel Nettoyant Corps et Cheveux est un gel nettoyant doux 2 en 1 pour les enfants. Il combine le nettoyage du corps et des cheveux. Contient de la pers\u00e9ose d'avocat qui renforce la barri\u00e8re cutan\u00e9e. Mousse douce qui n'irrite pas les yeux.<\/p>\n<p><strong>Principaux ingr\u00e9dients et caract\u00e9ristiques<\/strong><\/p>\n<ul>\n<li>Perseose d'avocat<\/li>\n<li>2 en 1 pour le corps et les cheveux<\/li>\n<li>Sans savon<\/li>\n<li>Ne provoque pas de larmes<\/li>\n<li>Un laboratoire de p\u00e9diatres<\/li>\n<\/ul>\n<p><strong>Principales caract\u00e9ristiques et avantages<\/strong><\/p>\n<ul>\n<li>Nettoyage en douceur en une seule \u00e9tape<\/li>\n<li>Renforce la barri\u00e8re cutan\u00e9e<\/li>\n<li>Non irritant pour les yeux<\/li>\n<li>Maintient l'hydratation<\/li>\n<li>S\u00e9curit\u00e9 d\u00e8s la naissance<\/li>\n<\/ul>\n<p style=\"text-align: center;\">\ud83c\uddec\ud83c\udde7 Mustela - Gel nettoyant 2 en 1 pour le corps et les cheveux<\/p>\n<p style=\"text-align: center;\">\ud83c\uddeb\ud83c\uddf7 Mustela - Gel nettoyant 2 en 1 corps et cheveux<\/p>","protected":false},"excerpt":{"rendered":"<p>\u0645\u0646\u062a\u062c Mustela 2 en 1 Gel Nettoyant Corps et Cheveux \u0645\u0646 \u0645\u0648\u0633\u062a\u064a\u0644\u0627 \u0647\u0648 \u062c\u0644 \u062a\u0646\u0638\u064a\u0641 \u0644\u0637\u064a\u0641 2 \u0641\u064a 1 \u0644\u0644\u0623\u0637\u0641\u0627\u0644. \u064a\u062c\u0645\u0639 \u0628\u064a\u0646 \u062a\u0646\u0638\u064a\u0641 \u0627\u0644\u062c\u0633\u0645 \u0648\u0627\u0644\u0634\u0639\u0631. \u064a\u062d\u062a\u0648\u064a \u0639\u0644\u0649 Avocado Perseose \u0627\u0644\u0645\u0639\u0632\u0632 \u0644\u062d\u0627\u062c\u0632 \u0627\u0644\u0628\u0634\u0631\u0629. \u0631\u063a\u0648\u0629 \u0646\u0627\u0639\u0645\u0629 \u0644\u0627 \u062a\u0647\u064a\u062c \u0627\u0644\u0639\u064a\u0646\u064a\u0646. \u0627\u0644\u0645\u0643\u0648\u0646\u0627\u062a \u0648\u0627\u0644\u062e\u0635\u0627\u0626\u0635 \u0627\u0644\u0631\u0626\u064a\u0633\u064a\u0629 Avocado Perseose 2 \u0641\u064a 1 \u0644\u0644\u062c\u0633\u0645 \u0648\u0627\u0644\u0634\u0639\u0631 \u062e\u0627\u0644\u064d \u0645\u0646 \u0627\u0644\u0635\u0627\u0628\u0648\u0646 \u0644\u0627 \u064a\u0633\u0628\u0628 \u0627\u0644\u062f\u0645\u0648\u0639 \u0645\u062e\u062a\u0628\u0631 \u0645\u0646 [&hellip;]<\/p>\n","protected":false},"featured_media":36362,"template":"","meta":[],"pwb-brand":[1026],"product_brand":[],"product_cat":[1162],"product_tag":[1036,1031],"class_list":{"0":"post-36431","1":"product","2":"type-product","3":"status-publish","4":"has-post-thumbnail","6":"pwb-brand-mustela","7":"product_cat-mom-baby","8":"product_tag-1036","9":"product_tag-1031","11":"first","12":"instock","13":"shipping-taxable","14":"purchasable","15":"product-type-variable","16":"has-default-attributes","17":"wvs-archive-product-wrapper"},"brands":[{"id":1026,"name":"Mustela","slug":"mustela"}],"_links":{"self":[{"href":"https:\/\/gopinkish.com\/fr\/wp-json\/wp\/v2\/product\/36431","targetHints":{"allow":["GET"]}}],"collection":[{"href":"https:\/\/gopinkish.com\/fr\/wp-json\/wp\/v2\/product"}],"about":[{"href":"https:\/\/gopinkish.com\/fr\/wp-json\/wp\/v2\/types\/product"}],"wp:featuredmedia":[{"embeddable":true,"href":"https:\/\/gopinkish.com\/fr\/wp-json\/wp\/v2\/media\/36362"}],"wp:attachment":[{"href":"https:\/\/gopinkish.com\/fr\/wp-json\/wp\/v2\/media?parent=36431"}],"wp:term":[{"taxonomy":"pwb-brand","embeddable":true,"href":"https:\/\/gopinkish.com\/fr\/wp-json\/wp\/v2\/pwb-brand?post=36431"},{"taxonomy":"product_brand","embeddable":true,"href":"https:\/\/gopinkish.com\/fr\/wp-json\/wp\/v2\/product_brand?post=36431"},{"taxonomy":"product_cat","embeddable":true,"href":"https:\/\/gopinkish.com\/fr\/wp-json\/wp\/v2\/product_cat?post=36431"},{"taxonomy":"product_tag","embeddable":true,"href":"https:\/\/gopinkish.com\/fr\/wp-json\/wp\/v2\/product_tag?post=36431"}],"curies":[{"name":"wp","href":"https:\/\/api.w.org\/{rel}","templated":true}]}}