{"id":36429,"date":"2025-02-25T01:23:57","date_gmt":"2025-02-25T00:23:57","guid":{"rendered":"https:\/\/gopinkish.com\/?post_type=product&#038;p=36429"},"modified":"2026-02-25T14:07:54","modified_gmt":"2026-02-25T13:07:54","slug":"88530208","status":"publish","type":"product","link":"https:\/\/gopinkish.com\/fr\/produit\/88530208\/","title":{"rendered":"Cr\u00e8me hydratante hypoallerg\u00e9nique pour b\u00e9b\u00e9"},"content":{"rendered":"<p style=\"text-align: justify;\">Johnson's Baby Cream est une cr\u00e8me hydratante hypoallerg\u00e9nique pour b\u00e9b\u00e9s. Con\u00e7ue pour prot\u00e9ger la peau de b\u00e9b\u00e9 contre le dess\u00e8chement. Sans colorants et hypoallerg\u00e9nique.<\/p>\n<p><strong>Principaux ingr\u00e9dients et caract\u00e9ristiques<\/strong><\/p>\n<ul>\n<li>Hypoallerg\u00e9nique<\/li>\n<li>pH \u00e9quilibr\u00e9<\/li>\n<li>Sans colorant<\/li>\n<li>Un laboratoire de p\u00e9diatres<\/li>\n<\/ul>\n<p><strong>Principales caract\u00e9ristiques et avantages<\/strong><\/p>\n<ul>\n<li>Hydrate et prot\u00e8ge<\/li>\n<li>Sans danger pour les peaux sensibles<\/li>\n<li>Couche protectrice l\u00e9g\u00e8re<\/li>\n<li>Convient d\u00e8s la naissance<\/li>\n<\/ul>\n<p style=\"text-align: center;\">\ud83c\uddec\ud83c\udde7 Johnson's Baby - Cr\u00e8me hypoallerg\u00e9nique pour b\u00e9b\u00e9s<\/p>\n<p style=\"text-align: center;\">\ud83c\uddeb\ud83c\uddf7 Johnson's Baby - Cr\u00e8me b\u00e9b\u00e9 hypoallerg\u00e9nique<\/p>","protected":false},"excerpt":{"rendered":"<p>\u0645\u0646\u062a\u062c Johnson&#8217;s Baby Cream \u0645\u0646 \u062c\u0648\u0646\u0633\u0648\u0646 \u0647\u0648 \u0643\u0631\u064a\u0645 \u0645\u0631\u0637\u0628 \u0644\u0644\u0623\u0637\u0641\u0627\u0644 \u0645\u0636\u0627\u062f \u0644\u0644\u062d\u0633\u0627\u0633\u064a\u0629. \u0645\u0635\u0645\u0645 \u0644\u062d\u0645\u0627\u064a\u0629 \u0628\u0634\u0631\u0629 \u0627\u0644\u0623\u0637\u0641\u0627\u0644 \u0645\u0646 \u0627\u0644\u062c\u0641\u0627\u0641. \u062e\u0627\u0644\u064d \u0645\u0646 \u0627\u0644\u0645\u0644\u0648\u0646\u0627\u062a \u0648\u0647\u064a\u0628\u0648\u0627\u0644\u0631\u062c\u064a\u0646\u064a\u0643. \u0627\u0644\u0645\u0643\u0648\u0646\u0627\u062a \u0648\u0627\u0644\u062e\u0635\u0627\u0626\u0635 \u0627\u0644\u0631\u0626\u064a\u0633\u064a\u0629 \u0647\u064a\u0628\u0648\u0627\u0644\u0631\u062c\u064a\u0646\u064a\u0643 pH \u0645\u062a\u0648\u0627\u0632\u0646 \u062e\u0627\u0644\u064d \u0645\u0646 \u0627\u0644\u0645\u0644\u0648\u0646\u0627\u062a \u0645\u062e\u062a\u0628\u0631 \u0645\u0646 \u0623\u0637\u0628\u0627\u0621 \u0627\u0644\u0623\u0637\u0641\u0627\u0644 \u0627\u0644\u0645\u064a\u0632\u0627\u062a \u0648\u0627\u0644\u0641\u0648\u0627\u0626\u062f \u0627\u0644\u0631\u0626\u064a\u0633\u064a\u0629 \u064a\u0631\u0637\u0628 \u0648\u064a\u062d\u0645\u064a \u0622\u0645\u0646 \u0639\u0644\u0649 \u0627\u0644\u0628\u0634\u0631\u0629 \u0627\u0644\u062d\u0633\u0627\u0633\u0629 \u0637\u0628\u0642\u0629 \u062d\u0645\u0627\u064a\u0629 \u062e\u0641\u064a\u0641\u0629 \u0645\u0646\u0627\u0633\u0628 \u0645\u0646 \u0627\u0644\u0648\u0644\u0627\u062f\u0629 \ud83c\uddec\ud83c\udde7 Johnson&#8217;s Baby \u2013 Hypoallergenic [&hellip;]<\/p>\n","protected":false},"featured_media":36361,"template":"","meta":[],"pwb-brand":[1401],"product_brand":[],"product_cat":[1162],"product_tag":[1036,1031],"class_list":{"0":"post-36429","1":"product","2":"type-product","3":"status-publish","4":"has-post-thumbnail","6":"pwb-brand-johnsons","7":"product_cat-mom-baby","8":"product_tag-1036","9":"product_tag-1031","11":"first","12":"instock","13":"shipping-taxable","14":"purchasable","15":"product-type-variable","16":"has-default-attributes","17":"wvs-archive-product-wrapper"},"brands":[{"id":1401,"name":"Johnson's","slug":"johnsons"}],"_links":{"self":[{"href":"https:\/\/gopinkish.com\/fr\/wp-json\/wp\/v2\/product\/36429","targetHints":{"allow":["GET"]}}],"collection":[{"href":"https:\/\/gopinkish.com\/fr\/wp-json\/wp\/v2\/product"}],"about":[{"href":"https:\/\/gopinkish.com\/fr\/wp-json\/wp\/v2\/types\/product"}],"wp:featuredmedia":[{"embeddable":true,"href":"https:\/\/gopinkish.com\/fr\/wp-json\/wp\/v2\/media\/36361"}],"wp:attachment":[{"href":"https:\/\/gopinkish.com\/fr\/wp-json\/wp\/v2\/media?parent=36429"}],"wp:term":[{"taxonomy":"pwb-brand","embeddable":true,"href":"https:\/\/gopinkish.com\/fr\/wp-json\/wp\/v2\/pwb-brand?post=36429"},{"taxonomy":"product_brand","embeddable":true,"href":"https:\/\/gopinkish.com\/fr\/wp-json\/wp\/v2\/product_brand?post=36429"},{"taxonomy":"product_cat","embeddable":true,"href":"https:\/\/gopinkish.com\/fr\/wp-json\/wp\/v2\/product_cat?post=36429"},{"taxonomy":"product_tag","embeddable":true,"href":"https:\/\/gopinkish.com\/fr\/wp-json\/wp\/v2\/product_tag?post=36429"}],"curies":[{"name":"wp","href":"https:\/\/api.w.org\/{rel}","templated":true}]}}