{"id":36422,"date":"2025-02-25T01:23:54","date_gmt":"2025-02-25T00:23:54","guid":{"rendered":"https:\/\/gopinkish.com\/?post_type=product&#038;p=36422"},"modified":"2026-02-25T13:09:17","modified_gmt":"2026-02-25T12:09:17","slug":"8720181452611","status":"publish","type":"product","link":"https:\/\/gopinkish.com\/fr\/produit\/8720181452611\/","title":{"rendered":"Protection maximale pour hommes et fra\u00eecheur intense pendant 96 heures"},"content":{"rendered":"<p style=\"text-align: justify;\">Rexona Maximum Protection 96H Intense Fresh est un d\u00e9odorant pour hommes offrant 96 heures de protection maximale et de fra\u00eecheur intense. Technologie TriSolid avanc\u00e9e avec un parfum frais intense qui dure toute la journ\u00e9e.<\/p>\n<p><strong>Principaux ingr\u00e9dients et caract\u00e9ristiques<\/strong><\/p>\n<ul>\n<li>Technologie TriSolid<\/li>\n<li>R\u00e9cup\u00e9ration intense<\/li>\n<li>Antitranspirant de qualit\u00e9 sup\u00e9rieure<\/li>\n<li>Laboratoire dans des conditions extr\u00eames<\/li>\n<\/ul>\n<p><strong>Principales caract\u00e9ristiques et avantages<\/strong><\/p>\n<ul>\n<li>Protection de 96 heures<\/li>\n<li>Une r\u00e9cup\u00e9ration intensive et durable<\/li>\n<li>Un parfum masculin<\/li>\n<li>Adapt\u00e9 \u00e0 toutes les conditions<\/li>\n<\/ul>\n<p style=\"text-align: center;\">\ud83c\uddec\ud83c\udde7 Rexona Men - Protection maximale 96h Intense Fresh<\/p>\n<p style=\"text-align: center;\">\ud83c\uddeb\ud83c\uddf7 Rexona Men - Protection maximale 96h Intense Fresh<\/p>","protected":false},"excerpt":{"rendered":"<p>\u0645\u0646\u062a\u062c Rexona Maximum Protection 96H Intense Fresh \u0645\u0646 \u0631\u064a\u0643\u0633\u0648\u0646\u0627 \u0647\u0648 \u0645\u0632\u064a\u0644 \u0639\u0631\u0642 \u0631\u062c\u0627\u0644\u064a \u0628\u062d\u0645\u0627\u064a\u0629 \u0642\u0635\u0648\u0649 96 \u0633\u0627\u0639\u0629 \u0648\u0627\u0646\u062a\u0639\u0627\u0634 \u0645\u0643\u062b\u0641. \u062a\u0642\u0646\u064a\u0629 TriSolid \u0627\u0644\u0645\u062a\u0637\u0648\u0631\u0629 \u0645\u0639 \u0631\u0627\u0626\u062d\u0629 \u0645\u0646\u0639\u0634\u0629 \u0645\u0643\u062b\u0641\u0629 \u062a\u062f\u0648\u0645 \u0637\u0648\u0627\u0644 \u0627\u0644\u064a\u0648\u0645. \u0627\u0644\u0645\u0643\u0648\u0646\u0627\u062a \u0648\u0627\u0644\u062e\u0635\u0627\u0626\u0635 \u0627\u0644\u0631\u0626\u064a\u0633\u064a\u0629 \u062a\u0642\u0646\u064a\u0629 TriSolid \u0627\u0646\u062a\u0639\u0627\u0634 \u0645\u0643\u062b\u0641 \u0645\u0636\u0627\u062f \u0644\u0644\u062a\u0639\u0631\u0642 \u0641\u0627\u0626\u0642 \u0645\u062e\u062a\u0628\u0631 \u062a\u062d\u062a \u0623\u0642\u0635\u0649 \u0627\u0644\u0638\u0631\u0648\u0641 \u0627\u0644\u0645\u064a\u0632\u0627\u062a \u0648\u0627\u0644\u0641\u0648\u0627\u0626\u062f \u0627\u0644\u0631\u0626\u064a\u0633\u064a\u0629 \u062d\u0645\u0627\u064a\u0629 96 \u0633\u0627\u0639\u0629 \u0627\u0646\u062a\u0639\u0627\u0634 \u0645\u0643\u062b\u0641 \u064a\u062f\u0648\u0645 \u0631\u0627\u0626\u062d\u0629 \u0631\u062c\u0627\u0644\u064a\u0629 \u0645\u0646\u0627\u0633\u0628 [&hellip;]<\/p>\n","protected":false},"featured_media":36357,"template":"","meta":[],"pwb-brand":[467],"product_brand":[],"product_cat":[1228],"product_tag":[686,1459],"class_list":{"0":"post-36422","1":"product","2":"type-product","3":"status-publish","4":"has-post-thumbnail","6":"pwb-brand-rexona","7":"product_cat-deodorants","8":"product_tag-deodorant","9":"product_tag-1459","11":"first","12":"instock","13":"shipping-taxable","14":"purchasable","15":"product-type-variable","16":"has-default-attributes","17":"wvs-archive-product-wrapper"},"brands":[{"id":467,"name":"Rexona","slug":"rexona"}],"_links":{"self":[{"href":"https:\/\/gopinkish.com\/fr\/wp-json\/wp\/v2\/product\/36422","targetHints":{"allow":["GET"]}}],"collection":[{"href":"https:\/\/gopinkish.com\/fr\/wp-json\/wp\/v2\/product"}],"about":[{"href":"https:\/\/gopinkish.com\/fr\/wp-json\/wp\/v2\/types\/product"}],"wp:featuredmedia":[{"embeddable":true,"href":"https:\/\/gopinkish.com\/fr\/wp-json\/wp\/v2\/media\/36357"}],"wp:attachment":[{"href":"https:\/\/gopinkish.com\/fr\/wp-json\/wp\/v2\/media?parent=36422"}],"wp:term":[{"taxonomy":"pwb-brand","embeddable":true,"href":"https:\/\/gopinkish.com\/fr\/wp-json\/wp\/v2\/pwb-brand?post=36422"},{"taxonomy":"product_brand","embeddable":true,"href":"https:\/\/gopinkish.com\/fr\/wp-json\/wp\/v2\/product_brand?post=36422"},{"taxonomy":"product_cat","embeddable":true,"href":"https:\/\/gopinkish.com\/fr\/wp-json\/wp\/v2\/product_cat?post=36422"},{"taxonomy":"product_tag","embeddable":true,"href":"https:\/\/gopinkish.com\/fr\/wp-json\/wp\/v2\/product_tag?post=36422"}],"curies":[{"name":"wp","href":"https:\/\/api.w.org\/{rel}","templated":true}]}}