{"id":36412,"date":"2025-02-25T01:23:52","date_gmt":"2025-02-25T00:23:52","guid":{"rendered":"https:\/\/gopinkish.com\/?post_type=product&#038;p=36412"},"modified":"2026-02-25T13:09:24","modified_gmt":"2026-02-25T12:09:24","slug":"3600550312454","status":"publish","type":"product","link":"https:\/\/gopinkish.com\/fr\/produit\/3600550312454\/","title":{"rendered":"D\u00e9odorant anti-transpirant Monoi et Tiara"},"content":{"rendered":"<p style=\"text-align: justify;\">Ushuaia Anti-Transpirant 48H Mono\u00ef &amp; Tiar\u00e9 est un d\u00e9odorant anti-transpirant avec une protection de 48 heures. M\u00e9lange aromatique d'huile de Mono\u00ef et de fleur de Tiar\u00e9. Une protection efficace tout en gardant la peau douce.<\/p>\n<p><strong>Principaux ingr\u00e9dients et caract\u00e9ristiques<\/strong><\/p>\n<ul>\n<li>Huile de mono\u00ef naturelle<\/li>\n<li>Essence de fleurs Tiara<\/li>\n<li>Antitranspirant 48 heures<\/li>\n<li>Ingr\u00e9dients hydratants<\/li>\n<\/ul>\n<p><strong>Principales caract\u00e9ristiques et avantages<\/strong><\/p>\n<ul>\n<li>Protection de 48 heures<\/li>\n<li>Senteur tropicale<\/li>\n<li>Douceur de la peau<\/li>\n<li>Doux pour les peaux sensibles<\/li>\n<\/ul>\n<p style=\"text-align: center;\">\ud83c\uddec\ud83c\udde7 Ushuaia - Anti-transpirant 48h mono\u00ef &amp; tiar\u00e9<\/p>\n<p style=\"text-align: center;\">\ud83c\uddeb\ud83c\uddf7 Ushuaia - Anti-transpirant 48h mono\u00ef &amp; tiar\u00e9<\/p>","protected":false},"excerpt":{"rendered":"<p>\u0645\u0646\u062a\u062c Ushuaia Anti-Transpirant 48H Mono\u00ef &amp; Tiar\u00e9 \u0645\u0646 \u0623\u0648\u0634\u0648\u0627\u064a\u0627 \u0647\u0648 \u0645\u0632\u064a\u0644 \u0639\u0631\u0642 \u0645\u0636\u0627\u062f \u0644\u0644\u062a\u0639\u0631\u0642 \u0628\u062d\u0645\u0627\u064a\u0629 48 \u0633\u0627\u0639\u0629. \u0645\u0632\u064a\u062c \u0639\u0637\u0631\u064a \u0645\u0646 \u0632\u064a\u062a \u0627\u0644\u0645\u0648\u0646\u0648\u064a \u0648\u0632\u0647\u0631\u0629 \u0627\u0644\u062a\u064a\u0627\u0631\u0627. \u062d\u0645\u0627\u064a\u0629 \u0641\u0639\u0651\u0627\u0644\u0629 \u0645\u0639 \u0627\u0644\u062d\u0641\u0627\u0638 \u0639\u0644\u0649 \u0646\u0639\u0648\u0645\u0629 \u0627\u0644\u0628\u0634\u0631\u0629. \u0627\u0644\u0645\u0643\u0648\u0646\u0627\u062a \u0648\u0627\u0644\u062e\u0635\u0627\u0626\u0635 \u0627\u0644\u0631\u0626\u064a\u0633\u064a\u0629 \u0632\u064a\u062a \u0627\u0644\u0645\u0648\u0646\u0648\u064a \u0627\u0644\u0637\u0628\u064a\u0639\u064a \u062e\u0644\u0627\u0635\u0629 \u0632\u0647\u0631\u0629 \u0627\u0644\u062a\u064a\u0627\u0631\u0627 \u0645\u0636\u0627\u062f \u0644\u0644\u062a\u0639\u0631\u0642 48 \u0633\u0627\u0639\u0629 \u0645\u0643\u0648\u0646\u0627\u062a \u0645\u0631\u0637\u0628\u0629 \u0627\u0644\u0645\u064a\u0632\u0627\u062a \u0648\u0627\u0644\u0641\u0648\u0627\u0626\u062f \u0627\u0644\u0631\u0626\u064a\u0633\u064a\u0629 \u062d\u0645\u0627\u064a\u0629 48 \u0633\u0627\u0639\u0629 \u0631\u0627\u0626\u062d\u0629 \u0627\u0633\u062a\u0648\u0627\u0626\u064a\u0629 \u0646\u0639\u0648\u0645\u0629 [&hellip;]<\/p>\n","protected":false},"featured_media":36346,"template":"","meta":[],"pwb-brand":[1440],"product_brand":[],"product_cat":[1228],"product_tag":[686],"class_list":{"0":"post-36412","1":"product","2":"type-product","3":"status-publish","4":"has-post-thumbnail","6":"pwb-brand-ushuaia","7":"product_cat-deodorants","8":"product_tag-deodorant","10":"first","11":"instock","12":"shipping-taxable","13":"purchasable","14":"product-type-variable","15":"has-default-attributes","16":"wvs-archive-product-wrapper"},"brands":[{"id":1440,"name":"Ushuaia","slug":"ushuaia"}],"_links":{"self":[{"href":"https:\/\/gopinkish.com\/fr\/wp-json\/wp\/v2\/product\/36412","targetHints":{"allow":["GET"]}}],"collection":[{"href":"https:\/\/gopinkish.com\/fr\/wp-json\/wp\/v2\/product"}],"about":[{"href":"https:\/\/gopinkish.com\/fr\/wp-json\/wp\/v2\/types\/product"}],"wp:featuredmedia":[{"embeddable":true,"href":"https:\/\/gopinkish.com\/fr\/wp-json\/wp\/v2\/media\/36346"}],"wp:attachment":[{"href":"https:\/\/gopinkish.com\/fr\/wp-json\/wp\/v2\/media?parent=36412"}],"wp:term":[{"taxonomy":"pwb-brand","embeddable":true,"href":"https:\/\/gopinkish.com\/fr\/wp-json\/wp\/v2\/pwb-brand?post=36412"},{"taxonomy":"product_brand","embeddable":true,"href":"https:\/\/gopinkish.com\/fr\/wp-json\/wp\/v2\/product_brand?post=36412"},{"taxonomy":"product_cat","embeddable":true,"href":"https:\/\/gopinkish.com\/fr\/wp-json\/wp\/v2\/product_cat?post=36412"},{"taxonomy":"product_tag","embeddable":true,"href":"https:\/\/gopinkish.com\/fr\/wp-json\/wp\/v2\/product_tag?post=36412"}],"curies":[{"name":"wp","href":"https:\/\/api.w.org\/{rel}","templated":true}]}}