{"id":36410,"date":"2025-02-25T01:23:51","date_gmt":"2025-02-25T00:23:51","guid":{"rendered":"https:\/\/gopinkish.com\/?post_type=product&#038;p=36410"},"modified":"2026-02-25T13:09:35","modified_gmt":"2026-02-25T12:09:35","slug":"3058320045260","status":"publish","type":"product","link":"https:\/\/gopinkish.com\/fr\/produit\/3058320045260\/","title":{"rendered":"D\u00e9odorant anti-transpirant 48 heures \u00e0 la vanille"},"content":{"rendered":"<p style=\"text-align: justify;\">Ushuaia Anti-Transpirant 48H Vanille de Polyn\u00e9sie est un d\u00e9odorant anti-transpirant avec une protection de 48 heures. Au parfum chaud de vanille polyn\u00e9sienne. Contr\u00f4le la transpiration et pr\u00e9vient les mauvaises odeurs. Doux pour la peau.<\/p>\n<p><strong>Principaux ingr\u00e9dients et caract\u00e9ristiques<\/strong><\/p>\n<ul>\n<li>Extrait de vanille de Polyn\u00e9sie<\/li>\n<li>Antitranspirant 48 heures<\/li>\n<li>Ingr\u00e9dients hydratants<\/li>\n<li>Sans alcool agressif<\/li>\n<\/ul>\n<p><strong>Principales caract\u00e9ristiques et avantages<\/strong><\/p>\n<ul>\n<li>Protection de 48 heures<\/li>\n<li>Parfum chaud de vanille<\/li>\n<li>Doux pour la peau<\/li>\n<li>S\u00e9chage rapide<\/li>\n<\/ul>\n<p style=\"text-align: center;\">\ud83c\uddec\ud83c\udde7 Ushuaia - 48h anti-transpirant vanille polyn\u00e9sienne<\/p>\n<p style=\"text-align: center;\">\ud83c\uddeb\ud83c\uddf7 Ushuaia - Anti-transpirant 48h vanille de Polyn\u00e9sie<\/p>","protected":false},"excerpt":{"rendered":"<p>\u0645\u0646\u062a\u062c Ushuaia Anti-Transpirant 48H Vanille de Polyn\u00e9sie \u0645\u0646 \u0623\u0648\u0634\u0648\u0627\u064a\u0627 \u0647\u0648 \u0645\u0632\u064a\u0644 \u0639\u0631\u0642 \u0645\u0636\u0627\u062f \u0644\u0644\u062a\u0639\u0631\u0642 \u0628\u062d\u0645\u0627\u064a\u0629 48 \u0633\u0627\u0639\u0629. \u0628\u0631\u0627\u0626\u062d\u0629 \u0627\u0644\u0641\u0627\u0646\u064a\u0644\u0627 \u0627\u0644\u0628\u0648\u0644\u064a\u0646\u064a\u0632\u064a\u0629 \u0627\u0644\u062f\u0627\u0641\u0626\u0629. \u064a\u062a\u062d\u0643\u0645 \u0641\u064a \u0627\u0644\u062a\u0639\u0631\u0642 \u0648\u064a\u0645\u0646\u0639 \u0627\u0644\u0631\u0627\u0626\u062d\u0629 \u0627\u0644\u0643\u0631\u064a\u0647\u0629. \u0644\u0637\u064a\u0641 \u0639\u0644\u0649 \u0627\u0644\u0628\u0634\u0631\u0629. \u0627\u0644\u0645\u0643\u0648\u0646\u0627\u062a \u0648\u0627\u0644\u062e\u0635\u0627\u0626\u0635 \u0627\u0644\u0631\u0626\u064a\u0633\u064a\u0629 \u062e\u0644\u0627\u0635\u0629 \u0627\u0644\u0641\u0627\u0646\u064a\u0644\u0627 \u0627\u0644\u0628\u0648\u0644\u064a\u0646\u064a\u0632\u064a\u0629 \u0645\u0636\u0627\u062f \u0644\u0644\u062a\u0639\u0631\u0642 48 \u0633\u0627\u0639\u0629 \u0645\u0643\u0648\u0646\u0627\u062a \u0645\u0631\u0637\u0628\u0629 \u062e\u0627\u0644\u064a \u0645\u0646 \u0627\u0644\u0643\u062d\u0648\u0644 \u0627\u0644\u0642\u0627\u0633\u064a \u0627\u0644\u0645\u064a\u0632\u0627\u062a \u0648\u0627\u0644\u0641\u0648\u0627\u0626\u062f \u0627\u0644\u0631\u0626\u064a\u0633\u064a\u0629 \u062d\u0645\u0627\u064a\u0629 48 \u0633\u0627\u0639\u0629 \u0631\u0627\u0626\u062d\u0629 \u0641\u0627\u0646\u064a\u0644\u0627 \u062f\u0627\u0641\u0626\u0629 [&hellip;]<\/p>\n","protected":false},"featured_media":36344,"template":"","meta":[],"pwb-brand":[1440],"product_brand":[],"product_cat":[1228],"product_tag":[686],"class_list":{"0":"post-36410","1":"product","2":"type-product","3":"status-publish","4":"has-post-thumbnail","6":"pwb-brand-ushuaia","7":"product_cat-deodorants","8":"product_tag-deodorant","10":"first","11":"instock","12":"shipping-taxable","13":"purchasable","14":"product-type-variable","15":"has-default-attributes","16":"wvs-archive-product-wrapper"},"brands":[{"id":1440,"name":"Ushuaia","slug":"ushuaia"}],"_links":{"self":[{"href":"https:\/\/gopinkish.com\/fr\/wp-json\/wp\/v2\/product\/36410","targetHints":{"allow":["GET"]}}],"collection":[{"href":"https:\/\/gopinkish.com\/fr\/wp-json\/wp\/v2\/product"}],"about":[{"href":"https:\/\/gopinkish.com\/fr\/wp-json\/wp\/v2\/types\/product"}],"wp:featuredmedia":[{"embeddable":true,"href":"https:\/\/gopinkish.com\/fr\/wp-json\/wp\/v2\/media\/36344"}],"wp:attachment":[{"href":"https:\/\/gopinkish.com\/fr\/wp-json\/wp\/v2\/media?parent=36410"}],"wp:term":[{"taxonomy":"pwb-brand","embeddable":true,"href":"https:\/\/gopinkish.com\/fr\/wp-json\/wp\/v2\/pwb-brand?post=36410"},{"taxonomy":"product_brand","embeddable":true,"href":"https:\/\/gopinkish.com\/fr\/wp-json\/wp\/v2\/product_brand?post=36410"},{"taxonomy":"product_cat","embeddable":true,"href":"https:\/\/gopinkish.com\/fr\/wp-json\/wp\/v2\/product_cat?post=36410"},{"taxonomy":"product_tag","embeddable":true,"href":"https:\/\/gopinkish.com\/fr\/wp-json\/wp\/v2\/product_tag?post=36410"}],"curies":[{"name":"wp","href":"https:\/\/api.w.org\/{rel}","templated":true}]}}