{"id":36408,"date":"2025-02-25T01:23:50","date_gmt":"2025-02-25T00:23:50","guid":{"rendered":"https:\/\/gopinkish.com\/?post_type=product&#038;p=36408"},"modified":"2026-03-02T18:30:26","modified_gmt":"2026-03-02T17:30:26","slug":"3574661338439","status":"publish","type":"product","link":"https:\/\/gopinkish.com\/fr\/produit\/3574661338439\/","title":{"rendered":"Gel nettoyant au pamplemousse pour une peau nette"},"content":{"rendered":"<p style=\"text-align: justify;\">Neutrogena Puret\u00e9 Pamplemousse Gel Nettoyant est un gel nettoyant \u00e0 l'extrait de pamplemousse rose. Il nettoie la peau en profondeur et \u00e9limine les impuret\u00e9s et les huiles. Sa formule moussante purifie les pores. Con\u00e7u pour les peaux grasses et mixtes.<\/p>\n<p><strong>Principaux ingr\u00e9dients et caract\u00e9ristiques<\/strong><\/p>\n<ul>\n<li>Extrait de pamplemousse rose<\/li>\n<li>Acide salicylique<\/li>\n<li>Sans huile<\/li>\n<li>Parfum frais d'agrumes<\/li>\n<\/ul>\n<p><strong>Principales caract\u00e9ristiques et avantages<\/strong><\/p>\n<ul>\n<li>Nettoie la peau en profondeur<\/li>\n<li>Pr\u00e9vient les boutons<\/li>\n<li>Purifie les pores<\/li>\n<li>Convient \u00e0 un usage quotidien<\/li>\n<\/ul>\n<p dir=\"ltr\" style=\"text-align: center;\">\ud83c\uddec\ud83c\udde7 Neutrogena - Gel nettoyant au pamplemousse rose<br \/>\n\ud83c\uddeb\ud83c\uddf7 Neutrogena - Gel Nettoyant Pamplemousse Rose<\/p>","protected":false},"excerpt":{"rendered":"<p>\u0645\u0646\u062a\u062c Neutrogena Puret\u00e9 Pamplemousse Gel Nettoyant \u0645\u0646 \u0646\u064a\u062a\u0631\u0648\u062c\u064a\u0646\u0627 \u0647\u0648 \u062c\u0644 \u0645\u0646\u0638\u0641 \u0628\u062e\u0644\u0627\u0635\u0629 \u0627\u0644\u062c\u0631\u064a\u0628 \u0641\u0631\u0648\u062a \u0627\u0644\u0648\u0631\u062f\u064a. \u064a\u0646\u0638\u0641 \u0627\u0644\u0628\u0634\u0631\u0629 \u0628\u0639\u0645\u0642 \u0648\u064a\u0632\u064a\u0644 \u0627\u0644\u0634\u0648\u0627\u0626\u0628 \u0648\u0627\u0644\u0632\u064a\u0648\u062a. \u062a\u0631\u0643\u064a\u0628\u062a\u0647 \u0627\u0644\u0631\u063a\u0648\u064a\u0629 \u062a\u0646\u0642\u064a \u0627\u0644\u0645\u0633\u0627\u0645\u0627\u062a. \u0645\u0635\u0645\u0645 \u0644\u0644\u0628\u0634\u0631\u0629 \u0627\u0644\u062f\u0647\u0646\u064a\u0629 \u0648\u0627\u0644\u0645\u062e\u062a\u0644\u0637\u0629. \u0627\u0644\u0645\u0643\u0648\u0646\u0627\u062a \u0648\u0627\u0644\u062e\u0635\u0627\u0626\u0635 \u0627\u0644\u0631\u0626\u064a\u0633\u064a\u0629 \u062e\u0644\u0627\u0635\u0629 \u0627\u0644\u062c\u0631\u064a\u0628 \u0641\u0631\u0648\u062a \u0627\u0644\u0648\u0631\u062f\u064a \u062d\u0645\u0636 \u0627\u0644\u0633\u0627\u0644\u064a\u0633\u064a\u0644\u064a\u0643 \u062e\u0627\u0644\u064a\u0629 \u0645\u0646 \u0627\u0644\u0632\u064a\u0648\u062a \u0631\u0627\u0626\u062d\u0629 \u062d\u0645\u0636\u064a\u0627\u062a \u0645\u0646\u0639\u0634\u0629 \u0627\u0644\u0645\u064a\u0632\u0627\u062a \u0648\u0627\u0644\u0641\u0648\u0627\u0626\u062f \u0627\u0644\u0631\u0626\u064a\u0633\u064a\u0629 \u064a\u0646\u0638\u0641 \u0627\u0644\u0628\u0634\u0631\u0629 \u0628\u0639\u0645\u0642 \u064a\u0642\u064a \u0645\u0646 \u0627\u0644\u0628\u062b\u0648\u0631 \u064a\u0646\u0642\u064a \u0627\u0644\u0645\u0633\u0627\u0645\u0627\u062a [&hellip;]<\/p>\n","protected":false},"featured_media":36334,"template":"","meta":[],"pwb-brand":[458],"product_brand":[],"product_cat":[1119],"product_tag":[673,683],"class_list":{"0":"post-36408","1":"product","2":"type-product","3":"status-publish","4":"has-post-thumbnail","6":"pwb-brand-neutrogena","7":"product_cat-face-wash","8":"product_tag-pores","9":"product_tag-acne","11":"first","12":"instock","13":"shipping-taxable","14":"purchasable","15":"product-type-variable","16":"wvs-archive-product-wrapper"},"brands":[{"id":458,"name":"Neutrogena","slug":"neutrogena"}],"_links":{"self":[{"href":"https:\/\/gopinkish.com\/fr\/wp-json\/wp\/v2\/product\/36408","targetHints":{"allow":["GET"]}}],"collection":[{"href":"https:\/\/gopinkish.com\/fr\/wp-json\/wp\/v2\/product"}],"about":[{"href":"https:\/\/gopinkish.com\/fr\/wp-json\/wp\/v2\/types\/product"}],"wp:featuredmedia":[{"embeddable":true,"href":"https:\/\/gopinkish.com\/fr\/wp-json\/wp\/v2\/media\/36334"}],"wp:attachment":[{"href":"https:\/\/gopinkish.com\/fr\/wp-json\/wp\/v2\/media?parent=36408"}],"wp:term":[{"taxonomy":"pwb-brand","embeddable":true,"href":"https:\/\/gopinkish.com\/fr\/wp-json\/wp\/v2\/pwb-brand?post=36408"},{"taxonomy":"product_brand","embeddable":true,"href":"https:\/\/gopinkish.com\/fr\/wp-json\/wp\/v2\/product_brand?post=36408"},{"taxonomy":"product_cat","embeddable":true,"href":"https:\/\/gopinkish.com\/fr\/wp-json\/wp\/v2\/product_cat?post=36408"},{"taxonomy":"product_tag","embeddable":true,"href":"https:\/\/gopinkish.com\/fr\/wp-json\/wp\/v2\/product_tag?post=36408"}],"curies":[{"name":"wp","href":"https:\/\/api.w.org\/{rel}","templated":true}]}}