{"id":36406,"date":"2025-02-25T01:23:50","date_gmt":"2025-02-25T00:23:50","guid":{"rendered":"https:\/\/gopinkish.com\/?post_type=product&#038;p=36406"},"modified":"2026-02-25T06:07:03","modified_gmt":"2026-02-25T05:07:03","slug":"3574661498492","status":"publish","type":"product","link":"https:\/\/gopinkish.com\/fr\/produit\/3574661498492\/","title":{"rendered":"Exfoliant quotidien \u00e9quilibrant l'huile avec du citron et de l'aloe vera"},"content":{"rendered":"<p style=\"text-align: justify;\">Neutrogena Oil Balancing Daily Exfoliator est un exfoliant quotidien con\u00e7u pour les peaux grasses. Il contient du citron et de l'aloe vera pour exfolier la peau en douceur et \u00e9liminer les cellules mortes. Il affine les pores et am\u00e9liore la texture de la peau sans la dess\u00e9cher.<\/p>\n<p><strong>Principaux ingr\u00e9dients et caract\u00e9ristiques<\/strong><\/p>\n<ul>\n<li>Extrait naturel de citron<\/li>\n<li>Aloe Vera hydratant<\/li>\n<li>Granul\u00e9s exfoliants fins<\/li>\n<li>Formule sans huile<\/li>\n<\/ul>\n<p><strong>Principales caract\u00e9ristiques et avantages<\/strong><\/p>\n<ul>\n<li>Exfolie en douceur et \u00e9limine les impuret\u00e9s<\/li>\n<li>Purifie les pores<\/li>\n<li>\u00c9quilibre la s\u00e9cr\u00e9tion d'huile<\/li>\n<li>Convient \u00e0 un usage quotidien<\/li>\n<\/ul>\n<p style=\"text-align: center;\">\ud83c\uddec\ud83c\udde7 Neutrogena - Exfoliant quotidien \u00e9quilibrant les huiles<\/p>\n<p style=\"text-align: center;\">\ud83c\uddeb\ud83c\uddf7 Neutrogena - Exfoliant quotidien \u00e9quilibrant<\/p>","protected":false},"excerpt":{"rendered":"<p>\u0645\u0646\u062a\u062c Neutrogena Oil Balancing Daily Exfoliator \u0645\u0646 \u0646\u064a\u062a\u0631\u0648\u062c\u064a\u0646\u0627 \u0647\u0648 \u0645\u0642\u0634\u0631 \u064a\u0648\u0645\u064a \u0645\u0635\u0645\u0645 \u0644\u0644\u0628\u0634\u0631\u0629 \u0627\u0644\u062f\u0647\u0646\u064a\u0629. \u064a\u062d\u062a\u0648\u064a \u0639\u0644\u0649 \u0627\u0644\u0644\u064a\u0645\u0648\u0646 \u0648\u0627\u0644\u0623\u0644\u0648\u0641\u064a\u0631\u0627 \u0644\u062a\u0642\u0634\u064a\u0631 \u0627\u0644\u0628\u0634\u0631\u0629 \u0628\u0644\u0637\u0641 \u0648\u0625\u0632\u0627\u0644\u0629 \u0627\u0644\u062e\u0644\u0627\u064a\u0627 \u0627\u0644\u0645\u064a\u062a\u0629. \u064a\u0646\u0642\u064a \u0627\u0644\u0645\u0633\u0627\u0645\u0627\u062a \u0648\u064a\u062d\u0633\u0646 \u0645\u0644\u0645\u0633 \u0627\u0644\u0628\u0634\u0631\u0629 \u062f\u0648\u0646 \u062a\u062c\u0641\u064a\u0641\u0647\u0627. \u0627\u0644\u0645\u0643\u0648\u0646\u0627\u062a \u0648\u0627\u0644\u062e\u0635\u0627\u0626\u0635 \u0627\u0644\u0631\u0626\u064a\u0633\u064a\u0629 \u0645\u0633\u062a\u062e\u0644\u0635 \u0627\u0644\u0644\u064a\u0645\u0648\u0646 \u0627\u0644\u0637\u0628\u064a\u0639\u064a \u0627\u0644\u0623\u0644\u0648\u0641\u064a\u0631\u0627 \u0627\u0644\u0645\u0631\u0637\u0628\u0629 \u062d\u0628\u064a\u0628\u0627\u062a \u062a\u0642\u0634\u064a\u0631 \u062f\u0642\u064a\u0642\u0629 \u062a\u0631\u0643\u064a\u0628\u0629 \u062e\u0627\u0644\u064a\u0629 \u0645\u0646 \u0627\u0644\u0632\u064a\u0648\u062a \u0627\u0644\u0645\u064a\u0632\u0627\u062a \u0648\u0627\u0644\u0641\u0648\u0627\u0626\u062f \u0627\u0644\u0631\u0626\u064a\u0633\u064a\u0629 \u064a\u0642\u0634\u0631 \u0628\u0644\u0637\u0641 \u0648\u064a\u0632\u064a\u0644 \u0627\u0644\u0634\u0648\u0627\u0626\u0628 \u064a\u0646\u0642\u064a \u0627\u0644\u0645\u0633\u0627\u0645\u0627\u062a [&hellip;]<\/p>\n","protected":false},"featured_media":36333,"template":"","meta":[],"pwb-brand":[458],"product_brand":[],"product_cat":[1120],"product_tag":[673],"class_list":{"0":"post-36406","1":"product","2":"type-product","3":"status-publish","4":"has-post-thumbnail","6":"pwb-brand-neutrogena","7":"product_cat-face-exfo","8":"product_tag-pores","10":"first","11":"instock","12":"shipping-taxable","13":"purchasable","14":"product-type-variable","15":"has-default-attributes","16":"wvs-archive-product-wrapper"},"brands":[{"id":458,"name":"Neutrogena","slug":"neutrogena"}],"_links":{"self":[{"href":"https:\/\/gopinkish.com\/fr\/wp-json\/wp\/v2\/product\/36406","targetHints":{"allow":["GET"]}}],"collection":[{"href":"https:\/\/gopinkish.com\/fr\/wp-json\/wp\/v2\/product"}],"about":[{"href":"https:\/\/gopinkish.com\/fr\/wp-json\/wp\/v2\/types\/product"}],"wp:featuredmedia":[{"embeddable":true,"href":"https:\/\/gopinkish.com\/fr\/wp-json\/wp\/v2\/media\/36333"}],"wp:attachment":[{"href":"https:\/\/gopinkish.com\/fr\/wp-json\/wp\/v2\/media?parent=36406"}],"wp:term":[{"taxonomy":"pwb-brand","embeddable":true,"href":"https:\/\/gopinkish.com\/fr\/wp-json\/wp\/v2\/pwb-brand?post=36406"},{"taxonomy":"product_brand","embeddable":true,"href":"https:\/\/gopinkish.com\/fr\/wp-json\/wp\/v2\/product_brand?post=36406"},{"taxonomy":"product_cat","embeddable":true,"href":"https:\/\/gopinkish.com\/fr\/wp-json\/wp\/v2\/product_cat?post=36406"},{"taxonomy":"product_tag","embeddable":true,"href":"https:\/\/gopinkish.com\/fr\/wp-json\/wp\/v2\/product_tag?post=36406"}],"curies":[{"name":"wp","href":"https:\/\/api.w.org\/{rel}","templated":true}]}}