{"id":36404,"date":"2025-02-25T01:23:35","date_gmt":"2025-02-25T00:23:35","guid":{"rendered":"https:\/\/gopinkish.com\/?post_type=product&#038;p=36404"},"modified":"2026-04-26T12:09:21","modified_gmt":"2026-04-26T11:09:21","slug":"42182634","status":"publish","type":"product","link":"https:\/\/gopinkish.com\/fr\/produit\/42182634\/","title":{"rendered":"Gel protecteur Vaseline pour prot\u00e9ger et hydrater la peau"},"content":{"rendered":"<p style=\"text-align: justify;\">La gel\u00e9e protectrice Vaseline de Vaseline est un gel \u00e0 base de p\u00e9trole pur test\u00e9 cliniquement pour la protection de la peau. Elle retient l'humidit\u00e9 et pr\u00e9vient le dess\u00e8chement et les ger\u00e7ures. Id\u00e9al pour la peau s\u00e8che et les l\u00e8vres gerc\u00e9es. Formule s\u00fbre, test\u00e9e par des dermatologues.<\/p>\n<p><strong>Principaux ingr\u00e9dients et caract\u00e9ristiques<\/strong><\/p>\n<ul>\n<li>Gel de p\u00e9trole pur 100%<\/li>\n<li>Hypoallerg\u00e9nique<\/li>\n<li>Sans parfum<\/li>\n<li>Une couche protectrice qui emp\u00eache la perte d'humidit\u00e9<\/li>\n<\/ul>\n<p><strong>Principales caract\u00e9ristiques et avantages<\/strong><\/p>\n<ul>\n<li>Prot\u00e8ge contre le dess\u00e8chement et le craqu\u00e8lement<\/li>\n<li>Hydrate en profondeur<\/li>\n<li>Polyvalent<\/li>\n<li>Sans danger pour les peaux sensibles<\/li>\n<\/ul>\n<p style=\"text-align: center;\">\ud83c\uddec\ud83c\udde7 Vaseline - Protecteur cutan\u00e9 test\u00e9 dermatologiquement<\/p>\n<p style=\"text-align: center;\">\ud83c\uddeb\ud83c\uddf7 Vaseline - Gel\u00e9e protectrice test\u00e9e dermatologiquement<\/p>","protected":false},"excerpt":{"rendered":"<p>\u0645\u0646\u062a\u062c Vaseline Protecting Jelly \u0645\u0646 \u0641\u0627\u0632\u0644\u064a\u0646 \u0647\u0648 \u062c\u0644 \u0628\u062a\u0631\u0648\u0644\u064a \u0646\u0642\u064a \u0645\u062e\u062a\u0628\u0631 \u0637\u0628\u064a\u0627\u064b \u0644\u062d\u0645\u0627\u064a\u0629 \u0627\u0644\u0628\u0634\u0631\u0629. \u064a\u062d\u0628\u0633 \u0627\u0644\u0631\u0637\u0648\u0628\u0629 \u0648\u064a\u0645\u0646\u0639 \u0627\u0644\u062c\u0641\u0627\u0641 \u0648\u0627\u0644\u062a\u0634\u0642\u0642. \u0645\u062b\u0627\u0644\u064a \u0644\u0644\u0628\u0634\u0631\u0629 \u0627\u0644\u062c\u0627\u0641\u0629 \u0648\u0627\u0644\u0634\u0641\u0627\u0647 \u0627\u0644\u0645\u062a\u0634\u0642\u0642\u0629. \u062a\u0631\u0643\u064a\u0628\u0629 \u0622\u0645\u0646\u0629 \u0645\u062e\u062a\u0628\u0631\u0629 \u0645\u0646 \u0623\u0637\u0628\u0627\u0621 \u0627\u0644\u062c\u0644\u062f. \u0627\u0644\u0645\u0643\u0648\u0646\u0627\u062a \u0648\u0627\u0644\u062e\u0635\u0627\u0626\u0635 \u0627\u0644\u0631\u0626\u064a\u0633\u064a\u0629 \u062c\u0644 \u0628\u062a\u0631\u0648\u0644\u064a \u0646\u0642\u064a 100% \u0647\u064a\u0628\u0648\u0627\u0644\u0631\u062c\u064a\u0646\u064a\u0643 \u062e\u0627\u0644\u064a \u0645\u0646 \u0627\u0644\u0639\u0637\u0648\u0631 \u0637\u0628\u0642\u0629 \u0648\u0627\u0642\u064a\u0629 \u062a\u0645\u0646\u0639 \u0641\u0642\u062f\u0627\u0646 \u0627\u0644\u0631\u0637\u0648\u0628\u0629 \u0627\u0644\u0645\u064a\u0632\u0627\u062a \u0648\u0627\u0644\u0641\u0648\u0627\u0626\u062f \u0627\u0644\u0631\u0626\u064a\u0633\u064a\u0629 \u064a\u062d\u0645\u064a \u0645\u0646 \u0627\u0644\u062c\u0641\u0627\u0641 \u0648\u0627\u0644\u062a\u0634\u0642\u0642 \u064a\u0631\u0637\u0628 \u0628\u0639\u0645\u0642 [&hellip;]<\/p>\n","protected":false},"featured_media":36331,"template":"","meta":[],"pwb-brand":[460],"product_brand":[],"product_cat":[1137],"product_tag":[697],"class_list":{"0":"post-36404","1":"product","2":"type-product","3":"status-publish","4":"has-post-thumbnail","6":"pwb-brand-vaseline","7":"product_cat-body-moist","8":"product_tag-moisturizing","10":"first","11":"outofstock","12":"shipping-taxable","13":"product-type-variable","14":"has-default-attributes","15":"wvs-archive-product-wrapper"},"brands":[{"id":460,"name":"Vaseline","slug":"vaseline"}],"_links":{"self":[{"href":"https:\/\/gopinkish.com\/fr\/wp-json\/wp\/v2\/product\/36404","targetHints":{"allow":["GET"]}}],"collection":[{"href":"https:\/\/gopinkish.com\/fr\/wp-json\/wp\/v2\/product"}],"about":[{"href":"https:\/\/gopinkish.com\/fr\/wp-json\/wp\/v2\/types\/product"}],"wp:featuredmedia":[{"embeddable":true,"href":"https:\/\/gopinkish.com\/fr\/wp-json\/wp\/v2\/media\/36331"}],"wp:attachment":[{"href":"https:\/\/gopinkish.com\/fr\/wp-json\/wp\/v2\/media?parent=36404"}],"wp:term":[{"taxonomy":"pwb-brand","embeddable":true,"href":"https:\/\/gopinkish.com\/fr\/wp-json\/wp\/v2\/pwb-brand?post=36404"},{"taxonomy":"product_brand","embeddable":true,"href":"https:\/\/gopinkish.com\/fr\/wp-json\/wp\/v2\/product_brand?post=36404"},{"taxonomy":"product_cat","embeddable":true,"href":"https:\/\/gopinkish.com\/fr\/wp-json\/wp\/v2\/product_cat?post=36404"},{"taxonomy":"product_tag","embeddable":true,"href":"https:\/\/gopinkish.com\/fr\/wp-json\/wp\/v2\/product_tag?post=36404"}],"curies":[{"name":"wp","href":"https:\/\/api.w.org\/{rel}","templated":true}]}}