{"id":36249,"date":"2025-02-20T01:39:53","date_gmt":"2025-02-20T00:39:53","guid":{"rendered":"https:\/\/gopinkish.com\/?post_type=product&#038;p=36249"},"modified":"2026-02-20T01:41:09","modified_gmt":"2026-02-20T00:41:09","slug":"4015100813753","status":"publish","type":"product","link":"https:\/\/gopinkish.com\/fr\/produit\/4015100813753\/","title":{"rendered":"Beurre capillaire nourrissant pour r\u00e9parer et fortifier les cheveux ab\u00eem\u00e9s"},"content":{"rendered":"<p style=\"text-align:justify\">Gliss 4-in-1 Nourishment Bond-Building Hair Butter de Schwarzkopf est un traitement intensif multi-usages con\u00e7u pour les cheveux ab\u00eem\u00e9s, secs et pailleux. Sa formule avanc\u00e9e associe le syst\u00e8me de renforcement des liens HAPTIQ \u00e0 l'huile de marula pour renforcer la structure du cheveu de l'int\u00e9rieur et r\u00e9duire de mani\u00e8re significative les cassures. Il peut \u00eatre utilis\u00e9 de quatre fa\u00e7ons diff\u00e9rentes pour une flexibilit\u00e9 totale dans votre routine de soins capillaires.<\/p>\n<p><strong>Principaux ingr\u00e9dients et caract\u00e9ristiques<\/strong><\/p>\n<ul>\n<li>Syst\u00e8me HAPTIQ : Technologie d'adh\u00e9sion qui renforce la structure interne du cheveu et minimise les cassures.<\/li>\n<li>Huile de marula : Une huile africaine riche en acides gras qui nourrit les cheveux en profondeur et leur donne de la brillance.<\/li>\n<li>Beurre de karit\u00e9 : Hydratation intense qui adoucit les cheveux r\u00eaches et secs.<\/li>\n<li>Huile de noyau d'abricot : Nourrit et revitalise les cheveux<\/li>\n<li>Acide lactique : r\u00e9tablit l'\u00e9quilibre naturel du cuir chevelu<\/li>\n<\/ul>\n<p><strong>Principales caract\u00e9ristiques et avantages<\/strong><\/p>\n<ul>\n<li>4 fa\u00e7ons de l'utiliser : Avant le shampooing, comme apr\u00e8s-shampooing, comme masque ou comme traitement sans rin\u00e7age.<\/li>\n<li>100% des cheveux plus forts avec une r\u00e9duction significative de la casse<\/li>\n<li>La nutrition intense redonne vitalit\u00e9 et brillance aux cheveux ab\u00eem\u00e9s.<\/li>\n<li>Sans parab\u00e8ne et certifi\u00e9 PETA<\/li>\n<li>Contient 97% ingr\u00e9dients d'origine naturelle<\/li>\n<\/ul>\n<p style=\"text-align:center\">\ud83c\uddec\ud83c\udde7 Schwarzkopf Gliss - 4-in-1 Bond Repair pour des cheveux plus forts<\/p>\n<p style=\"text-align:center\">\ud83c\uddeb\ud83c\uddf7 Schwarzkopf Gliss - R\u00e9paration 4-en-1 pour des Cheveux Plus Forts<\/p>","protected":false},"excerpt":{"rendered":"<p>\u0645\u0646\u062a\u062c Gliss 4-in-1 Nourishment Bond-Building Hair Butter \u0645\u0646 Schwarzkopf \u0647\u0648 \u0639\u0644\u0627\u062c \u0645\u0643\u062b\u0641 \u0645\u062a\u0639\u062f\u062f \u0627\u0644\u0627\u0633\u062a\u062e\u062f\u0627\u0645\u0627\u062a \u0645\u0635\u0645\u0645 \u0644\u0644\u0634\u0639\u0631 \u0627\u0644\u062a\u0627\u0644\u0641 \u0648\u0627\u0644\u062c\u0627\u0641 \u0627\u0644\u0630\u064a \u064a\u064f\u0634\u0628\u0647 \u0627\u0644\u0642\u0634. \u062a\u062c\u0645\u0639 \u062a\u0631\u0643\u064a\u0628\u062a\u0647 \u0627\u0644\u0645\u062a\u0637\u0648\u0631\u0629 \u0628\u064a\u0646 \u0646\u0638\u0627\u0645 HAPTIQ \u0644\u0628\u0646\u0627\u0621 \u0627\u0644\u0631\u0648\u0627\u0628\u0637 \u0648\u0632\u064a\u062a \u0627\u0644\u0645\u0627\u0631\u0648\u0644\u0627 \u0644\u062a\u0642\u0648\u064a\u0629 \u0628\u0646\u064a\u0629 \u0627\u0644\u0634\u0639\u0631 \u0645\u0646 \u0627\u0644\u062f\u0627\u062e\u0644 \u0648\u062a\u0642\u0644\u064a\u0644 \u0627\u0644\u062a\u0643\u0633\u0631 \u0628\u0634\u0643\u0644 \u0645\u0644\u062d\u0648\u0638. \u064a\u0645\u0643\u0646 \u0627\u0633\u062a\u062e\u062f\u0627\u0645\u0647 \u0628\u0623\u0631\u0628\u0639 \u0637\u0631\u0642 \u0645\u062e\u062a\u0644\u0641\u0629 \u0644\u0645\u0631\u0648\u0646\u0629 \u0643\u0627\u0645\u0644\u0629 \u0641\u064a \u0631\u0648\u062a\u064a\u0646 \u0627\u0644\u0639\u0646\u0627\u064a\u0629 \u0628\u0627\u0644\u0634\u0639\u0631. \u0627\u0644\u0645\u0643\u0648\u0646\u0627\u062a \u0648\u0627\u0644\u062e\u0635\u0627\u0626\u0635 \u0627\u0644\u0631\u0626\u064a\u0633\u064a\u0629 \u0646\u0638\u0627\u0645 [&hellip;]<\/p>\n","protected":false},"featured_media":36231,"template":"","meta":[],"pwb-brand":[732],"product_brand":[],"product_cat":[1229,1151],"product_tag":[1061,750,1035],"class_list":{"0":"post-36249","1":"product","2":"type-product","3":"status-publish","4":"has-post-thumbnail","6":"pwb-brand-schwarzkopf","7":"product_cat-hair-treatment","8":"product_cat-hair-mask","9":"product_tag-1061","10":"product_tag-750","11":"product_tag-1035","13":"first","14":"instock","15":"shipping-taxable","16":"purchasable","17":"product-type-variable","18":"has-default-attributes","19":"wvs-archive-product-wrapper"},"brands":[{"id":732,"name":"Schwarzkopf","slug":"schwarzkopf"}],"_links":{"self":[{"href":"https:\/\/gopinkish.com\/fr\/wp-json\/wp\/v2\/product\/36249","targetHints":{"allow":["GET"]}}],"collection":[{"href":"https:\/\/gopinkish.com\/fr\/wp-json\/wp\/v2\/product"}],"about":[{"href":"https:\/\/gopinkish.com\/fr\/wp-json\/wp\/v2\/types\/product"}],"wp:featuredmedia":[{"embeddable":true,"href":"https:\/\/gopinkish.com\/fr\/wp-json\/wp\/v2\/media\/36231"}],"wp:attachment":[{"href":"https:\/\/gopinkish.com\/fr\/wp-json\/wp\/v2\/media?parent=36249"}],"wp:term":[{"taxonomy":"pwb-brand","embeddable":true,"href":"https:\/\/gopinkish.com\/fr\/wp-json\/wp\/v2\/pwb-brand?post=36249"},{"taxonomy":"product_brand","embeddable":true,"href":"https:\/\/gopinkish.com\/fr\/wp-json\/wp\/v2\/product_brand?post=36249"},{"taxonomy":"product_cat","embeddable":true,"href":"https:\/\/gopinkish.com\/fr\/wp-json\/wp\/v2\/product_cat?post=36249"},{"taxonomy":"product_tag","embeddable":true,"href":"https:\/\/gopinkish.com\/fr\/wp-json\/wp\/v2\/product_tag?post=36249"}],"curies":[{"name":"wp","href":"https:\/\/api.w.org\/{rel}","templated":true}]}}