{"id":36245,"date":"2025-02-20T01:39:52","date_gmt":"2025-02-20T00:39:52","guid":{"rendered":"https:\/\/gopinkish.com\/?post_type=product&#038;p=36245"},"modified":"2026-04-06T16:38:48","modified_gmt":"2026-04-06T15:38:48","slug":"8901030834639","status":"publish","type":"product","link":"https:\/\/gopinkish.com\/fr\/produit\/8901030834639\/","title":{"rendered":"Spray corporel double protection 72 heures - diff\u00e9rents types"},"content":{"rendered":"<p style=\"text-align: justify;\">Le d\u00e9odorant pour le corps AXE Signature 72H Dual Action est un luxueux parfum pour le corps \u00e0 triple concentration de fragrance et dot\u00e9 d'une technologie \u00e0 double action qui offre une protection contre les odeurs pendant 72 heures. Con\u00e7u par les parfumeurs les plus renomm\u00e9s au monde, il laisse une impression inoubliable en toute occasion. Disponible en trois parfums distinctifs : Champion avec son parfum frais et sportif, Intense avec son parfum bois\u00e9 fort aux accents de vanille, et Mysterious avec son parfum aquatique \u00e9l\u00e9gant aux notes musqu\u00e9es.<\/p>\n<p><strong>Principaux ingr\u00e9dients et caract\u00e9ristiques<\/strong><\/p>\n<ul>\n<li>Technologie double action : Double protection anti-odeurs pendant 72 heures<\/li>\n<li>Triple concentration de parfum (3X) : Parfum plus fort et plus durable que les vaporisateurs ordinaires.<\/li>\n<li>Formul\u00e9 avec le gaz 0% : Une pulv\u00e9risation \u00e9conomique et respectueuse de l'environnement<\/li>\n<li>Formule avanc\u00e9e \u00e0 base de zinc : Protection renforc\u00e9e contre les odeurs<\/li>\n<li>Sans colorant, sans parab\u00e8ne et sans danger pour la peau<\/li>\n<\/ul>\n<p><strong>Principales caract\u00e9ristiques et avantages<\/strong><\/p>\n<ul>\n<li>Une protection exceptionnelle contre les odeurs qui dure jusqu'\u00e0 72 heures<\/li>\n<li>Des parfums de luxe con\u00e7us par les meilleurs parfumeurs du monde<\/li>\n<li>Convient pour un usage quotidien au travail et lors d'\u00e9v\u00e9nements<\/li>\n<li>Vaporisateur \u00e9conomique et durable sans gaz<\/li>\n<li>Appliquer sur les points de pulsation pour am\u00e9liorer la diffusion et la persistance du parfum.<\/li>\n<\/ul>\n<p style=\"text-align: center;\">\ud83c\uddec\ud83c\udde7 AXE Signature - Un parfum pour le corps de premi\u00e8re qualit\u00e9 qui dure<\/p>\n<p style=\"text-align: center;\">\ud83c\uddeb\ud83c\uddf7 AXE Signature - Parfum Corporel Premium Longue Dur\u00e9e<\/p>","protected":false},"excerpt":{"rendered":"<p>\u0645\u0646\u062a\u062c Signature Body Deodorant 72H Dual Action \u0645\u0646 AXE \u0647\u0648 \u0639\u0637\u0631 \u062c\u0633\u0645 \u0641\u0627\u062e\u0631 \u0628\u062a\u0631\u0643\u064a\u0632 \u062b\u0644\u0627\u062b\u064a \u0645\u0646 \u0627\u0644\u0639\u0637\u0631 \u0648\u062a\u0642\u0646\u064a\u0629 \u0627\u0644\u0641\u0639\u0644 \u0627\u0644\u0645\u0632\u062f\u0648\u062c \u0627\u0644\u062a\u064a \u062a\u0648\u0641\u0631 \u062d\u0645\u0627\u064a\u0629 \u0645\u0646 \u0627\u0644\u0631\u0648\u0627\u0626\u062d \u062a\u062f\u0648\u0645 72 \u0633\u0627\u0639\u0629. \u0635\u064f\u0645\u0645 \u0628\u0648\u0627\u0633\u0637\u0629 \u0623\u0634\u0647\u0631 \u0635\u0627\u0646\u0639\u064a \u0627\u0644\u0639\u0637\u0648\u0631 \u0641\u064a \u0627\u0644\u0639\u0627\u0644\u0645 \u0644\u064a\u0645\u0646\u062d\u0643 \u0627\u0646\u0637\u0628\u0627\u0639\u0627\u064b \u0644\u0627 \u064a\u064f\u0646\u0633\u0649 \u0641\u064a \u0643\u0644 \u0645\u0646\u0627\u0633\u0628\u0629. \u064a\u062a\u0648\u0641\u0631 \u0628\u062b\u0644\u0627\u062b\u0629 \u0639\u0637\u0648\u0631 \u0645\u0645\u064a\u0632\u0629: \u062a\u0634\u0627\u0645\u0628\u064a\u0648\u0646 \u0628\u0639\u0637\u0631\u0647 \u0627\u0644\u0631\u064a\u0627\u0636\u064a \u0627\u0644\u0645\u0646\u0639\u0634\u060c \u0648\u0625\u0646\u062a\u0646\u0633 \u0628\u0639\u0637\u0631\u0647 \u0627\u0644\u062e\u0634\u0628\u064a \u0627\u0644\u0642\u0648\u064a \u0645\u0639 [&hellip;]<\/p>\n","protected":false},"featured_media":36218,"template":"","meta":[],"pwb-brand":[],"product_brand":[],"product_cat":[1228],"product_tag":[1459],"class_list":{"0":"post-36245","1":"product","2":"type-product","3":"status-publish","4":"has-post-thumbnail","6":"product_cat-deodorants","7":"product_tag-1459","9":"first","10":"instock","11":"shipping-taxable","12":"purchasable","13":"product-type-variable","14":"has-default-attributes","15":"wvs-archive-product-wrapper"},"brands":[],"_links":{"self":[{"href":"https:\/\/gopinkish.com\/fr\/wp-json\/wp\/v2\/product\/36245","targetHints":{"allow":["GET"]}}],"collection":[{"href":"https:\/\/gopinkish.com\/fr\/wp-json\/wp\/v2\/product"}],"about":[{"href":"https:\/\/gopinkish.com\/fr\/wp-json\/wp\/v2\/types\/product"}],"wp:featuredmedia":[{"embeddable":true,"href":"https:\/\/gopinkish.com\/fr\/wp-json\/wp\/v2\/media\/36218"}],"wp:attachment":[{"href":"https:\/\/gopinkish.com\/fr\/wp-json\/wp\/v2\/media?parent=36245"}],"wp:term":[{"taxonomy":"pwb-brand","embeddable":true,"href":"https:\/\/gopinkish.com\/fr\/wp-json\/wp\/v2\/pwb-brand?post=36245"},{"taxonomy":"product_brand","embeddable":true,"href":"https:\/\/gopinkish.com\/fr\/wp-json\/wp\/v2\/product_brand?post=36245"},{"taxonomy":"product_cat","embeddable":true,"href":"https:\/\/gopinkish.com\/fr\/wp-json\/wp\/v2\/product_cat?post=36245"},{"taxonomy":"product_tag","embeddable":true,"href":"https:\/\/gopinkish.com\/fr\/wp-json\/wp\/v2\/product_tag?post=36245"}],"curies":[{"name":"wp","href":"https:\/\/api.w.org\/{rel}","templated":true}]}}