{"id":36243,"date":"2025-02-20T01:39:51","date_gmt":"2025-02-20T00:39:51","guid":{"rendered":"https:\/\/gopinkish.com\/?post_type=product&#038;p=36243"},"modified":"2026-03-16T12:02:42","modified_gmt":"2026-03-16T11:02:42","slug":"4005900446428","status":"publish","type":"product","link":"https:\/\/gopinkish.com\/fr\/produit\/4005900446428\/","title":{"rendered":"Masque purifiant et d\u00e9toxifiant en une minute"},"content":{"rendered":"<p style=\"text-align:justify\">Le masque purifiant 1 Minute Skin Detox de Nivea est un masque purifiant auto-chauffant qui purifie et d\u00e9sintoxique la peau en profondeur en seulement une minute. Sa formule unique associe de l'extrait de magnolia, de l'argile blanche et des particules exfoliantes douces pour nettoyer les pores en profondeur et am\u00e9liorer la texture de la peau. Convient \u00e0 tous les types de peau et a \u00e9t\u00e9 test\u00e9 sous contr\u00f4le dermatologique.<\/p>\n<p><strong>Principaux ingr\u00e9dients et caract\u00e9ristiques<\/strong><\/p>\n<ul>\n<li>Extrait de magnolia : Un ingr\u00e9dient naturel qui prot\u00e8ge la peau de la pollution environnementale.<\/li>\n<li>Argile blanche (kaolin) : Absorbe l'exc\u00e8s de s\u00e9bum et purifie les pores en profondeur.<\/li>\n<li>Particules exfoliantes douces : \u00c9limine les cellules mortes et lisse la surface de la peau.<\/li>\n<li>Technologie d'auto-chauffage : D\u00e9sobstrue les pores et am\u00e9liore l'efficacit\u00e9 du nettoyage en profondeur<\/li>\n<\/ul>\n<p><strong>Principales caract\u00e9ristiques et avantages<\/strong><\/p>\n<ul>\n<li>Nettoyage et d\u00e9sintoxication en profondeur en une minute<\/li>\n<li>R\u00e9duit l'apparence des pores dilat\u00e9s et am\u00e9liore la texture de la peau<\/li>\n<li>Technologie d'auto-chauffage pour une exp\u00e9rience utilisateur unique<\/li>\n<li>Convient \u00e0 tous les types de peau<\/li>\n<li>Purifie la peau de la pollution et des impuret\u00e9s quotidiennes<\/li>\n<\/ul>\n<p style=\"text-align:center\">\ud83c\uddec\ud83c\udde7 Nivea - 1 Minute Purifying Detox Mask for Clear Skin (Masque d\u00e9toxifiant purifiant pour une peau nette)<\/p>\n<p style=\"text-align:center\">\ud83c\uddeb\ud83c\uddf7 Nivea - Masque D\u00e9tox Purifiant 1 Minute pour une Peau Nette<\/p>","protected":false},"excerpt":{"rendered":"<p>\u0645\u0646\u062a\u062c Masque 1 Minute Skin Detox Purifiant \u0645\u0646 Nivea \u0647\u0648 \u0642\u0646\u0627\u0639 \u0645\u0646\u0642\u064d\u0651 \u0630\u0627\u062a\u064a \u0627\u0644\u062a\u0633\u062e\u064a\u0646 \u064a\u0639\u0645\u0644 \u0639\u0644\u0649 \u062a\u0646\u0642\u064a\u0629 \u0627\u0644\u0628\u0634\u0631\u0629 \u0628\u0639\u0645\u0642 \u0648\u0625\u0632\u0627\u0644\u0629 \u0627\u0644\u0633\u0645\u0648\u0645 \u062e\u0644\u0627\u0644 \u062f\u0642\u064a\u0642\u0629 \u0648\u0627\u062d\u062f\u0629 \u0641\u0642\u0637. \u062a\u062c\u0645\u0639 \u062a\u0631\u0643\u064a\u0628\u062a\u0647 \u0627\u0644\u0641\u0631\u064a\u062f\u0629 \u0628\u064a\u0646 \u062e\u0644\u0627\u0635\u0629 \u0627\u0644\u0645\u0627\u063a\u0646\u0648\u0644\u064a\u0627 \u0648\u0627\u0644\u0637\u064a\u0646 \u0627\u0644\u0623\u0628\u064a\u0636 \u0648\u062c\u0632\u064a\u0626\u0627\u062a \u0627\u0644\u062a\u0642\u0634\u064a\u0631 \u0627\u0644\u0646\u0627\u0639\u0645\u0629 \u0644\u062a\u0646\u0638\u064a\u0641 \u0627\u0644\u0645\u0633\u0627\u0645 \u0628\u0639\u0645\u0642 \u0648\u062a\u062d\u0633\u064a\u0646 \u0645\u0644\u0645\u0633 \u0627\u0644\u0628\u0634\u0631\u0629. \u0645\u0646\u0627\u0633\u0628 \u0644\u062c\u0645\u064a\u0639 \u0623\u0646\u0648\u0627\u0639 \u0627\u0644\u0628\u0634\u0631\u0629 \u0648\u0645\u062e\u062a\u0628\u0631 \u062a\u062d\u062a \u0625\u0634\u0631\u0627\u0641 \u0623\u0637\u0628\u0627\u0621 \u0627\u0644\u062c\u0644\u062f. \u0627\u0644\u0645\u0643\u0648\u0646\u0627\u062a \u0648\u0627\u0644\u062e\u0635\u0627\u0626\u0635 \u0627\u0644\u0631\u0626\u064a\u0633\u064a\u0629 \u062e\u0644\u0627\u0635\u0629 [&hellip;]<\/p>\n","protected":false},"featured_media":36214,"template":"","meta":[],"pwb-brand":[236],"product_brand":[],"product_cat":[1120,1124],"product_tag":[699],"class_list":{"0":"post-36243","1":"product","2":"type-product","3":"status-publish","4":"has-post-thumbnail","6":"pwb-brand-nivea","7":"product_cat-face-exfo","8":"product_cat-face-mask","9":"product_tag-exfoliator","11":"first","12":"outofstock","13":"shipping-taxable","14":"product-type-variable","15":"has-default-attributes","16":"wvs-archive-product-wrapper"},"brands":[{"id":236,"name":"Nivea","slug":"nivea"}],"_links":{"self":[{"href":"https:\/\/gopinkish.com\/fr\/wp-json\/wp\/v2\/product\/36243","targetHints":{"allow":["GET"]}}],"collection":[{"href":"https:\/\/gopinkish.com\/fr\/wp-json\/wp\/v2\/product"}],"about":[{"href":"https:\/\/gopinkish.com\/fr\/wp-json\/wp\/v2\/types\/product"}],"wp:featuredmedia":[{"embeddable":true,"href":"https:\/\/gopinkish.com\/fr\/wp-json\/wp\/v2\/media\/36214"}],"wp:attachment":[{"href":"https:\/\/gopinkish.com\/fr\/wp-json\/wp\/v2\/media?parent=36243"}],"wp:term":[{"taxonomy":"pwb-brand","embeddable":true,"href":"https:\/\/gopinkish.com\/fr\/wp-json\/wp\/v2\/pwb-brand?post=36243"},{"taxonomy":"product_brand","embeddable":true,"href":"https:\/\/gopinkish.com\/fr\/wp-json\/wp\/v2\/product_brand?post=36243"},{"taxonomy":"product_cat","embeddable":true,"href":"https:\/\/gopinkish.com\/fr\/wp-json\/wp\/v2\/product_cat?post=36243"},{"taxonomy":"product_tag","embeddable":true,"href":"https:\/\/gopinkish.com\/fr\/wp-json\/wp\/v2\/product_tag?post=36243"}],"curies":[{"name":"wp","href":"https:\/\/api.w.org\/{rel}","templated":true}]}}