{"id":36241,"date":"2025-02-20T01:39:51","date_gmt":"2025-02-20T00:39:51","guid":{"rendered":"https:\/\/gopinkish.com\/?post_type=product&#038;p=36241"},"modified":"2026-03-28T19:09:28","modified_gmt":"2026-03-28T18:09:28","slug":"4005900519825","status":"publish","type":"product","link":"https:\/\/gopinkish.com\/fr\/produit\/4005900519825\/","title":{"rendered":"Masque au th\u00e9 vert intens\u00e9ment hydratant en une minute"},"content":{"rendered":"<p style=\"text-align: justify;\">1 Minute Skin Detox Hydrate Masque de Nivea est un masque hydratant intensif qui d\u00e9toxifie et hydrate la peau en profondeur en seulement une minute. Sa formule avanc\u00e9e associe l'extrait de th\u00e9 vert et l'acide hyaluronique pour offrir jusqu'\u00e0 72 heures d'hydratation intense avec un \u00e9clat naturel. Convient \u00e0 tous les types de peau et a \u00e9t\u00e9 test\u00e9 sous contr\u00f4le dermatologique.<\/p>\n<p><strong>Principaux ingr\u00e9dients et caract\u00e9ristiques<\/strong><\/p>\n<ul>\n<li>Extrait de th\u00e9 vert : Un antioxydant puissant qui prot\u00e8ge la peau des agressions environnementales.<\/li>\n<li>Acide hyaluronique : Attire et retient l'humidit\u00e9 pour une hydratation profonde et durable.<\/li>\n<li>Beurre de karit\u00e9 : Nourrit la peau, la rend douce et souple.<\/li>\n<li>Panth\u00e9nol (provitamine B5) : Apaise la peau et favorise le processus naturel de r\u00e9g\u00e9n\u00e9ration.<\/li>\n<li>Une formule cr\u00e9meuse luxueuse d'un bleu clair distinctif.<\/li>\n<\/ul>\n<p><strong>Principales caract\u00e9ristiques et avantages<\/strong><\/p>\n<ul>\n<li>Une hydratation intense qui dure jusqu'\u00e0 72 heures en une minute<\/li>\n<li>D\u00e9toxifie la peau de la pollution environnementale<\/li>\n<li>Donne \u00e0 la peau un \u00e9clat et une luminosit\u00e9 naturels<\/li>\n<li>Convient \u00e0 tous les types de peau<\/li>\n<li>Facile \u00e0 int\u00e9grer dans votre routine quotidienne de soins de la peau<\/li>\n<\/ul>\n<p style=\"text-align: center;\">\ud83c\uddec\ud83c\udde7 Nivea - Masque d\u00e9toxifiant en 1 minute pour une peau hydrat\u00e9e en profondeur<\/p>\n<p style=\"text-align: center;\">\ud83c\uddeb\ud83c\uddf7 Nivea - Masque D\u00e9tox 1 Minute pour une Peau Intens\u00e9ment Hydrat\u00e9e<\/p>","protected":false},"excerpt":{"rendered":"<p>\u0645\u0646\u062a\u062c Masque 1 Minute Skin Detox Hydrate \u0645\u0646 Nivea \u0647\u0648 \u0642\u0646\u0627\u0639 \u0645\u0631\u0637\u0628 \u0645\u0643\u062b\u0641 \u064a\u0639\u0645\u0644 \u0639\u0644\u0649 \u0625\u0632\u0627\u0644\u0629 \u0633\u0645\u0648\u0645 \u0627\u0644\u0628\u0634\u0631\u0629 \u0648\u062a\u0631\u0637\u064a\u0628\u0647\u0627 \u0628\u0639\u0645\u0642 \u062e\u0644\u0627\u0644 \u062f\u0642\u064a\u0642\u0629 \u0648\u0627\u062d\u062f\u0629 \u0641\u0642\u0637. \u062a\u062c\u0645\u0639 \u062a\u0631\u0643\u064a\u0628\u062a\u0647 \u0627\u0644\u0645\u062a\u0637\u0648\u0631\u0629 \u0628\u064a\u0646 \u062e\u0644\u0627\u0635\u0629 \u0627\u0644\u0634\u0627\u064a \u0627\u0644\u0623\u062e\u0636\u0631 \u0648\u062d\u0645\u0636 \u0627\u0644\u0647\u064a\u0627\u0644\u0648\u0631\u0648\u0646\u064a\u0643 \u0644\u062a\u0648\u0641\u064a\u0631 \u062a\u0631\u0637\u064a\u0628 \u0645\u0643\u062b\u0641 \u064a\u062f\u0648\u0645 \u062d\u062a\u0649 72 \u0633\u0627\u0639\u0629 \u0645\u0639 \u0645\u0646\u062d \u0627\u0644\u0628\u0634\u0631\u0629 \u0625\u0634\u0631\u0627\u0642\u0629 \u0637\u0628\u064a\u0639\u064a\u0629. \u0645\u0646\u0627\u0633\u0628 \u0644\u062c\u0645\u064a\u0639 \u0623\u0646\u0648\u0627\u0639 \u0627\u0644\u0628\u0634\u0631\u0629 \u0648\u0645\u062e\u062a\u0628\u0631 \u062a\u062d\u062a \u0625\u0634\u0631\u0627\u0641 \u0623\u0637\u0628\u0627\u0621 \u0627\u0644\u062c\u0644\u062f. \u0627\u0644\u0645\u0643\u0648\u0646\u0627\u062a [&hellip;]<\/p>\n","protected":false},"featured_media":36211,"template":"","meta":[],"pwb-brand":[236],"product_brand":[],"product_cat":[1124],"product_tag":[697,699],"class_list":{"0":"post-36241","1":"product","2":"type-product","3":"status-publish","4":"has-post-thumbnail","6":"pwb-brand-nivea","7":"product_cat-face-mask","8":"product_tag-moisturizing","9":"product_tag-exfoliator","11":"first","12":"outofstock","13":"shipping-taxable","14":"product-type-variable","15":"has-default-attributes","16":"wvs-archive-product-wrapper"},"brands":[{"id":236,"name":"Nivea","slug":"nivea"}],"_links":{"self":[{"href":"https:\/\/gopinkish.com\/fr\/wp-json\/wp\/v2\/product\/36241","targetHints":{"allow":["GET"]}}],"collection":[{"href":"https:\/\/gopinkish.com\/fr\/wp-json\/wp\/v2\/product"}],"about":[{"href":"https:\/\/gopinkish.com\/fr\/wp-json\/wp\/v2\/types\/product"}],"wp:featuredmedia":[{"embeddable":true,"href":"https:\/\/gopinkish.com\/fr\/wp-json\/wp\/v2\/media\/36211"}],"wp:attachment":[{"href":"https:\/\/gopinkish.com\/fr\/wp-json\/wp\/v2\/media?parent=36241"}],"wp:term":[{"taxonomy":"pwb-brand","embeddable":true,"href":"https:\/\/gopinkish.com\/fr\/wp-json\/wp\/v2\/pwb-brand?post=36241"},{"taxonomy":"product_brand","embeddable":true,"href":"https:\/\/gopinkish.com\/fr\/wp-json\/wp\/v2\/product_brand?post=36241"},{"taxonomy":"product_cat","embeddable":true,"href":"https:\/\/gopinkish.com\/fr\/wp-json\/wp\/v2\/product_cat?post=36241"},{"taxonomy":"product_tag","embeddable":true,"href":"https:\/\/gopinkish.com\/fr\/wp-json\/wp\/v2\/product_tag?post=36241"}],"curies":[{"name":"wp","href":"https:\/\/api.w.org\/{rel}","templated":true}]}}