{"id":36239,"date":"2025-02-20T01:39:50","date_gmt":"2025-02-20T00:39:50","guid":{"rendered":"https:\/\/gopinkish.com\/?post_type=product&#038;p=36239"},"modified":"2026-02-20T01:44:41","modified_gmt":"2026-02-20T00:44:41","slug":"3574661365305","status":"publish","type":"product","link":"https:\/\/gopinkish.com\/fr\/produit\/3574661365305\/","title":{"rendered":"Lait nourrissant en profondeur pour peaux tr\u00e8s s\u00e8ches"},"content":{"rendered":"<p style=\"text-align:justify\">Le Lait Soin Hydratant Nutrition du Petit Marseillais est un lait nourrissant et hydratant pour les peaux tr\u00e8s s\u00e8ches. Sa formule unique associe trois puissants ingr\u00e9dients naturels - beurre de karit\u00e9, huile d'amande douce et huile d'argan - pour nourrir en profondeur et hydrater pendant 24 heures. Sa texture onctueuse p\u00e9n\u00e8tre rapidement sans laisser de r\u00e9sidu collant et son parfum d\u00e9licieux procure une sensation de bien-\u00eatre \u00e0 chaque application.<\/p>\n<p><strong>Principaux ingr\u00e9dients et caract\u00e9ristiques<\/strong><\/p>\n<ul>\n<li>Beurre de karit\u00e9 : Un ingr\u00e9dient riche en vitamines qui nourrit la peau en profondeur et la prot\u00e8ge du dess\u00e8chement.<\/li>\n<li>Amandes douces : Une huile v\u00e9g\u00e9tale riche en nutriments qui adoucit et apaise la peau.<\/li>\n<li>L'huile d'argan : L'or liquide marocain connu pour ses propri\u00e9t\u00e9s hydratantes et rajeunissantes.<\/li>\n<li>Formule test\u00e9e par des dermatologues<\/li>\n<li>Texture lisse et non collante qui p\u00e9n\u00e8tre rapidement<\/li>\n<\/ul>\n<p><strong>Principales caract\u00e9ristiques et avantages<\/strong><\/p>\n<ul>\n<li>Nourriture intensive et profonde pour les peaux extr\u00eamement s\u00e8ches<\/li>\n<li>Hydratation 24 heures sur 24 pour un confort durable<\/li>\n<li>Restaure la douceur et l'\u00e9lasticit\u00e9 naturelles de la peau<\/li>\n<li>P\u00e9n\u00e8tre rapidement sans laisser de film gras<\/li>\n<li>Un parfum d\u00e9licieux et naturel qui rend heureux<\/li>\n<\/ul>\n<p style=\"text-align:center\">\ud83c\uddec\ud83c\udde7 Le Petit Marseillais - Nutrition profonde pour une peau hydrat\u00e9e en 24h<\/p>\n<p style=\"text-align:center\">\ud83c\uddeb\ud83c\uddf7 Le Petit Marseillais - Nutrition Intense 24h de Confort<\/p>","protected":false},"excerpt":{"rendered":"<p>\u0645\u0646\u062a\u062c Lait Soin Hydratant Nutrition \u0645\u0646 Le Petit Marseillais \u0647\u0648 \u062d\u0644\u064a\u0628 \u0645\u063a\u0630\u064d\u0651 \u0648\u0645\u0631\u0637\u0628 \u0645\u062e\u0635\u0635 \u0644\u0644\u0628\u0634\u0631\u0629 \u0634\u062f\u064a\u062f\u0629 \u0627\u0644\u062c\u0641\u0627\u0641. \u062a\u062c\u0645\u0639 \u062a\u0631\u0643\u064a\u0628\u062a\u0647 \u0627\u0644\u0641\u0631\u064a\u062f\u0629 \u0628\u064a\u0646 \u062b\u0644\u0627\u062b\u0629 \u0645\u0643\u0648\u0646\u0627\u062a \u0637\u0628\u064a\u0639\u064a\u0629 \u0641\u0639\u0651\u0627\u0644\u0629 \u0648\u0647\u064a \u0632\u0628\u062f\u0629 \u0627\u0644\u0634\u064a\u0627 \u0648\u0627\u0644\u0644\u0648\u0632 \u0627\u0644\u062d\u0644\u0648 \u0648\u0632\u064a\u062a \u0627\u0644\u0623\u0631\u063a\u0627\u0646 \u0644\u062a\u0648\u0641\u064a\u0631 \u062a\u063a\u0630\u064a\u0629 \u0639\u0645\u064a\u0642\u0629 \u0648\u062a\u0631\u0637\u064a\u0628 \u064a\u062f\u0648\u0645 24 \u0633\u0627\u0639\u0629. \u064a\u062a\u0645\u064a\u0632 \u0628\u0642\u0648\u0627\u0645\u0647 \u0627\u0644\u0646\u0627\u0639\u0645 \u0627\u0644\u0630\u064a \u064a\u062a\u063a\u0644\u063a\u0644 \u0628\u0633\u0631\u0639\u0629 \u062f\u0648\u0646 \u062a\u0631\u0643 \u0623\u064a \u0623\u062b\u0631 \u0644\u0632\u062c\u060c \u0645\u0639 \u0639\u0637\u0631 \u0644\u0630\u064a\u0630 \u064a\u064f\u0636\u0641\u064a \u0634\u0639\u0648\u0631\u0627\u064b [&hellip;]<\/p>\n","protected":false},"featured_media":36210,"template":"","meta":[],"pwb-brand":[1377],"product_brand":[],"product_cat":[1137],"product_tag":[697],"class_list":{"0":"post-36239","1":"product","2":"type-product","3":"status-publish","4":"has-post-thumbnail","6":"pwb-brand-le-petit-marseillais","7":"product_cat-body-moist","8":"product_tag-moisturizing","10":"first","11":"instock","12":"shipping-taxable","13":"purchasable","14":"product-type-variable","15":"has-default-attributes","16":"wvs-archive-product-wrapper"},"brands":[{"id":1377,"name":"Le Petit Marseiliais","slug":"le-petit-marseillais"}],"_links":{"self":[{"href":"https:\/\/gopinkish.com\/fr\/wp-json\/wp\/v2\/product\/36239","targetHints":{"allow":["GET"]}}],"collection":[{"href":"https:\/\/gopinkish.com\/fr\/wp-json\/wp\/v2\/product"}],"about":[{"href":"https:\/\/gopinkish.com\/fr\/wp-json\/wp\/v2\/types\/product"}],"wp:featuredmedia":[{"embeddable":true,"href":"https:\/\/gopinkish.com\/fr\/wp-json\/wp\/v2\/media\/36210"}],"wp:attachment":[{"href":"https:\/\/gopinkish.com\/fr\/wp-json\/wp\/v2\/media?parent=36239"}],"wp:term":[{"taxonomy":"pwb-brand","embeddable":true,"href":"https:\/\/gopinkish.com\/fr\/wp-json\/wp\/v2\/pwb-brand?post=36239"},{"taxonomy":"product_brand","embeddable":true,"href":"https:\/\/gopinkish.com\/fr\/wp-json\/wp\/v2\/product_brand?post=36239"},{"taxonomy":"product_cat","embeddable":true,"href":"https:\/\/gopinkish.com\/fr\/wp-json\/wp\/v2\/product_cat?post=36239"},{"taxonomy":"product_tag","embeddable":true,"href":"https:\/\/gopinkish.com\/fr\/wp-json\/wp\/v2\/product_tag?post=36239"}],"curies":[{"name":"wp","href":"https:\/\/api.w.org\/{rel}","templated":true}]}}