{"id":36237,"date":"2025-02-20T01:39:50","date_gmt":"2025-02-20T00:39:50","guid":{"rendered":"https:\/\/gopinkish.com\/?post_type=product&#038;p=36237"},"modified":"2026-04-01T18:41:39","modified_gmt":"2026-04-01T17:41:39","slug":"3574661365312","status":"publish","type":"product","link":"https:\/\/gopinkish.com\/fr\/produit\/3574661365312\/","title":{"rendered":"Lait hydratant qui r\u00e9pare la peau ab\u00eem\u00e9e et s\u00e8che"},"content":{"rendered":"<p style=\"text-align: justify;\">Le Lait Soin Hydratant R\u00e9paration du Petit Marseillais est un lait hydratant r\u00e9parateur pour les peaux ab\u00eem\u00e9es et tr\u00e8s s\u00e8ches. Ce produit associe trois puissants ingr\u00e9dients du Sud de la France - le beurre de karit\u00e9, l'aloe vera et la cire d'abeille - pour offrir une hydratation profonde et une r\u00e9paration intensive qui dure 24 heures. Sa texture riche et onctueuse p\u00e9n\u00e8tre rapidement sans laisser de film gras, laissant la peau instantan\u00e9ment confortable et douce.<\/p>\n<p><strong>Principaux ingr\u00e9dients et caract\u00e9ristiques<\/strong><\/p>\n<ul>\n<li>Le beurre de karit\u00e9 : Un ingr\u00e9dient essentiel dans les recettes de beaut\u00e9 qui nourrit et adoucit la peau en profondeur.<\/li>\n<li>Aloe Vera : Plante connue pour ses propri\u00e9t\u00e9s apaisantes et hydratantes, utilis\u00e9e depuis l'Antiquit\u00e9.<\/li>\n<li>Cire d'abeille : Ingr\u00e9dient favori des recettes de beaut\u00e9 m\u00e9diterran\u00e9ennes pour prot\u00e9ger et r\u00e9parer la peau.<\/li>\n<li>Formule sans paraben, test\u00e9e par des dermatologues<\/li>\n<li>Texture riche et cr\u00e9meuse qui p\u00e9n\u00e8tre rapidement dans la peau<\/li>\n<\/ul>\n<p><strong>Principales caract\u00e9ristiques et avantages<\/strong><\/p>\n<ul>\n<li>Hydratation et r\u00e9paration intensives des peaux ab\u00eem\u00e9es et tr\u00e8s s\u00e8ches<\/li>\n<li>Protection et confort 24 heures sur 24<\/li>\n<li>Ne laisse pas de film gras sur la peau<\/li>\n<li>Restaure la douceur et l'\u00e9lasticit\u00e9 naturelles de la peau<\/li>\n<li>Un parfum chaud et douillet qui procure une sensation de bien-\u00eatre<\/li>\n<\/ul>\n<p style=\"text-align: center;\">\ud83c\uddec\ud83c\udde7 Le Petit Marseillais - R\u00e9parer et nourrir pour un confort de 24h<br \/>\n\ud83c\uddeb\ud83c\uddf7 Le Petit Marseillais - R\u00e9paration &amp; Hydratation 24h de Confort<\/p>","protected":false},"excerpt":{"rendered":"<p>\u0645\u0646\u062a\u062c Lait Soin Hydratant R\u00e9paration \u0645\u0646 Le Petit Marseillais \u0647\u0648 \u062d\u0644\u064a\u0628 \u0645\u0631\u0637\u0628 \u0645\u064f\u0635\u0644\u062d \u0645\u062e\u0635\u0635 \u0644\u0644\u0628\u0634\u0631\u0629 \u0627\u0644\u062a\u0627\u0644\u0641\u0629 \u0648\u0627\u0644\u062c\u0627\u0641\u0629 \u062c\u062f\u0627\u064b. \u064a\u062c\u0645\u0639 \u0647\u0630\u0627 \u0627\u0644\u0645\u0646\u062a\u062c \u0628\u064a\u0646 \u062b\u0644\u0627\u062b\u0629 \u0645\u0643\u0648\u0646\u0627\u062a \u0641\u0639\u0651\u0627\u0644\u0629 \u0645\u0646 \u0627\u0644\u062c\u0646\u0648\u0628 \u0627\u0644\u0641\u0631\u0646\u0633\u064a \u0648\u0647\u064a \u0632\u0628\u062f\u0629 \u0627\u0644\u0634\u064a\u0627 \u0648\u0627\u0644\u0623\u0644\u0648\u0641\u064a\u0631\u0627 \u0648\u0634\u0645\u0639 \u0627\u0644\u0639\u0633\u0644 \u0644\u062a\u0648\u0641\u064a\u0631 \u062a\u0631\u0637\u064a\u0628 \u0639\u0645\u064a\u0642 \u0648\u0625\u0635\u0644\u0627\u062d \u0645\u0643\u062b\u0641 \u064a\u062f\u0648\u0645 24 \u0633\u0627\u0639\u0629. \u064a\u062a\u0645\u064a\u0632 \u0628\u0642\u0648\u0627\u0645\u0647 \u0627\u0644\u0643\u0631\u064a\u0645\u064a \u0627\u0644\u063a\u0646\u064a \u0627\u0644\u0630\u064a \u064a\u062a\u063a\u0644\u063a\u0644 \u0628\u0633\u0631\u0639\u0629 \u062f\u0648\u0646 \u062a\u0631\u0643 \u0637\u0628\u0642\u0629 \u062f\u0647\u0646\u064a\u0629\u060c \u0645\u0645\u0627 \u064a\u0645\u0646\u062d [&hellip;]<\/p>\n","protected":false},"featured_media":36200,"template":"","meta":[],"pwb-brand":[1377],"product_brand":[],"product_cat":[1137],"product_tag":[697],"class_list":{"0":"post-36237","1":"product","2":"type-product","3":"status-publish","4":"has-post-thumbnail","6":"pwb-brand-le-petit-marseillais","7":"product_cat-body-moist","8":"product_tag-moisturizing","10":"first","11":"outofstock","12":"shipping-taxable","13":"product-type-variable","14":"has-default-attributes","15":"wvs-archive-product-wrapper"},"brands":[{"id":1377,"name":"Le Petit Marseiliais","slug":"le-petit-marseillais"}],"_links":{"self":[{"href":"https:\/\/gopinkish.com\/fr\/wp-json\/wp\/v2\/product\/36237","targetHints":{"allow":["GET"]}}],"collection":[{"href":"https:\/\/gopinkish.com\/fr\/wp-json\/wp\/v2\/product"}],"about":[{"href":"https:\/\/gopinkish.com\/fr\/wp-json\/wp\/v2\/types\/product"}],"wp:featuredmedia":[{"embeddable":true,"href":"https:\/\/gopinkish.com\/fr\/wp-json\/wp\/v2\/media\/36200"}],"wp:attachment":[{"href":"https:\/\/gopinkish.com\/fr\/wp-json\/wp\/v2\/media?parent=36237"}],"wp:term":[{"taxonomy":"pwb-brand","embeddable":true,"href":"https:\/\/gopinkish.com\/fr\/wp-json\/wp\/v2\/pwb-brand?post=36237"},{"taxonomy":"product_brand","embeddable":true,"href":"https:\/\/gopinkish.com\/fr\/wp-json\/wp\/v2\/product_brand?post=36237"},{"taxonomy":"product_cat","embeddable":true,"href":"https:\/\/gopinkish.com\/fr\/wp-json\/wp\/v2\/product_cat?post=36237"},{"taxonomy":"product_tag","embeddable":true,"href":"https:\/\/gopinkish.com\/fr\/wp-json\/wp\/v2\/product_tag?post=36237"}],"curies":[{"name":"wp","href":"https:\/\/api.w.org\/{rel}","templated":true}]}}