{"id":36194,"date":"2025-02-19T22:57:15","date_gmt":"2025-02-19T21:57:15","guid":{"rendered":"https:\/\/gopinkish.com\/?post_type=product&#038;p=36194"},"modified":"2026-03-29T14:17:03","modified_gmt":"2026-03-29T13:17:03","slug":"8001090132017","status":"publish","type":"product","link":"https:\/\/gopinkish.com\/fr\/produit\/8001090132017\/","title":{"rendered":"Bain de bouche \u00e0 la menthe polaire pour une fra\u00eecheur durable"},"content":{"rendered":"<p style=\"text-align:justify\">Oral B Lasting Freshness Arctic Mint d'Oral B est un rince-bouche sophistiqu\u00e9 aromatis\u00e9 \u00e0 la menthe arctique qui procure des heures de fra\u00eecheur. Sa formule antibact\u00e9rienne tue les germes responsables de la mauvaise haleine et prot\u00e8ge vos gencives. Il atteint les zones que les brosses n'atteignent pas et permet un nettoyage en profondeur de toute la bouche. Convient pour un usage quotidien dans le cadre de votre routine d'hygi\u00e8ne bucco-dentaire.<\/p>\n<p><strong>Principaux ingr\u00e9dients et caract\u00e9ristiques<\/strong><\/p>\n<ul>\n<li>Ar\u00f4me rafra\u00eechissant et puissant de menthe polaire<\/li>\n<li>Agents antibact\u00e9riens pour une protection compl\u00e8te<\/li>\n<li>Le fluor pour renforcer l'\u00e9mail des dents<\/li>\n<li>La formule sans alcool est douce pour les gencives<\/li>\n<\/ul>\n<p><strong>Principales caract\u00e9ristiques et avantages<\/strong><\/p>\n<ul>\n<li>Procure une haleine fra\u00eeche qui dure des heures<\/li>\n<li>\u00c9limine les bact\u00e9ries responsables des odeurs<\/li>\n<li>Prot\u00e8ge les gencives et renforce l'\u00e9mail des dents<\/li>\n<li>Atteint les zones que les brosses n'atteignent pas<\/li>\n<\/ul>\n<p style=\"text-align:center\">\ud83c\uddec\ud83c\udde7 Oral-B Arctic Mint - Fra\u00eecheur durable, protection compl\u00e8te<\/p>\n<p style=\"text-align:center\">\ud83c\uddeb\ud83c\uddf7 Oral-B Menthe Arctique - Fra\u00eecheur durable, Protection compl\u00e8te<\/p>","protected":false},"excerpt":{"rendered":"<p>\u0645\u0646\u062a\u062c \u0623\u0648\u0631\u0627\u0644 \u0628\u064a \u0644\u0627\u0633\u062a\u064a\u0646\u063a \u0641\u0631\u064a\u0634\u0646\u0633 \u0623\u0631\u0643\u062a\u064a\u0643 \u0645\u064a\u0646\u062a \u0645\u0646 \u0623\u0648\u0631\u0627\u0644 \u0628\u064a \u0647\u0648 \u063a\u0633\u0648\u0644 \u0641\u0645 \u0645\u062a\u0637\u0648\u0631 \u0628\u0646\u0643\u0647\u0629 \u0627\u0644\u0646\u0639\u0646\u0627\u0639 \u0627\u0644\u0642\u0637\u0628\u064a \u064a\u0645\u0646\u062d \u0627\u0646\u062a\u0639\u0627\u0634\u064b\u0627 \u064a\u062f\u0648\u0645 \u0644\u0633\u0627\u0639\u0627\u062a \u0637\u0648\u064a\u0644\u0629. \u062a\u0631\u0643\u064a\u0628\u062a\u0647 \u0627\u0644\u0645\u0636\u0627\u062f\u0629 \u0644\u0644\u0628\u0643\u062a\u064a\u0631\u064a\u0627 \u062a\u0642\u0636\u064a \u0639\u0644\u0649 \u0627\u0644\u062c\u0631\u0627\u062b\u064a\u0645 \u0627\u0644\u0645\u0633\u0628\u0628\u0629 \u0644\u0631\u0627\u0626\u062d\u0629 \u0627\u0644\u0641\u0645 \u0627\u0644\u0643\u0631\u064a\u0647\u0629 \u0648\u062a\u062d\u0645\u064a \u0627\u0644\u0644\u062b\u0629. \u064a\u0635\u0644 \u0625\u0644\u0649 \u0627\u0644\u0645\u0646\u0627\u0637\u0642 \u0627\u0644\u062a\u064a \u0644\u0627 \u062a\u0635\u0644\u0647\u0627 \u0627\u0644\u0641\u0631\u0634\u0627\u0629 \u0648\u064a\u0648\u0641\u0631 \u062a\u0646\u0638\u064a\u0641\u064b\u0627 \u0634\u0627\u0645\u0644\u064b\u0627 \u0644\u0644\u0641\u0645 \u0628\u0627\u0644\u0643\u0627\u0645\u0644. \u0645\u0646\u0627\u0633\u0628 \u0644\u0644\u0627\u0633\u062a\u062e\u062f\u0627\u0645 \u0627\u0644\u064a\u0648\u0645\u064a \u0643\u062c\u0632\u0621 \u0645\u0646 \u0631\u0648\u062a\u064a\u0646 \u0627\u0644\u0639\u0646\u0627\u064a\u0629 \u0628\u0627\u0644\u0641\u0645. \u0627\u0644\u0645\u0643\u0648\u0646\u0627\u062a [&hellip;]<\/p>\n","protected":false},"featured_media":36172,"template":"","meta":[],"pwb-brand":[720],"product_brand":[],"product_cat":[1133],"product_tag":[760],"class_list":{"0":"post-36194","1":"product","2":"type-product","3":"status-publish","4":"has-post-thumbnail","6":"pwb-brand-oralb","7":"product_cat-mouth-wash","8":"product_tag-760","10":"first","11":"instock","12":"shipping-taxable","13":"purchasable","14":"product-type-variable","15":"has-default-attributes","16":"wvs-archive-product-wrapper"},"brands":[{"id":720,"name":"Oral B","slug":"oralb"}],"_links":{"self":[{"href":"https:\/\/gopinkish.com\/fr\/wp-json\/wp\/v2\/product\/36194","targetHints":{"allow":["GET"]}}],"collection":[{"href":"https:\/\/gopinkish.com\/fr\/wp-json\/wp\/v2\/product"}],"about":[{"href":"https:\/\/gopinkish.com\/fr\/wp-json\/wp\/v2\/types\/product"}],"wp:featuredmedia":[{"embeddable":true,"href":"https:\/\/gopinkish.com\/fr\/wp-json\/wp\/v2\/media\/36172"}],"wp:attachment":[{"href":"https:\/\/gopinkish.com\/fr\/wp-json\/wp\/v2\/media?parent=36194"}],"wp:term":[{"taxonomy":"pwb-brand","embeddable":true,"href":"https:\/\/gopinkish.com\/fr\/wp-json\/wp\/v2\/pwb-brand?post=36194"},{"taxonomy":"product_brand","embeddable":true,"href":"https:\/\/gopinkish.com\/fr\/wp-json\/wp\/v2\/product_brand?post=36194"},{"taxonomy":"product_cat","embeddable":true,"href":"https:\/\/gopinkish.com\/fr\/wp-json\/wp\/v2\/product_cat?post=36194"},{"taxonomy":"product_tag","embeddable":true,"href":"https:\/\/gopinkish.com\/fr\/wp-json\/wp\/v2\/product_tag?post=36194"}],"curies":[{"name":"wp","href":"https:\/\/api.w.org\/{rel}","templated":true}]}}