{"id":36192,"date":"2025-02-19T22:57:14","date_gmt":"2025-02-19T21:57:14","guid":{"rendered":"https:\/\/gopinkish.com\/?post_type=product&#038;p=36192"},"modified":"2026-03-01T14:35:56","modified_gmt":"2026-03-01T13:35:56","slug":"3331300062830","status":"publish","type":"product","link":"https:\/\/gopinkish.com\/fr\/produit\/3331300062830\/","title":{"rendered":"Shampoing sec pour une journ\u00e9e parfaite, au parfum floral"},"content":{"rendered":"<p style=\"text-align: justify;\">Le shampooing sec Batiste Perfect Day est un shampooing sec \u00e0 la formule classique enrichie d'un parfum floral f\u00e9minin. Il absorbe instantan\u00e9ment l'exc\u00e8s de s\u00e9bum et donne aux cheveux un volume et une fra\u00eecheur qui durent toute la journ\u00e9e. Son parfum floral sophistiqu\u00e9 laisse les cheveux parfum\u00e9s avec une touche d'\u00e9l\u00e9gance et de douceur. Id\u00e9al pour celles qui veulent des cheveux propres et parfum\u00e9s \u00e0 tout moment.<\/p>\n<p><strong>Principaux ingr\u00e9dients et caract\u00e9ristiques<\/strong><\/p>\n<ul>\n<li>L'amidon de riz est efficace pour absorber les graisses.<\/li>\n<li>M\u00e9lange sophistiqu\u00e9 de parfums floraux f\u00e9minins<\/li>\n<li>Formule optimis\u00e9e pour une distribution uniforme<\/li>\n<li>Des ingr\u00e9dients l\u00e9gers qui n'alourdissent pas les cheveux<\/li>\n<\/ul>\n<p><strong>Principales caract\u00e9ristiques et avantages<\/strong><\/p>\n<ul>\n<li>Nettoie et rafra\u00eechit instantan\u00e9ment les cheveux<\/li>\n<li>Un parfum floral distinctif qui dure des heures<\/li>\n<li>Donne aux cheveux un volume suppl\u00e9mentaire et une texture l\u00e9g\u00e8re<\/li>\n<li>Convient \u00e0 un usage quotidien pour tous les types de cheveux<\/li>\n<\/ul>\n<p style=\"text-align: center;\">\ud83c\uddec\ud83c\udde7 Batiste Perfect Day - Cheveux frais, \u00e9l\u00e9gance florale<\/p>\n<p style=\"text-align: center;\">\ud83c\uddeb\ud83c\uddf7 Batiste Perfect Day - Cheveux frais, \u00c9l\u00e9gance florale<\/p>","protected":false},"excerpt":{"rendered":"<p>\u0645\u0646\u062a\u062c \u0628\u0627\u062a\u064a\u0633\u062a \u0634\u0627\u0645\u0628\u0648 \u062c\u0627\u0641 \u0628\u064a\u0631\u0641\u0643\u062a \u062f\u0627\u064a \u0645\u0646 \u0628\u0627\u062a\u064a\u0633\u062a \u0647\u0648 \u0634\u0627\u0645\u0628\u0648 \u062c\u0627\u0641 \u0628\u062a\u0631\u0643\u064a\u0628\u0629 \u0643\u0644\u0627\u0633\u064a\u0643\u064a\u0629 \u0645\u0639\u0632\u0632\u0629 \u0628\u0631\u0627\u0626\u062d\u0629 \u0632\u0647\u0631\u064a\u0629 \u0623\u0646\u062b\u0648\u064a\u0629 \u0645\u0645\u064a\u0632\u0629. \u064a\u0645\u062a\u0635 \u0627\u0644\u062f\u0647\u0648\u0646 \u0627\u0644\u0632\u0627\u0626\u062f\u0629 \u0641\u0648\u0631\u064b\u0627 \u0648\u064a\u0645\u0646\u062d \u0627\u0644\u0634\u0639\u0631 \u062d\u062c\u0645\u064b\u0627 \u0648\u0627\u0646\u062a\u0639\u0627\u0634\u064b\u0627 \u064a\u062f\u0648\u0645 \u0637\u0648\u0627\u0644 \u0627\u0644\u064a\u0648\u0645. \u0631\u0627\u0626\u062d\u062a\u0647 \u0627\u0644\u0632\u0647\u0631\u064a\u0629 \u0627\u0644\u0631\u0627\u0642\u064a\u0629 \u062a\u062a\u0631\u0643 \u0627\u0644\u0634\u0639\u0631 \u0645\u0639\u0637\u0631\u064b\u0627 \u0628\u0644\u0645\u0633\u0629 \u0645\u0646 \u0627\u0644\u0623\u0646\u0627\u0642\u0629 \u0648\u0627\u0644\u0646\u0639\u0648\u0645\u0629. \u0645\u062b\u0627\u0644\u064a \u0644\u0645\u0646 \u064a\u0631\u063a\u0628\u0646 \u0641\u064a \u0634\u0639\u0631 \u0646\u0638\u064a\u0641 \u0648\u0645\u0639\u0637\u0631 \u0641\u064a \u0623\u064a \u0648\u0642\u062a. \u0627\u0644\u0645\u0643\u0648\u0646\u0627\u062a \u0648\u0627\u0644\u062e\u0635\u0627\u0626\u0635 \u0627\u0644\u0631\u0626\u064a\u0633\u064a\u0629 \u0646\u0634\u0627 \u0627\u0644\u0623\u0631\u0632 \u0627\u0644\u0641\u0639\u0627\u0644 [&hellip;]<\/p>\n","protected":false},"featured_media":36170,"template":"","meta":[],"pwb-brand":[1492],"product_brand":[],"product_cat":[1150],"product_tag":[1436],"class_list":{"0":"post-36192","1":"product","2":"type-product","3":"status-publish","4":"has-post-thumbnail","6":"pwb-brand-batiste","7":"product_cat-dry-shampoo","8":"product_tag-1436","10":"first","11":"instock","12":"shipping-taxable","13":"purchasable","14":"product-type-variable","15":"has-default-attributes","16":"wvs-archive-product-wrapper"},"brands":[{"id":1492,"name":"Batiste","slug":"batiste"}],"_links":{"self":[{"href":"https:\/\/gopinkish.com\/fr\/wp-json\/wp\/v2\/product\/36192","targetHints":{"allow":["GET"]}}],"collection":[{"href":"https:\/\/gopinkish.com\/fr\/wp-json\/wp\/v2\/product"}],"about":[{"href":"https:\/\/gopinkish.com\/fr\/wp-json\/wp\/v2\/types\/product"}],"wp:featuredmedia":[{"embeddable":true,"href":"https:\/\/gopinkish.com\/fr\/wp-json\/wp\/v2\/media\/36170"}],"wp:attachment":[{"href":"https:\/\/gopinkish.com\/fr\/wp-json\/wp\/v2\/media?parent=36192"}],"wp:term":[{"taxonomy":"pwb-brand","embeddable":true,"href":"https:\/\/gopinkish.com\/fr\/wp-json\/wp\/v2\/pwb-brand?post=36192"},{"taxonomy":"product_brand","embeddable":true,"href":"https:\/\/gopinkish.com\/fr\/wp-json\/wp\/v2\/product_brand?post=36192"},{"taxonomy":"product_cat","embeddable":true,"href":"https:\/\/gopinkish.com\/fr\/wp-json\/wp\/v2\/product_cat?post=36192"},{"taxonomy":"product_tag","embeddable":true,"href":"https:\/\/gopinkish.com\/fr\/wp-json\/wp\/v2\/product_tag?post=36192"}],"curies":[{"name":"wp","href":"https:\/\/api.w.org\/{rel}","templated":true}]}}