{"id":36190,"date":"2025-02-19T22:57:14","date_gmt":"2025-02-19T21:57:14","guid":{"rendered":"https:\/\/gopinkish.com\/?post_type=product&#038;p=36190"},"modified":"2026-03-01T14:35:49","modified_gmt":"2026-03-01T13:35:49","slug":"3331300062656","status":"publish","type":"product","link":"https:\/\/gopinkish.com\/fr\/produit\/3331300062656\/","title":{"rendered":"Shampoing sec classique pour une fra\u00eecheur capillaire instantan\u00e9e"},"content":{"rendered":"<p style=\"text-align: justify;\">Le shampooing sec Batiste Original de Batiste est le shampooing sec le plus reconnu au monde avec sa formule classique et \u00e9prouv\u00e9e. Il absorbe l'exc\u00e8s de s\u00e9bum en quelques secondes et laisse les cheveux instantan\u00e9ment propres et frais. Son parfum classique et neutre convient \u00e0 tous les go\u00fbts et laisse une sensation de fra\u00eecheur sur les cheveux, sans odeur trop forte. Convient \u00e0 tous les types de cheveux et \u00e0 toutes les couleurs.<\/p>\n<p><strong>Principaux ingr\u00e9dients et caract\u00e9ristiques<\/strong><\/p>\n<ul>\n<li>Amidon de riz hautement absorbant les graisses<\/li>\n<li>Une formule classique \u00e9prouv\u00e9e et optimis\u00e9e<\/li>\n<li>Un parfum neutre et propre qui convient \u00e0 tout le monde<\/li>\n<li>Brumisation fine pour une distribution uniforme<\/li>\n<\/ul>\n<p><strong>Principales caract\u00e9ristiques et avantages<\/strong><\/p>\n<ul>\n<li>Rafra\u00eechit instantan\u00e9ment les cheveux sans besoin d'eau<\/li>\n<li>Absorbe les graisses et donne du volume et de la fra\u00eecheur aux cheveux<\/li>\n<li>Ne laisse pas de traces blanches lorsqu'il est utilis\u00e9 correctement<\/li>\n<li>Une solution parfaite pour un rafra\u00eechissement rapide entre les jours de lavage<\/li>\n<\/ul>\n<p style=\"text-align: center;\">\ud83c\uddec\ud83c\udde7 Batiste Original - Le shampooing sec classique auquel vous faites confiance<\/p>\n<p style=\"text-align: center;\">\ud83c\uddeb\ud83c\uddf7 Batiste Original - Le shampooing sec classique de confiance<\/p>","protected":false},"excerpt":{"rendered":"<p>\u0645\u0646\u062a\u062c \u0628\u0627\u062a\u064a\u0633\u062a \u0634\u0627\u0645\u0628\u0648 \u062c\u0627\u0641 \u0623\u0648\u0631\u064a\u062c\u064a\u0646\u0627\u0644 \u0645\u0646 \u0628\u0627\u062a\u064a\u0633\u062a \u0647\u0648 \u0627\u0644\u0634\u0627\u0645\u0628\u0648 \u0627\u0644\u062c\u0627\u0641 \u0627\u0644\u0623\u0643\u062b\u0631 \u0634\u0647\u0631\u0629 \u0641\u064a \u0627\u0644\u0639\u0627\u0644\u0645 \u0628\u062a\u0631\u0643\u064a\u0628\u062a\u0647 \u0627\u0644\u0643\u0644\u0627\u0633\u064a\u0643\u064a\u0629 \u0627\u0644\u0645\u062c\u0631\u0628\u0629. \u064a\u0645\u062a\u0635 \u0627\u0644\u062f\u0647\u0648\u0646 \u0627\u0644\u0632\u0627\u0626\u062f\u0629 \u0641\u064a \u062b\u0648\u0627\u0646\u064d \u0648\u064a\u0645\u0646\u062d \u0627\u0644\u0634\u0639\u0631 \u0645\u0638\u0647\u0631\u064b\u0627 \u0646\u0638\u064a\u0641\u064b\u0627 \u0648\u0645\u0646\u062a\u0639\u0634\u064b\u0627 \u0641\u0648\u0631\u064b\u0627. \u0631\u0627\u0626\u062d\u062a\u0647 \u0627\u0644\u0643\u0644\u0627\u0633\u064a\u0643\u064a\u0629 \u0627\u0644\u0645\u062d\u0627\u064a\u062f\u0629 \u062a\u0646\u0627\u0633\u0628 \u062c\u0645\u064a\u0639 \u0627\u0644\u0623\u0630\u0648\u0627\u0642 \u0648\u062a\u062a\u0631\u0643 \u0627\u0644\u0634\u0639\u0631 \u0645\u0646\u062a\u0639\u0634\u064b\u0627 \u062f\u0648\u0646 \u0623\u064a \u0631\u0627\u0626\u062d\u0629 \u0645\u0628\u0627\u0644\u063a \u0641\u064a\u0647\u0627. \u0645\u0646\u0627\u0633\u0628 \u0644\u062c\u0645\u064a\u0639 \u0623\u0646\u0648\u0627\u0639 \u0627\u0644\u0634\u0639\u0631 \u0648\u0623\u0644\u0648\u0627\u0646\u0647. \u0627\u0644\u0645\u0643\u0648\u0646\u0627\u062a \u0648\u0627\u0644\u062e\u0635\u0627\u0626\u0635 \u0627\u0644\u0631\u0626\u064a\u0633\u064a\u0629 \u0646\u0634\u0627 \u0627\u0644\u0623\u0631\u0632 \u0639\u0627\u0644\u064a \u0627\u0644\u0627\u0645\u062a\u0635\u0627\u0635 \u0644\u0644\u062f\u0647\u0648\u0646 [&hellip;]<\/p>\n","protected":false},"featured_media":36169,"template":"","meta":[],"pwb-brand":[1492],"product_brand":[],"product_cat":[1150],"product_tag":[1436],"class_list":{"0":"post-36190","1":"product","2":"type-product","3":"status-publish","4":"has-post-thumbnail","6":"pwb-brand-batiste","7":"product_cat-dry-shampoo","8":"product_tag-1436","10":"first","11":"instock","12":"shipping-taxable","13":"purchasable","14":"product-type-variable","15":"has-default-attributes","16":"wvs-archive-product-wrapper"},"brands":[{"id":1492,"name":"Batiste","slug":"batiste"}],"_links":{"self":[{"href":"https:\/\/gopinkish.com\/fr\/wp-json\/wp\/v2\/product\/36190","targetHints":{"allow":["GET"]}}],"collection":[{"href":"https:\/\/gopinkish.com\/fr\/wp-json\/wp\/v2\/product"}],"about":[{"href":"https:\/\/gopinkish.com\/fr\/wp-json\/wp\/v2\/types\/product"}],"wp:featuredmedia":[{"embeddable":true,"href":"https:\/\/gopinkish.com\/fr\/wp-json\/wp\/v2\/media\/36169"}],"wp:attachment":[{"href":"https:\/\/gopinkish.com\/fr\/wp-json\/wp\/v2\/media?parent=36190"}],"wp:term":[{"taxonomy":"pwb-brand","embeddable":true,"href":"https:\/\/gopinkish.com\/fr\/wp-json\/wp\/v2\/pwb-brand?post=36190"},{"taxonomy":"product_brand","embeddable":true,"href":"https:\/\/gopinkish.com\/fr\/wp-json\/wp\/v2\/product_brand?post=36190"},{"taxonomy":"product_cat","embeddable":true,"href":"https:\/\/gopinkish.com\/fr\/wp-json\/wp\/v2\/product_cat?post=36190"},{"taxonomy":"product_tag","embeddable":true,"href":"https:\/\/gopinkish.com\/fr\/wp-json\/wp\/v2\/product_tag?post=36190"}],"curies":[{"name":"wp","href":"https:\/\/api.w.org\/{rel}","templated":true}]}}