{"id":36188,"date":"2025-02-19T22:57:13","date_gmt":"2025-02-19T21:57:13","guid":{"rendered":"https:\/\/gopinkish.com\/?post_type=product&#038;p=36188"},"modified":"2026-03-01T14:32:19","modified_gmt":"2026-03-01T13:32:19","slug":"3331300001389","status":"publish","type":"product","link":"https:\/\/gopinkish.com\/fr\/produit\/3331300001389\/","title":{"rendered":"Shampoing sec rafra\u00eechissant au parfum frais d'\u00e9t\u00e9"},"content":{"rendered":"<p style=\"text-align: justify;\">Le shampooing sec Sweet Summer de Batiste est un shampooing sec \u00e0 action rapide qui rafra\u00eechit instantan\u00e9ment les cheveux sans avoir besoin d'eau. Sa formule efficace absorbe l'exc\u00e8s de s\u00e9bum et donne du volume et une texture propre aux cheveux en un seul passage. Son parfum frais d'\u00e9t\u00e9 dure toute la journ\u00e9e et laisse les cheveux parfum\u00e9s et rafra\u00eechis. Parfait entre deux lavages ou pour un rafra\u00eechissement rapide \u00e0 tout moment.<\/p>\n<p><strong>Principaux ingr\u00e9dients et caract\u00e9ristiques<\/strong><\/p>\n<ul>\n<li>L'amidon de riz est efficace pour absorber l'exc\u00e8s de graisse.<\/li>\n<li>Une formule l\u00e9g\u00e8re qui ne laisse pas de traces blanches sur les cheveux<\/li>\n<li>Un m\u00e9lange d'aromath\u00e9rapie rafra\u00eechissant pour l'\u00e9t\u00e9<\/li>\n<li>Le brouillard fin distribue le produit de fa\u00e7on homog\u00e8ne<\/li>\n<\/ul>\n<p><strong>Principales caract\u00e9ristiques et avantages<\/strong><\/p>\n<ul>\n<li>Nettoie instantan\u00e9ment les cheveux sans eau<\/li>\n<li>Absorbe l'exc\u00e8s de graisse et donne du volume<\/li>\n<li>Un parfum d'\u00e9t\u00e9 qui dure toute la journ\u00e9e<\/li>\n<li>Facile \u00e0 utiliser \u00e0 tout moment et en tout lieu<\/li>\n<\/ul>\n<p style=\"text-align: center;\">\ud83c\uddec\ud83c\udde7 Shampooing sec Batiste - Fra\u00eecheur instantan\u00e9e, douces vibrations estivales<\/p>\n<p style=\"text-align: center;\">\ud83c\uddeb\ud83c\uddf7 Batiste Shampooing Sec - Fra\u00eecheur instantan\u00e9e, Parfum d'\u00e9t\u00e9<\/p>","protected":false},"excerpt":{"rendered":"<p>\u0645\u0646\u062a\u062c \u0628\u0627\u062a\u064a\u0633\u062a \u0634\u0627\u0645\u0628\u0648 \u062c\u0627\u0641 \u0633\u0648\u064a\u062a \u0633\u0645\u0631 \u0645\u0646 \u0628\u0627\u062a\u064a\u0633\u062a \u0647\u0648 \u0634\u0627\u0645\u0628\u0648 \u062c\u0627\u0641 \u0633\u0631\u064a\u0639 \u0627\u0644\u0645\u0641\u0639\u0648\u0644 \u064a\u0646\u0639\u0634 \u0627\u0644\u0634\u0639\u0631 \u0641\u0648\u0631\u064b\u0627 \u062f\u0648\u0646 \u0627\u0644\u062d\u0627\u062c\u0629 \u0625\u0644\u0649 \u0627\u0644\u0645\u0627\u0621. \u062a\u0631\u0643\u064a\u0628\u062a\u0647 \u0627\u0644\u0641\u0639\u0627\u0644\u0629 \u062a\u0645\u062a\u0635 \u0627\u0644\u062f\u0647\u0648\u0646 \u0627\u0644\u0632\u0627\u0626\u062f\u0629 \u0648\u062a\u0645\u0646\u062d \u0627\u0644\u0634\u0639\u0631 \u062d\u062c\u0645\u064b\u0627 \u0648\u0645\u0644\u0645\u0633\u064b\u0627 \u0646\u0638\u064a\u0641\u064b\u0627 \u0628\u0644\u0645\u0633\u0629 \u0648\u0627\u062d\u062f\u0629. \u064a\u062a\u0645\u064a\u0632 \u0628\u0631\u0627\u0626\u062d\u0629 \u0635\u064a\u0641\u064a\u0629 \u0645\u0646\u0639\u0634\u0629 \u062a\u062f\u0648\u0645 \u0637\u0648\u0627\u0644 \u0627\u0644\u064a\u0648\u0645 \u0648\u062a\u062a\u0631\u0643 \u0627\u0644\u0634\u0639\u0631 \u0645\u0639\u0637\u0631\u064b\u0627 \u0648\u0645\u0646\u062a\u0639\u0634\u064b\u0627. \u0645\u062b\u0627\u0644\u064a \u0628\u064a\u0646 \u0623\u064a\u0627\u0645 \u0627\u0644\u063a\u0633\u064a\u0644 \u0623\u0648 \u0644\u0625\u0646\u0639\u0627\u0634 \u0633\u0631\u064a\u0639 \u0641\u064a \u0623\u064a \u0648\u0642\u062a. \u0627\u0644\u0645\u0643\u0648\u0646\u0627\u062a \u0648\u0627\u0644\u062e\u0635\u0627\u0626\u0635 [&hellip;]<\/p>\n","protected":false},"featured_media":36168,"template":"","meta":[],"pwb-brand":[1492],"product_brand":[],"product_cat":[1150],"product_tag":[1436],"class_list":{"0":"post-36188","1":"product","2":"type-product","3":"status-publish","4":"has-post-thumbnail","6":"pwb-brand-batiste","7":"product_cat-dry-shampoo","8":"product_tag-1436","10":"first","11":"instock","12":"shipping-taxable","13":"purchasable","14":"product-type-variable","15":"has-default-attributes","16":"wvs-archive-product-wrapper"},"brands":[{"id":1492,"name":"Batiste","slug":"batiste"}],"_links":{"self":[{"href":"https:\/\/gopinkish.com\/fr\/wp-json\/wp\/v2\/product\/36188","targetHints":{"allow":["GET"]}}],"collection":[{"href":"https:\/\/gopinkish.com\/fr\/wp-json\/wp\/v2\/product"}],"about":[{"href":"https:\/\/gopinkish.com\/fr\/wp-json\/wp\/v2\/types\/product"}],"wp:featuredmedia":[{"embeddable":true,"href":"https:\/\/gopinkish.com\/fr\/wp-json\/wp\/v2\/media\/36168"}],"wp:attachment":[{"href":"https:\/\/gopinkish.com\/fr\/wp-json\/wp\/v2\/media?parent=36188"}],"wp:term":[{"taxonomy":"pwb-brand","embeddable":true,"href":"https:\/\/gopinkish.com\/fr\/wp-json\/wp\/v2\/pwb-brand?post=36188"},{"taxonomy":"product_brand","embeddable":true,"href":"https:\/\/gopinkish.com\/fr\/wp-json\/wp\/v2\/product_brand?post=36188"},{"taxonomy":"product_cat","embeddable":true,"href":"https:\/\/gopinkish.com\/fr\/wp-json\/wp\/v2\/product_cat?post=36188"},{"taxonomy":"product_tag","embeddable":true,"href":"https:\/\/gopinkish.com\/fr\/wp-json\/wp\/v2\/product_tag?post=36188"}],"curies":[{"name":"wp","href":"https:\/\/api.w.org\/{rel}","templated":true}]}}