{"id":36186,"date":"2025-02-19T22:57:12","date_gmt":"2025-02-19T21:57:12","guid":{"rendered":"https:\/\/gopinkish.com\/?post_type=product&#038;p=36186"},"modified":"2026-03-02T15:45:23","modified_gmt":"2026-03-02T14:45:23","slug":"4005808795697","status":"publish","type":"product","link":"https:\/\/gopinkish.com\/fr\/produit\/4005808795697\/","title":{"rendered":"Gel douche hydratant \u00e0 la noix de coco et au jojoba"},"content":{"rendered":"<p style=\"text-align: justify;\">NIVEA Care Shower Coconut &amp; Jojoba Oil est un gel douche hydratant qui nourrit intens\u00e9ment et hydrate en profondeur. Enrichi en huile de coco naturelle et en huile de jojoba, il nettoie d\u00e9licatement la peau, la laissant douce et \u00e9clatante. Il redonne vitalit\u00e9 et \u00e9lasticit\u00e9 aux peaux s\u00e8ches gr\u00e2ce \u00e0 des huiles naturelles nourrissantes. Id\u00e9al pour les soins quotidiens des peaux ayant besoin d'une hydratation suppl\u00e9mentaire.<\/p>\n<p><strong>Principaux ingr\u00e9dients et caract\u00e9ristiques<\/strong><\/p>\n<ul>\n<li>Huile de coco naturelle hydratante et nourrissante<\/li>\n<li>Huile de jojoba pour renforcer l'\u00e9lasticit\u00e9 de la peau<\/li>\n<li>Formule cr\u00e9meuse, riche en nutriments<\/li>\n<li>Agents nettoyants doux au pH \u00e9quilibr\u00e9<\/li>\n<\/ul>\n<p><strong>Principales caract\u00e9ristiques et avantages<\/strong><\/p>\n<ul>\n<li>Hydrate en profondeur et rajeunit la peau<\/li>\n<li>Procure une sensation de douceur soyeuse apr\u00e8s la douche<\/li>\n<li>Parfum frais et tropical<\/li>\n<li>Convient \u00e0 une utilisation quotidienne pour tous les types de peau<\/li>\n<\/ul>\n<p style=\"text-align: center;\">\ud83c\uddec\ud83c\udde7 NIVEA Care Shower - Hydratation tropicale \u00e0 la noix de coco et au jojoba<\/p>\n<p style=\"text-align: center;\">\ud83c\uddeb\ud83c\uddf7 NIVEA Care Shower - Hydratation tropicale au coco et jojoba<\/p>","protected":false},"excerpt":{"rendered":"<p>\u0645\u0646\u062a\u062c \u0646\u064a\u0641\u064a\u0627 \u0643\u064a\u0631 \u0634\u0627\u0648\u0631 \u0628\u062c\u0648\u0632 \u0627\u0644\u0647\u0646\u062f \u0648\u0632\u064a\u062a \u0627\u0644\u062c\u0648\u062c\u0648\u0628\u0627 \u0645\u0646 \u0646\u064a\u0641\u064a\u0627 \u0647\u0648 \u062c\u0644 \u0627\u0633\u062a\u062d\u0645\u0627\u0645 \u0645\u0631\u0637\u0628 \u064a\u0645\u0646\u062d \u0627\u0644\u0628\u0634\u0631\u0629 \u062a\u063a\u0630\u064a\u0629 \u0645\u0643\u062b\u0641\u0629 \u0648\u062a\u0631\u0637\u064a\u0628\u064b\u0627 \u0639\u0645\u064a\u0642\u064b\u0627. \u062a\u0631\u0643\u064a\u0628\u062a\u0647 \u0627\u0644\u063a\u0646\u064a\u0629 \u0628\u0632\u064a\u062a \u062c\u0648\u0632 \u0627\u0644\u0647\u0646\u062f \u0627\u0644\u0637\u0628\u064a\u0639\u064a \u0648\u0632\u064a\u062a \u0627\u0644\u062c\u0648\u062c\u0648\u0628\u0627 \u062a\u0646\u0638\u0641 \u0627\u0644\u0628\u0634\u0631\u0629 \u0628\u0644\u0637\u0641 \u0648\u062a\u062a\u0631\u0643\u0647\u0627 \u0646\u0627\u0639\u0645\u0629 \u0648\u0645\u0634\u0631\u0642\u0629. \u064a\u0639\u064a\u062f \u0644\u0644\u0628\u0634\u0631\u0629 \u0627\u0644\u062c\u0627\u0641\u0629 \u062d\u064a\u0648\u064a\u062a\u0647\u0627 \u0648\u0645\u0631\u0648\u0646\u062a\u0647\u0627 \u0628\u0641\u0636\u0644 \u0627\u0644\u0632\u064a\u0648\u062a \u0627\u0644\u0637\u0628\u064a\u0639\u064a\u0629 \u0627\u0644\u0645\u063a\u0630\u064a\u0629. \u0645\u062b\u0627\u0644\u064a \u0644\u0644\u0639\u0646\u0627\u064a\u0629 \u0627\u0644\u064a\u0648\u0645\u064a\u0629 \u0628\u0627\u0644\u0628\u0634\u0631\u0629 \u0627\u0644\u062a\u064a \u062a\u062d\u062a\u0627\u062c \u0625\u0644\u0649 \u062a\u0631\u0637\u064a\u0628 \u0625\u0636\u0627\u0641\u064a. \u0627\u0644\u0645\u0643\u0648\u0646\u0627\u062a \u0648\u0627\u0644\u062e\u0635\u0627\u0626\u0635 \u0627\u0644\u0631\u0626\u064a\u0633\u064a\u0629 [&hellip;]<\/p>\n","protected":false},"featured_media":36166,"template":"","meta":[],"pwb-brand":[236],"product_brand":[],"product_cat":[1138],"product_tag":[696,697,693,680],"class_list":{"0":"post-36186","1":"product","2":"type-product","3":"status-publish","4":"has-post-thumbnail","6":"pwb-brand-nivea","7":"product_cat-bath-and-shower","8":"product_tag-dryskin","9":"product_tag-moisturizing","10":"product_tag-cleansing","11":"product_tag-dryness","13":"first","14":"instock","15":"shipping-taxable","16":"purchasable","17":"product-type-variable","18":"has-default-attributes","19":"wvs-archive-product-wrapper"},"brands":[{"id":236,"name":"Nivea","slug":"nivea"}],"_links":{"self":[{"href":"https:\/\/gopinkish.com\/fr\/wp-json\/wp\/v2\/product\/36186","targetHints":{"allow":["GET"]}}],"collection":[{"href":"https:\/\/gopinkish.com\/fr\/wp-json\/wp\/v2\/product"}],"about":[{"href":"https:\/\/gopinkish.com\/fr\/wp-json\/wp\/v2\/types\/product"}],"wp:featuredmedia":[{"embeddable":true,"href":"https:\/\/gopinkish.com\/fr\/wp-json\/wp\/v2\/media\/36166"}],"wp:attachment":[{"href":"https:\/\/gopinkish.com\/fr\/wp-json\/wp\/v2\/media?parent=36186"}],"wp:term":[{"taxonomy":"pwb-brand","embeddable":true,"href":"https:\/\/gopinkish.com\/fr\/wp-json\/wp\/v2\/pwb-brand?post=36186"},{"taxonomy":"product_brand","embeddable":true,"href":"https:\/\/gopinkish.com\/fr\/wp-json\/wp\/v2\/product_brand?post=36186"},{"taxonomy":"product_cat","embeddable":true,"href":"https:\/\/gopinkish.com\/fr\/wp-json\/wp\/v2\/product_cat?post=36186"},{"taxonomy":"product_tag","embeddable":true,"href":"https:\/\/gopinkish.com\/fr\/wp-json\/wp\/v2\/product_tag?post=36186"}],"curies":[{"name":"wp","href":"https:\/\/api.w.org\/{rel}","templated":true}]}}