{"id":36184,"date":"2025-02-19T22:57:12","date_gmt":"2025-02-19T21:57:12","guid":{"rendered":"https:\/\/gopinkish.com\/?post_type=product&#038;p=36184"},"modified":"2026-04-01T18:44:01","modified_gmt":"2026-04-01T17:44:01","slug":"4005900831675","status":"publish","type":"product","link":"https:\/\/gopinkish.com\/fr\/produit\/4005900831675\/","title":{"rendered":"Gel douche stimulant \u00e0 la caf\u00e9ine pour un regain de vitalit\u00e9"},"content":{"rendered":"<p style=\"text-align: justify;\">NIVEA Min Boost with Caffeine est un gel douche \u00e9nergisant qui revitalise le corps et la peau. Enrichie en caf\u00e9ine naturelle, sa formule nettoie efficacement la peau et procure une fra\u00eecheur imm\u00e9diate de 24 heures. Il stimule la circulation sanguine et procure une sensation d'\u00e9nergie et d'\u00e9veil. Id\u00e9al pour les hommes \u00e0 la recherche d'une douche rafra\u00eechissante et \u00e9nergisante.<\/p>\n<p><strong>Principaux ingr\u00e9dients et caract\u00e9ristiques<\/strong><\/p>\n<ul>\n<li>\u00c9nergisant et stimulant naturel \u00e0 base de caf\u00e9ine<\/li>\n<li>Technologie de r\u00e9cup\u00e9ration instantan\u00e9e en 24 heures<\/li>\n<li>Agents nettoyants \u00e9quilibr\u00e9s pour tous les types de peau<\/li>\n<li>Des ingr\u00e9dients rafra\u00eechissants qui stimulent les sens<\/li>\n<\/ul>\n<p><strong>Principales caract\u00e9ristiques et avantages<\/strong><\/p>\n<ul>\n<li>Energise l'organisme gr\u00e2ce \u00e0 l'effet stimulant de la caf\u00e9ine.<\/li>\n<li>Procure une fra\u00eecheur instantan\u00e9e qui dure toute la journ\u00e9e<\/li>\n<li>Nettoie la peau en profondeur et \u00e9limine les traces de fatigue<\/li>\n<li>Un parfum masculin fort et frais<\/li>\n<\/ul>\n<p style=\"text-align: center;\">\ud83c\uddec\ud83c\udde7 NIVEA MEN Boost - Fra\u00eecheur 24H \u00e0 la caf\u00e9ine<\/p>\n<p style=\"text-align: center;\">\ud83c\uddeb\ud83c\uddf7 NIVEA MEN Boost - Fra\u00eecheur 24H au pouvoir de la caf\u00e9ine<\/p>","protected":false},"excerpt":{"rendered":"<p>\u0645\u0646\u062a\u062c \u0646\u064a\u0641\u064a\u0627 \u0645\u064a\u0646 \u0628\u0648\u0633\u062a \u0628\u0627\u0644\u0643\u0627\u0641\u064a\u064a\u0646 \u0645\u0646 \u0646\u064a\u0641\u064a\u0627 \u0647\u0648 \u062c\u0644 \u0627\u0633\u062a\u062d\u0645\u0627\u0645 \u0645\u0646\u0634\u0637 \u064a\u062c\u062f\u062f \u062d\u064a\u0648\u064a\u0629 \u0627\u0644\u062c\u0633\u0645 \u0648\u0627\u0644\u0628\u0634\u0631\u0629. \u062a\u0631\u0643\u064a\u0628\u062a\u0647 \u0627\u0644\u0645\u0639\u0632\u0632\u0629 \u0628\u0627\u0644\u0643\u0627\u0641\u064a\u064a\u0646 \u0627\u0644\u0637\u0628\u064a\u0639\u064a \u062a\u0646\u0638\u0641 \u0627\u0644\u0628\u0634\u0631\u0629 \u0628\u0641\u0639\u0627\u0644\u064a\u0629 \u0648\u062a\u0645\u0646\u062d \u0627\u0646\u062a\u0639\u0627\u0634\u064b\u0627 \u0641\u0648\u0631\u064a\u064b\u0627 \u064a\u062f\u0648\u0645 24 \u0633\u0627\u0639\u0629. \u064a\u062d\u0641\u0632 \u0627\u0644\u062f\u0648\u0631\u0629 \u0627\u0644\u062f\u0645\u0648\u064a\u0629 \u0648\u064a\u0645\u0646\u062d \u0634\u0639\u0648\u0631\u064b\u0627 \u0628\u0627\u0644\u0646\u0634\u0627\u0637 \u0648\u0627\u0644\u064a\u0642\u0638\u0629. \u0645\u062b\u0627\u0644\u064a \u0644\u0644\u0631\u062c\u0627\u0644 \u0627\u0644\u0628\u0627\u062d\u062b\u064a\u0646 \u0639\u0646 \u062a\u062c\u0631\u0628\u0629 \u0627\u0633\u062a\u062d\u0645\u0627\u0645 \u0645\u0646\u0639\u0634\u0629 \u0648\u0645\u0646\u0634\u0637\u0629. \u0627\u0644\u0645\u0643\u0648\u0646\u0627\u062a \u0648\u0627\u0644\u062e\u0635\u0627\u0626\u0635 \u0627\u0644\u0631\u0626\u064a\u0633\u064a\u0629 \u0627\u0644\u0643\u0627\u0641\u064a\u064a\u0646 \u0627\u0644\u0637\u0628\u064a\u0639\u064a \u0627\u0644\u0645\u0646\u0634\u0637 \u0648\u0627\u0644\u0645\u062d\u0641\u0632 \u062a\u0642\u0646\u064a\u0629 \u0627\u0644\u0627\u0646\u062a\u0639\u0627\u0634 \u0627\u0644\u0641\u0648\u0631\u064a\u0629 \u0644\u0645\u062f\u0629 24 [&hellip;]<\/p>\n","protected":false},"featured_media":36162,"template":"","meta":[],"pwb-brand":[236],"product_brand":[],"product_cat":[1138],"product_tag":[693,1459],"class_list":{"0":"post-36184","1":"product","2":"type-product","3":"status-publish","4":"has-post-thumbnail","6":"pwb-brand-nivea","7":"product_cat-bath-and-shower","8":"product_tag-cleansing","9":"product_tag-1459","11":"first","12":"outofstock","13":"shipping-taxable","14":"product-type-variable","15":"has-default-attributes","16":"wvs-archive-product-wrapper"},"brands":[{"id":236,"name":"Nivea","slug":"nivea"}],"_links":{"self":[{"href":"https:\/\/gopinkish.com\/fr\/wp-json\/wp\/v2\/product\/36184","targetHints":{"allow":["GET"]}}],"collection":[{"href":"https:\/\/gopinkish.com\/fr\/wp-json\/wp\/v2\/product"}],"about":[{"href":"https:\/\/gopinkish.com\/fr\/wp-json\/wp\/v2\/types\/product"}],"wp:featuredmedia":[{"embeddable":true,"href":"https:\/\/gopinkish.com\/fr\/wp-json\/wp\/v2\/media\/36162"}],"wp:attachment":[{"href":"https:\/\/gopinkish.com\/fr\/wp-json\/wp\/v2\/media?parent=36184"}],"wp:term":[{"taxonomy":"pwb-brand","embeddable":true,"href":"https:\/\/gopinkish.com\/fr\/wp-json\/wp\/v2\/pwb-brand?post=36184"},{"taxonomy":"product_brand","embeddable":true,"href":"https:\/\/gopinkish.com\/fr\/wp-json\/wp\/v2\/product_brand?post=36184"},{"taxonomy":"product_cat","embeddable":true,"href":"https:\/\/gopinkish.com\/fr\/wp-json\/wp\/v2\/product_cat?post=36184"},{"taxonomy":"product_tag","embeddable":true,"href":"https:\/\/gopinkish.com\/fr\/wp-json\/wp\/v2\/product_tag?post=36184"}],"curies":[{"name":"wp","href":"https:\/\/api.w.org\/{rel}","templated":true}]}}