{"id":36180,"date":"2025-02-19T22:57:10","date_gmt":"2025-02-19T21:57:10","guid":{"rendered":"https:\/\/gopinkish.com\/?post_type=product&#038;p=36180"},"modified":"2026-03-23T12:09:39","modified_gmt":"2026-03-23T11:09:39","slug":"4005808130573","status":"publish","type":"product","link":"https:\/\/gopinkish.com\/fr\/produit\/4005808130573\/","title":{"rendered":"Gel douche apaisant pour la peau sensible des hommes"},"content":{"rendered":"<p style=\"text-align: justify;\">NIVEA Men's Sensitive Shower Gel with Bamboo Extract est un gel douche sp\u00e9cialement con\u00e7u pour les hommes \u00e0 la peau sensible. Sa formule apaisante \u00e0 l'extrait naturel de bambou nettoie le corps en douceur et calme les peaux irrit\u00e9es. Il procure une sensation de fra\u00eecheur et de confort sans provoquer de s\u00e9cheresse ou d'irritation. Convient \u00e0 un usage quotidien pour les peaux sensibles et sujettes aux irritations.<\/p>\n<p><strong>Principaux ingr\u00e9dients et caract\u00e9ristiques<\/strong><\/p>\n<ul>\n<li>L'extrait naturel de bambou apaise la peau<\/li>\n<li>Formule sans alcool et sans colorant<\/li>\n<li>Agents de nettoyage doux au pH \u00e9quilibr\u00e9<\/li>\n<li>Ingr\u00e9dients hydratants pour maintenir la peau hydrat\u00e9e<\/li>\n<\/ul>\n<p><strong>Principales caract\u00e9ristiques et avantages<\/strong><\/p>\n<ul>\n<li>Apaise les peaux sensibles et minimise les irritations<\/li>\n<li>Nettoie le corps en douceur sans dess\u00e9cher la peau<\/li>\n<li>Procure une sensation de fra\u00eecheur qui dure toute la journ\u00e9e<\/li>\n<li>Convient aux peaux sensibles sujettes aux rougeurs<\/li>\n<\/ul>\n<p style=\"text-align: center;\">\ud83c\uddec\ud83c\udde7 NIVEA MEN Sensitive - Apaiser et prot\u00e9ger la peau sensible<\/p>\n<p style=\"text-align: center;\">\ud83c\uddeb\ud83c\uddf7 NIVEA MEN Sensitive - Apaise et prot\u00e8ge les peaux sensibles<\/p>","protected":false},"excerpt":{"rendered":"<p>\u0645\u0646\u062a\u062c \u0646\u064a\u0641\u064a\u0627 \u0645\u064a\u0646 \u0633\u064a\u0646\u0633\u064a\u062a\u064a\u0641 \u0633\u0648\u0630\u0646\u063a \u0628\u062e\u0644\u0627\u0635\u0629 \u0627\u0644\u062e\u064a\u0632\u0631\u0627\u0646 \u0645\u0646 \u0646\u064a\u0641\u064a\u0627 \u0647\u0648 \u062c\u0644 \u0627\u0633\u062a\u062d\u0645\u0627\u0645 \u0645\u0635\u0645\u0645 \u062e\u0635\u064a\u0635\u064b\u0627 \u0644\u0644\u0631\u062c\u0627\u0644 \u0630\u0648\u064a \u0627\u0644\u0628\u0634\u0631\u0629 \u0627\u0644\u062d\u0633\u0627\u0633\u0629. \u062a\u0631\u0643\u064a\u0628\u062a\u0647 \u0627\u0644\u0645\u0644\u0637\u0641\u0629 \u0628\u062e\u0644\u0627\u0635\u0629 \u0627\u0644\u062e\u064a\u0632\u0631\u0627\u0646 \u0627\u0644\u0637\u0628\u064a\u0639\u064a\u0629 \u062a\u0646\u0638\u0641 \u0627\u0644\u062c\u0633\u0645 \u0628\u0644\u0637\u0641 \u0648\u062a\u0647\u062f\u0626 \u0627\u0644\u0628\u0634\u0631\u0629 \u0627\u0644\u0645\u062a\u0647\u064a\u062c\u0629. \u064a\u0645\u0646\u062d \u0634\u0639\u0648\u0631\u064b\u0627 \u0628\u0627\u0644\u0627\u0646\u062a\u0639\u0627\u0634 \u0648\u0627\u0644\u0631\u0627\u062d\u0629 \u062f\u0648\u0646 \u062a\u0633\u0628\u0628 \u0623\u064a \u062c\u0641\u0627\u0641 \u0623\u0648 \u062a\u0647\u064a\u062c. \u0645\u0646\u0627\u0633\u0628 \u0644\u0644\u0627\u0633\u062a\u062e\u062f\u0627\u0645 \u0627\u0644\u064a\u0648\u0645\u064a \u0644\u0644\u0628\u0634\u0631\u0629 \u0627\u0644\u062d\u0633\u0627\u0633\u0629 \u0648\u0627\u0644\u0645\u0639\u0631\u0636\u0629 \u0644\u0644\u062a\u0647\u064a\u062c. \u0627\u0644\u0645\u0643\u0648\u0646\u0627\u062a \u0648\u0627\u0644\u062e\u0635\u0627\u0626\u0635 \u0627\u0644\u0631\u0626\u064a\u0633\u064a\u0629 \u062e\u0644\u0627\u0635\u0629 \u0627\u0644\u062e\u064a\u0632\u0631\u0627\u0646 \u0627\u0644\u0637\u0628\u064a\u0639\u064a\u0629 \u0627\u0644\u0645\u0647\u062f\u0626\u0629 \u0644\u0644\u0628\u0634\u0631\u0629 \u062a\u0631\u0643\u064a\u0628\u0629 [&hellip;]<\/p>\n","protected":false},"featured_media":36154,"template":"","meta":[],"pwb-brand":[236],"product_brand":[],"product_cat":[1138],"product_tag":[1050,688,693,1459],"class_list":{"0":"post-36180","1":"product","2":"type-product","3":"status-publish","4":"has-post-thumbnail","6":"pwb-brand-nivea","7":"product_cat-bath-and-shower","8":"product_tag-1050","9":"product_tag-sensitive","10":"product_tag-cleansing","11":"product_tag-1459","13":"first","14":"instock","15":"shipping-taxable","16":"purchasable","17":"product-type-variable","18":"has-default-attributes","19":"wvs-archive-product-wrapper"},"brands":[{"id":236,"name":"Nivea","slug":"nivea"}],"_links":{"self":[{"href":"https:\/\/gopinkish.com\/fr\/wp-json\/wp\/v2\/product\/36180","targetHints":{"allow":["GET"]}}],"collection":[{"href":"https:\/\/gopinkish.com\/fr\/wp-json\/wp\/v2\/product"}],"about":[{"href":"https:\/\/gopinkish.com\/fr\/wp-json\/wp\/v2\/types\/product"}],"wp:featuredmedia":[{"embeddable":true,"href":"https:\/\/gopinkish.com\/fr\/wp-json\/wp\/v2\/media\/36154"}],"wp:attachment":[{"href":"https:\/\/gopinkish.com\/fr\/wp-json\/wp\/v2\/media?parent=36180"}],"wp:term":[{"taxonomy":"pwb-brand","embeddable":true,"href":"https:\/\/gopinkish.com\/fr\/wp-json\/wp\/v2\/pwb-brand?post=36180"},{"taxonomy":"product_brand","embeddable":true,"href":"https:\/\/gopinkish.com\/fr\/wp-json\/wp\/v2\/product_brand?post=36180"},{"taxonomy":"product_cat","embeddable":true,"href":"https:\/\/gopinkish.com\/fr\/wp-json\/wp\/v2\/product_cat?post=36180"},{"taxonomy":"product_tag","embeddable":true,"href":"https:\/\/gopinkish.com\/fr\/wp-json\/wp\/v2\/product_tag?post=36180"}],"curies":[{"name":"wp","href":"https:\/\/api.w.org\/{rel}","templated":true}]}}