{"id":36178,"date":"2025-02-19T22:57:10","date_gmt":"2025-02-19T21:57:10","guid":{"rendered":"https:\/\/gopinkish.com\/?post_type=product&#038;p=36178"},"modified":"2026-02-20T01:47:18","modified_gmt":"2026-02-20T00:47:18","slug":"3600524223328","status":"publish","type":"product","link":"https:\/\/gopinkish.com\/fr\/produit\/3600524223328\/","title":{"rendered":"Shampoing Elseve Color Protect pour cheveux color\u00e9s"},"content":{"rendered":"<p style=\"text-align:justify\">L'Or\u00e9al Elsev Colour Vive de L'Or\u00e9al est un shampooing sp\u00e9cialis\u00e9 dans la protection des cheveux color\u00e9s et trait\u00e9s chimiquement. Sa formule, enrichie d'un filtre UV et d'un extrait de canneberge, garde la couleur vibrante et \u00e9clatante plus longtemps. Il nettoie en douceur sans d\u00e9caper la couleur et laisse les cheveux doux et brillants. Convient \u00e0 tous les types de cheveux color\u00e9s.<\/p>\n<p><strong>Principaux ingr\u00e9dients et caract\u00e9ristiques<\/strong><\/p>\n<ul>\n<li>Filtres UV pour la protection des couleurs<\/li>\n<li>Extrait de canneberge antioxydant<\/li>\n<li>Prot\u00e9ines r\u00e9paratrices pour la structure des cheveux<\/li>\n<li>Formule dure sans sulfate<\/li>\n<\/ul>\n<p><strong>Principales caract\u00e9ristiques et avantages<\/strong><\/p>\n<ul>\n<li>Maintient la couleur des cheveux vivante et \u00e9clatante jusqu'\u00e0 60 jours<\/li>\n<li>Nettoie en douceur sans d\u00e9caper la couleur<\/li>\n<li>Nourrit les cheveux et leur donne une brillance naturelle<\/li>\n<li>Prot\u00e8ge contre la d\u00e9coloration caus\u00e9e par les lavages fr\u00e9quents<\/li>\n<\/ul>\n<p style=\"text-align:center\">\ud83c\uddec\ud83c\udde7 L'Or\u00e9al Elseve Color Vive - Couleur vibrante, brillance durable<\/p>\n<p style=\"text-align:center\">\ud83c\uddeb\ud83c\uddf7 L'Or\u00e9al Elseve Color Vive - Couleur \u00e9clatante, Brillance durable<\/p>","protected":false},"excerpt":{"rendered":"<p>\u0645\u0646\u062a\u062c \u0644\u0648\u0631\u064a\u0627\u0644 \u0625\u0644\u0633\u064a\u0641 \u0643\u0648\u0644\u0648\u0631 \u0641\u064a\u0641 \u0645\u0646 \u0644\u0648\u0631\u064a\u0627\u0644 \u0647\u0648 \u0634\u0627\u0645\u0628\u0648 \u0645\u062a\u062e\u0635\u0635 \u0641\u064a \u062d\u0645\u0627\u064a\u0629 \u0627\u0644\u0634\u0639\u0631 \u0627\u0644\u0645\u0635\u0628\u0648\u063a \u0648\u0627\u0644\u0645\u0639\u0627\u0644\u062c \u0643\u064a\u0645\u064a\u0627\u0626\u064a\u064b\u0627. \u062a\u0631\u0643\u064a\u0628\u062a\u0647 \u0627\u0644\u063a\u0646\u064a\u0629 \u0628\u0645\u0631\u0634\u062d \u0627\u0644\u0623\u0634\u0639\u0629 \u0641\u0648\u0642 \u0627\u0644\u0628\u0646\u0641\u0633\u062c\u064a\u0629 \u0648\u062e\u0644\u0627\u0635\u0629 \u0627\u0644\u062a\u0648\u062a \u0627\u0644\u0628\u0631\u064a \u062a\u062d\u0627\u0641\u0638 \u0639\u0644\u0649 \u062d\u064a\u0648\u064a\u0629 \u0627\u0644\u0644\u0648\u0646 \u0648\u0625\u0634\u0631\u0627\u0642\u0647 \u0644\u0641\u062a\u0631\u0629 \u0623\u0637\u0648\u0644. \u064a\u0646\u0638\u0641 \u0627\u0644\u0634\u0639\u0631 \u0628\u0644\u0637\u0641 \u062f\u0648\u0646 \u062a\u062c\u0631\u064a\u062f\u0647 \u0645\u0646 \u0627\u0644\u0644\u0648\u0646 \u0648\u064a\u0645\u0646\u062d\u0647 \u0645\u0644\u0645\u0633\u064b\u0627 \u0646\u0627\u0639\u0645\u064b\u0627 \u0648\u0644\u0627\u0645\u0639\u064b\u0627. \u0645\u0646\u0627\u0633\u0628 \u0644\u062c\u0645\u064a\u0639 \u0623\u0646\u0648\u0627\u0639 \u0627\u0644\u0634\u0639\u0631 \u0627\u0644\u0645\u0635\u0628\u0648\u063a. \u0627\u0644\u0645\u0643\u0648\u0646\u0627\u062a \u0648\u0627\u0644\u062e\u0635\u0627\u0626\u0635 \u0627\u0644\u0631\u0626\u064a\u0633\u064a\u0629 \u0645\u0631\u0634\u062d\u0627\u062a \u0627\u0644\u0623\u0634\u0639\u0629 \u0641\u0648\u0642 \u0627\u0644\u0628\u0646\u0641\u0633\u062c\u064a\u0629 [&hellip;]<\/p>\n","protected":false},"featured_media":36148,"template":"","meta":[],"pwb-brand":[239],"product_brand":[],"product_cat":[1156,1148],"product_tag":[749,1041],"class_list":{"0":"post-36178","1":"product","2":"type-product","3":"status-publish","4":"has-post-thumbnail","6":"pwb-brand-loreal","7":"product_cat-dyed-hair-care","8":"product_cat-hair-shampoo","9":"product_tag-749","10":"product_tag-1041","12":"first","13":"instock","14":"shipping-taxable","15":"purchasable","16":"product-type-variable","17":"has-default-attributes","18":"wvs-archive-product-wrapper"},"brands":[{"id":239,"name":"L'Or\u00e9al Paris","slug":"loreal"}],"_links":{"self":[{"href":"https:\/\/gopinkish.com\/fr\/wp-json\/wp\/v2\/product\/36178","targetHints":{"allow":["GET"]}}],"collection":[{"href":"https:\/\/gopinkish.com\/fr\/wp-json\/wp\/v2\/product"}],"about":[{"href":"https:\/\/gopinkish.com\/fr\/wp-json\/wp\/v2\/types\/product"}],"wp:featuredmedia":[{"embeddable":true,"href":"https:\/\/gopinkish.com\/fr\/wp-json\/wp\/v2\/media\/36148"}],"wp:attachment":[{"href":"https:\/\/gopinkish.com\/fr\/wp-json\/wp\/v2\/media?parent=36178"}],"wp:term":[{"taxonomy":"pwb-brand","embeddable":true,"href":"https:\/\/gopinkish.com\/fr\/wp-json\/wp\/v2\/pwb-brand?post=36178"},{"taxonomy":"product_brand","embeddable":true,"href":"https:\/\/gopinkish.com\/fr\/wp-json\/wp\/v2\/product_brand?post=36178"},{"taxonomy":"product_cat","embeddable":true,"href":"https:\/\/gopinkish.com\/fr\/wp-json\/wp\/v2\/product_cat?post=36178"},{"taxonomy":"product_tag","embeddable":true,"href":"https:\/\/gopinkish.com\/fr\/wp-json\/wp\/v2\/product_tag?post=36178"}],"curies":[{"name":"wp","href":"https:\/\/api.w.org\/{rel}","templated":true}]}}