{"id":36176,"date":"2025-02-19T22:57:09","date_gmt":"2025-02-19T21:57:09","guid":{"rendered":"https:\/\/gopinkish.com\/?post_type=product&#038;p=36176"},"modified":"2026-02-24T02:03:17","modified_gmt":"2026-02-24T01:03:17","slug":"3600523924189","status":"publish","type":"product","link":"https:\/\/gopinkish.com\/fr\/produit\/3600523924189\/","title":{"rendered":"Shampoing antipelliculaire et anti-d\u00e9mangeaisons pour hommes"},"content":{"rendered":"<p style=\"text-align: justify;\">L'Or\u00e9al Elvital Actirox + Equaderm est un shampooing masculin double action qui combat les pellicules et apaise le cuir chevelu irrit\u00e9. Sa formule enrichie de Zinc Pyrithione \u00e9limine les pellicules d\u00e8s la premi\u00e8re utilisation et pr\u00e9vient leur r\u00e9apparition. Donne aux cheveux un aspect propre et sain tout en maintenant l'\u00e9quilibre du cuir chevelu. Convient \u00e0 un usage quotidien pour les hommes ayant des cheveux normaux \u00e0 gras.<\/p>\n<p><strong>Principaux ingr\u00e9dients et caract\u00e9ristiques<\/strong><\/p>\n<ul>\n<li>Le zinc pyrithione est efficace pour \u00e9liminer les pellicules.<\/li>\n<li>Aquaderm Scalp Balancing Formula (formule \u00e9quilibrante pour le cuir chevelu)<\/li>\n<li>Agents nettoyants doux pour les cheveux et le cuir chevelu<\/li>\n<li>Vitamines nourrissantes pour renforcer la structure des cheveux<\/li>\n<\/ul>\n<p><strong>Principales caract\u00e9ristiques et avantages<\/strong><\/p>\n<ul>\n<li>\u00c9limine efficacement les pellicules d\u00e8s la premi\u00e8re application<\/li>\n<li>Apaise les d\u00e9mangeaisons et les irritations du cuir chevelu<\/li>\n<li>Nettoie les cheveux en profondeur sans les dess\u00e9cher<\/li>\n<li>Procure une sensation de fra\u00eecheur et de propret\u00e9 tout au long de la journ\u00e9e<\/li>\n<\/ul>\n<p style=\"text-align: center;\">\ud83c\uddec\ud83c\udde7 L'Or\u00e9al Elvital Homme - Combattre les pellicules, se sentir frais<\/p>\n<p style=\"text-align: center;\">\ud83c\uddeb\ud83c\uddf7 L'Or\u00e9al Elvital Hommes - Anti-pelliculaire, Fra\u00eecheur assur\u00e9e<\/p>","protected":false},"excerpt":{"rendered":"<p>\u0645\u0646\u062a\u062c \u0644\u0648\u0631\u064a\u0627\u0644 \u0625\u0644\u0641\u064a\u062a\u0627\u0644 \u0623\u0643\u062a\u064a\u0631\u0648\u0643\u0633 + \u0625\u0643\u0648\u0627\u062f\u0631\u0645 \u0645\u0646 \u0644\u0648\u0631\u064a\u0627\u0644 \u0647\u0648 \u0634\u0627\u0645\u0628\u0648 \u0631\u062c\u0627\u0644\u064a \u0645\u0632\u062f\u0648\u062c \u0627\u0644\u0645\u0641\u0639\u0648\u0644 \u064a\u0639\u0645\u0644 \u0639\u0644\u0649 \u0645\u0642\u0627\u0648\u0645\u0629 \u0627\u0644\u0642\u0634\u0631\u0629 \u0648\u062a\u0647\u062f\u0626\u0629 \u0641\u0631\u0648\u0629 \u0627\u0644\u0631\u0623\u0633 \u0627\u0644\u0645\u062a\u0647\u064a\u062c\u0629. \u062a\u0631\u0643\u064a\u0628\u062a\u0647 \u0627\u0644\u0645\u0639\u0632\u0632\u0629 \u0628\u0627\u0644\u0632\u0646\u0643 \u0628\u064a\u0631\u064a\u062b\u064a\u0648\u0646 \u062a\u0632\u064a\u0644 \u0627\u0644\u0642\u0634\u0631\u0629 \u0645\u0646 \u0627\u0644\u0627\u0633\u062a\u0639\u0645\u0627\u0644 \u0627\u0644\u0623\u0648\u0644 \u0648\u062a\u0645\u0646\u0639 \u0639\u0648\u062f\u062a\u0647\u0627. \u064a\u0645\u0646\u062d \u0627\u0644\u0634\u0639\u0631 \u0645\u0638\u0647\u0631\u064b\u0627 \u0646\u0638\u064a\u0641\u064b\u0627 \u0648\u0635\u062d\u064a\u064b\u0627 \u0645\u0639 \u0627\u0644\u062d\u0641\u0627\u0638 \u0639\u0644\u0649 \u062a\u0648\u0627\u0632\u0646 \u0641\u0631\u0648\u0629 \u0627\u0644\u0631\u0623\u0633. \u0645\u0646\u0627\u0633\u0628 \u0644\u0644\u0627\u0633\u062a\u062e\u062f\u0627\u0645 \u0627\u0644\u064a\u0648\u0645\u064a \u0644\u0644\u0631\u062c\u0627\u0644 \u0630\u0648\u064a \u0627\u0644\u0634\u0639\u0631 \u0627\u0644\u0639\u0627\u062f\u064a \u0625\u0644\u0649 \u0627\u0644\u062f\u0647\u0646\u064a. \u0627\u0644\u0645\u0643\u0648\u0646\u0627\u062a \u0648\u0627\u0644\u062e\u0635\u0627\u0626\u0635 \u0627\u0644\u0631\u0626\u064a\u0633\u064a\u0629 [&hellip;]<\/p>\n","protected":false},"featured_media":36147,"template":"","meta":[],"pwb-brand":[239],"product_brand":[],"product_cat":[1148],"product_tag":[693,692,691,1459],"class_list":{"0":"post-36176","1":"product","2":"type-product","3":"status-publish","4":"has-post-thumbnail","6":"pwb-brand-loreal","7":"product_cat-hair-shampoo","8":"product_tag-cleansing","9":"product_tag-headitching","10":"product_tag-dandruff","11":"product_tag-1459","13":"first","14":"instock","15":"shipping-taxable","16":"purchasable","17":"product-type-variable","18":"has-default-attributes","19":"wvs-archive-product-wrapper"},"brands":[{"id":239,"name":"L'Or\u00e9al Paris","slug":"loreal"}],"_links":{"self":[{"href":"https:\/\/gopinkish.com\/fr\/wp-json\/wp\/v2\/product\/36176","targetHints":{"allow":["GET"]}}],"collection":[{"href":"https:\/\/gopinkish.com\/fr\/wp-json\/wp\/v2\/product"}],"about":[{"href":"https:\/\/gopinkish.com\/fr\/wp-json\/wp\/v2\/types\/product"}],"wp:featuredmedia":[{"embeddable":true,"href":"https:\/\/gopinkish.com\/fr\/wp-json\/wp\/v2\/media\/36147"}],"wp:attachment":[{"href":"https:\/\/gopinkish.com\/fr\/wp-json\/wp\/v2\/media?parent=36176"}],"wp:term":[{"taxonomy":"pwb-brand","embeddable":true,"href":"https:\/\/gopinkish.com\/fr\/wp-json\/wp\/v2\/pwb-brand?post=36176"},{"taxonomy":"product_brand","embeddable":true,"href":"https:\/\/gopinkish.com\/fr\/wp-json\/wp\/v2\/product_brand?post=36176"},{"taxonomy":"product_cat","embeddable":true,"href":"https:\/\/gopinkish.com\/fr\/wp-json\/wp\/v2\/product_cat?post=36176"},{"taxonomy":"product_tag","embeddable":true,"href":"https:\/\/gopinkish.com\/fr\/wp-json\/wp\/v2\/product_tag?post=36176"}],"curies":[{"name":"wp","href":"https:\/\/api.w.org\/{rel}","templated":true}]}}