{"id":36143,"date":"2025-02-19T20:01:05","date_gmt":"2025-02-19T19:01:05","guid":{"rendered":"https:\/\/gopinkish.com\/?post_type=product&#038;p=36143"},"modified":"2026-02-20T01:47:57","modified_gmt":"2026-02-20T00:47:57","slug":"8002140032219","status":"publish","type":"product","link":"https:\/\/gopinkish.com\/fr\/produit\/8002140032219\/","title":{"rendered":"Dentifrice au charbon noir pour un blanchiment \u00e9clatant"},"content":{"rendered":"<p style=\"text-align:justify\">Pasta del Capitano Carbone Pasta Nera de Pasta del Capitano est un dentifrice au charbon actif inspir\u00e9 de formules pharmaceutiques classiques. Le charbon actif nettoie en profondeur, \u00e9limine les taches jaunes et blanchit les dents progressivement et en toute s\u00e9curit\u00e9. Sa formule pharmaceutique \u00e9quilibr\u00e9e prot\u00e8ge l'\u00e9mail et favorise la sant\u00e9 des gencives. Il procure une haleine fra\u00eeche et des dents plus blanches et plus \u00e9clatantes gr\u00e2ce \u00e0 une utilisation r\u00e9guli\u00e8re.<\/p>\n<p><strong>Principaux ingr\u00e9dients et caract\u00e9ristiques<\/strong><\/p>\n<ul>\n<li>Charbon actif purifi\u00e9 pour un blanchiment naturel des dents<\/li>\n<li>Le fluor pour renforcer l'\u00e9mail et prot\u00e9ger contre les caries<\/li>\n<li>Ingr\u00e9dients antibact\u00e9riens pour des gencives saines<\/li>\n<li>Menthol naturel pour une haleine fra\u00eeche de longue dur\u00e9e<\/li>\n<li>Formule pharmaceutique test\u00e9e et approuv\u00e9e<\/li>\n<\/ul>\n<p><strong>Principales caract\u00e9ristiques et avantages<\/strong><\/p>\n<ul>\n<li>Blanchit les dents et \u00e9limine progressivement les taches jaunes<\/li>\n<li>Nettoie en profondeur et \u00e9limine la plaque dentaire et le tartre<\/li>\n<li>Prot\u00e8ge l'\u00e9mail et renforce les dents<\/li>\n<li>Favorise la sant\u00e9 des gencives et pr\u00e9vient l'inflammation<\/li>\n<li>Procure une haleine fra\u00eeche qui dure des heures<\/li>\n<\/ul>\n<p style=\"text-align:center\">\ud83c\uddec\ud83c\udde7 Pasta del Capitano - Dentifrice noir au charbon actif<\/p>\n<p style=\"text-align:center\">\ud83c\uddeb\ud83c\uddf7 Pasta del Capitano - Dentifrice Noir au Charbon Actif<\/p>","protected":false},"excerpt":{"rendered":"<p>\u0645\u0646\u062a\u062c Pasta del Capitano Carbone Pasta Nera \u0645\u0646 Pasta del Capitano \u0647\u0648 \u0645\u0639\u062c\u0648\u0646 \u0623\u0633\u0646\u0627\u0646 \u0628\u0627\u0644\u0641\u062d\u0645 \u0627\u0644\u0646\u0634\u0637 \u0627\u0644\u0645\u0633\u062a\u0648\u062d\u0649 \u0645\u0646 \u0627\u0644\u062a\u0631\u0643\u064a\u0628\u0627\u062a \u0627\u0644\u0635\u064a\u062f\u0644\u0627\u0646\u064a\u0629 \u0627\u0644\u0643\u0644\u0627\u0633\u064a\u0643\u064a\u0629. \u064a\u0639\u0645\u0644 \u0627\u0644\u0641\u062d\u0645 \u0627\u0644\u0646\u0634\u0637 \u0639\u0644\u0649 \u0627\u0644\u062a\u0646\u0638\u064a\u0641 \u0627\u0644\u0639\u0645\u064a\u0642 \u0648\u0625\u0632\u0627\u0644\u0629 \u0627\u0644\u0628\u0642\u0639 \u0627\u0644\u0635\u0641\u0631\u0627\u0621 \u0648\u062a\u0628\u064a\u064a\u0636 \u0627\u0644\u0623\u0633\u0646\u0627\u0646 \u0628\u0634\u0643\u0644 \u062a\u062f\u0631\u064a\u062c\u064a \u0648\u0622\u0645\u0646. \u062a\u0631\u0643\u064a\u0628\u062a\u0647 \u0627\u0644\u0635\u064a\u062f\u0644\u0627\u0646\u064a\u0629 \u0627\u0644\u0645\u062a\u0648\u0627\u0632\u0646\u0629 \u062a\u062d\u0645\u064a \u0627\u0644\u0645\u064a\u0646\u0627 \u0648\u062a\u064f\u0639\u0632\u0650\u0651\u0632 \u0635\u062d\u0629 \u0627\u0644\u0644\u062b\u0629 \u0641\u064a \u0622\u0646\u064d \u0648\u0627\u062d\u062f. \u064a\u0645\u0646\u062d \u0646\u0641\u0633\u0627\u064b \u0645\u0646\u0639\u0634\u0627\u064b \u0648\u0623\u0633\u0646\u0627\u0646\u0627\u064b \u0623\u0643\u062b\u0631 \u0628\u064a\u0627\u0636\u0627\u064b \u0648\u0625\u0634\u0631\u0627\u0642\u0627\u064b \u0645\u0639 \u0627\u0644\u0627\u0633\u062a\u062e\u062f\u0627\u0645 [&hellip;]<\/p>\n","protected":false},"featured_media":36116,"template":"","meta":[],"pwb-brand":[],"product_brand":[],"product_cat":[1131],"product_tag":[760,706],"class_list":{"0":"post-36143","1":"product","2":"type-product","3":"status-publish","4":"has-post-thumbnail","6":"product_cat-tooth-paste","7":"product_tag-760","8":"product_tag-toothpaste","10":"first","11":"instock","12":"shipping-taxable","13":"purchasable","14":"product-type-variable","15":"has-default-attributes","16":"wvs-archive-product-wrapper"},"brands":[],"_links":{"self":[{"href":"https:\/\/gopinkish.com\/fr\/wp-json\/wp\/v2\/product\/36143","targetHints":{"allow":["GET"]}}],"collection":[{"href":"https:\/\/gopinkish.com\/fr\/wp-json\/wp\/v2\/product"}],"about":[{"href":"https:\/\/gopinkish.com\/fr\/wp-json\/wp\/v2\/types\/product"}],"wp:featuredmedia":[{"embeddable":true,"href":"https:\/\/gopinkish.com\/fr\/wp-json\/wp\/v2\/media\/36116"}],"wp:attachment":[{"href":"https:\/\/gopinkish.com\/fr\/wp-json\/wp\/v2\/media?parent=36143"}],"wp:term":[{"taxonomy":"pwb-brand","embeddable":true,"href":"https:\/\/gopinkish.com\/fr\/wp-json\/wp\/v2\/pwb-brand?post=36143"},{"taxonomy":"product_brand","embeddable":true,"href":"https:\/\/gopinkish.com\/fr\/wp-json\/wp\/v2\/product_brand?post=36143"},{"taxonomy":"product_cat","embeddable":true,"href":"https:\/\/gopinkish.com\/fr\/wp-json\/wp\/v2\/product_cat?post=36143"},{"taxonomy":"product_tag","embeddable":true,"href":"https:\/\/gopinkish.com\/fr\/wp-json\/wp\/v2\/product_tag?post=36143"}],"curies":[{"name":"wp","href":"https:\/\/api.w.org\/{rel}","templated":true}]}}