{"id":36141,"date":"2025-02-19T20:01:04","date_gmt":"2025-02-19T19:01:04","guid":{"rendered":"https:\/\/gopinkish.com\/?post_type=product&#038;p=36141"},"modified":"2026-03-23T12:52:49","modified_gmt":"2026-03-23T11:52:49","slug":"8712561483162","status":"publish","type":"product","link":"https:\/\/gopinkish.com\/fr\/produit\/8712561483162\/","title":{"rendered":"Lotion \u00e9claircissante au cacao avec une hydratation de 48 heures"},"content":{"rendered":"<p style=\"text-align:justify\">Vaseline Intensive Care Cocoa Radiant 48H Moisture de Vaseline est une luxueuse lotion corporelle \u00e0 base de beurre de cacao qui donne \u00e0 la peau un \u00e9clat exceptionnel et 48 heures d'hydratation. Cette lotion renforce l'hydratation de la peau et lui donne un \u00e9clat naturel, sain et dor\u00e9. Sa formule enrichie en beurre de cacao nourrit en profondeur et restaure l'\u00e9lasticit\u00e9 et la souplesse de la peau. Id\u00e9ale pour celles qui recherchent une hydratation efficace et un bel \u00e9clat.<\/p>\n<p><strong>Principaux ingr\u00e9dients et caract\u00e9ristiques<\/strong><\/p>\n<ul>\n<li>Beurre de cacao naturel pour une peau nourrie et \u00e9clatante<\/li>\n<li>Vaseline authentique pour prot\u00e9ger l'hydratation de la peau<\/li>\n<li>Compos\u00e9s hydratants pendant 48 heures<\/li>\n<li>Ingr\u00e9dients antioxydants pour r\u00e9g\u00e9n\u00e9rer les cellules de la peau<\/li>\n<li>Formule pour tous les types de peau<\/li>\n<\/ul>\n<p><strong>Principales caract\u00e9ristiques et avantages<\/strong><\/p>\n<ul>\n<li>Donne \u00e0 la peau un \u00e9clat dor\u00e9 et de la luminosit\u00e9<\/li>\n<li>Hydratation en profondeur qui dure 48 heures<\/li>\n<li>Renforce l'\u00e9lasticit\u00e9 de la peau et r\u00e9duit la s\u00e9cheresse<\/li>\n<li>Le parfum luxueux du cacao persiste sur la peau<\/li>\n<li>Convient \u00e0 l'usage quotidien et aux occasions<\/li>\n<\/ul>\n<p style=\"text-align:center\">\ud83c\uddec\ud83c\udde7 Vaseline Intensive Care - Cocoa Radiant 48H Moisture Lotion<\/p>\n<p style=\"text-align:center\">\ud83c\uddeb\ud83c\uddf7 Vaseline Intensive Care - Lotion \u00c9clat Cacao Hydratation 48H<\/p>","protected":false},"excerpt":{"rendered":"<p>\u0645\u0646\u062a\u062c Vaseline Intensive Care Cocoa Radiant 48H Moisture \u0645\u0646 Vaseline \u0647\u0648 \u0644\u0648\u0634\u0646 \u062c\u0633\u0645 \u0641\u0627\u062e\u0631 \u0628\u0632\u0628\u062f\u0629 \u0627\u0644\u0643\u0627\u0643\u0627\u0648 \u064a\u0645\u0646\u062d \u0627\u0644\u0628\u0634\u0631\u0629 \u062a\u0648\u0647\u062c\u0627\u064b \u0627\u0633\u062a\u062b\u0646\u0627\u0626\u064a\u0627\u064b \u0648\u062a\u0631\u0637\u064a\u0628\u0627\u064b \u064a\u062f\u0648\u0645 48 \u0633\u0627\u0639\u0629. \u064a\u064f\u0639\u0632\u0650\u0651\u0632 \u0647\u0630\u0627 \u0627\u0644\u0644\u0648\u0634\u0646 \u0631\u0637\u0648\u0628\u0629 \u0627\u0644\u0628\u0634\u0631\u0629 \u0648\u064a\u0645\u0646\u062d\u0647\u0627 \u0628\u0631\u064a\u0642\u0627\u064b \u0630\u0647\u0628\u064a\u0627\u064b \u0635\u062d\u064a\u0627\u064b \u0637\u0628\u064a\u0639\u064a\u0627\u064b. \u062a\u0631\u0643\u064a\u0628\u062a\u0647 \u0627\u0644\u063a\u0646\u064a\u0629 \u0628\u0632\u0628\u062f\u0629 \u0627\u0644\u0643\u0627\u0643\u0627\u0648 \u062a\u064f\u063a\u0630\u0650\u0651\u064a \u0627\u0644\u0628\u0634\u0631\u0629 \u0641\u064a \u0627\u0644\u0639\u0645\u0642 \u0648\u062a\u064f\u0639\u064a\u062f \u0625\u0644\u064a\u0647\u0627 \u0645\u0631\u0648\u0646\u062a\u0647\u0627 \u0648\u0646\u0636\u0627\u0631\u062a\u0647\u0627. \u0645\u062b\u0627\u0644\u064a \u0644\u0645\u0646 \u064a\u0628\u062d\u062b \u0639\u0646 \u062a\u0631\u0637\u064a\u0628 \u0641\u0639\u0651\u0627\u0644 \u0645\u0639 \u0644\u0645\u0633\u0629 \u062a\u0648\u0647\u062c [&hellip;]<\/p>\n","protected":false},"featured_media":36115,"template":"","meta":[],"pwb-brand":[460],"product_brand":[],"product_cat":[1137],"product_tag":[696,697,685,680],"class_list":{"0":"post-36141","1":"product","2":"type-product","3":"status-publish","4":"has-post-thumbnail","6":"pwb-brand-vaseline","7":"product_cat-body-moist","8":"product_tag-dryskin","9":"product_tag-moisturizing","10":"product_tag-brightening","11":"product_tag-dryness","13":"first","14":"instock","15":"shipping-taxable","16":"purchasable","17":"product-type-variable","18":"has-default-attributes","19":"wvs-archive-product-wrapper"},"brands":[{"id":460,"name":"Vaseline","slug":"vaseline"}],"_links":{"self":[{"href":"https:\/\/gopinkish.com\/fr\/wp-json\/wp\/v2\/product\/36141","targetHints":{"allow":["GET"]}}],"collection":[{"href":"https:\/\/gopinkish.com\/fr\/wp-json\/wp\/v2\/product"}],"about":[{"href":"https:\/\/gopinkish.com\/fr\/wp-json\/wp\/v2\/types\/product"}],"wp:featuredmedia":[{"embeddable":true,"href":"https:\/\/gopinkish.com\/fr\/wp-json\/wp\/v2\/media\/36115"}],"wp:attachment":[{"href":"https:\/\/gopinkish.com\/fr\/wp-json\/wp\/v2\/media?parent=36141"}],"wp:term":[{"taxonomy":"pwb-brand","embeddable":true,"href":"https:\/\/gopinkish.com\/fr\/wp-json\/wp\/v2\/pwb-brand?post=36141"},{"taxonomy":"product_brand","embeddable":true,"href":"https:\/\/gopinkish.com\/fr\/wp-json\/wp\/v2\/product_brand?post=36141"},{"taxonomy":"product_cat","embeddable":true,"href":"https:\/\/gopinkish.com\/fr\/wp-json\/wp\/v2\/product_cat?post=36141"},{"taxonomy":"product_tag","embeddable":true,"href":"https:\/\/gopinkish.com\/fr\/wp-json\/wp\/v2\/product_tag?post=36141"}],"curies":[{"name":"wp","href":"https:\/\/api.w.org\/{rel}","templated":true}]}}