{"id":36139,"date":"2025-02-19T20:01:03","date_gmt":"2025-02-19T19:01:03","guid":{"rendered":"https:\/\/gopinkish.com\/?post_type=product&#038;p=36139"},"modified":"2026-02-20T01:48:21","modified_gmt":"2026-02-20T00:48:21","slug":"8712561484398","status":"publish","type":"product","link":"https:\/\/gopinkish.com\/fr\/produit\/8712561484398\/","title":{"rendered":"Une lotion hydratante super essentielle pour soigner la peau s\u00e8che"},"content":{"rendered":"<p style=\"text-align:justify\">Vaseline Intensive Care Essential 48H Moisture est une lotion corporelle hydratante ultra-puissante qui assure une hydratation continue pendant 48 heures. Sa formule avanc\u00e9e traite la s\u00e9cheresse profonde et gu\u00e9rit la peau s\u00e8che et ab\u00eem\u00e9e avec une rapidit\u00e9 remarquable. Elle p\u00e9n\u00e8tre rapidement pour une douceur et une hydratation instantan\u00e9es qui durent toute la journ\u00e9e et jusqu'\u00e0 la nuit suivante. Id\u00e9al pour les peaux qui ont besoin d'une hydratation intensive et continue.<\/p>\n<p><strong>Principaux ingr\u00e9dients et caract\u00e9ristiques<\/strong><\/p>\n<ul>\n<li>Vaseline authentique pour prot\u00e9ger l'humidit\u00e9 dans les couches de la peau<\/li>\n<li>Glyc\u00e9rine et hydratants efficaces pour une hydratation durable<\/li>\n<li>Des ingr\u00e9dients nutritifs qui reconstruisent la peau endommag\u00e9e<\/li>\n<li>Formule l\u00e9g\u00e8re \u00e0 absorption rapide<\/li>\n<li>Test\u00e9 et recommand\u00e9 par les m\u00e9decins<\/li>\n<\/ul>\n<p><strong>Principales caract\u00e9ristiques et avantages<\/strong><\/p>\n<ul>\n<li>Une hydratation exceptionnelle qui dure 48 heures<\/li>\n<li>Gu\u00e9rit la peau s\u00e8che et pr\u00e9vient le dess\u00e8chement<\/li>\n<li>Procure une douceur instantan\u00e9e et durable<\/li>\n<li>Prot\u00e8ge la peau des facteurs environnementaux nocifs<\/li>\n<li>Convient aux peaux s\u00e8ches et tr\u00e8s s\u00e8ches<\/li>\n<\/ul>\n<p style=\"text-align:center\">\ud83c\uddec\ud83c\udde7 Vaseline Intensive Care - Essential 48H Moisture Healing Lotion<\/p>\n<p style=\"text-align:center\">\ud83c\uddeb\ud83c\uddf7 Vaseline Intensive Care - Lotion Hydratation Essentielle 48H<\/p>","protected":false},"excerpt":{"rendered":"<p>\u0645\u0646\u062a\u062c Vaseline Intensive Care Essential 48H Moisture \u0645\u0646 Vaseline \u0647\u0648 \u0644\u0648\u0634\u0646 \u062c\u0633\u0645 \u0645\u0631\u0637\u0628 \u0641\u0627\u0626\u0642 \u0627\u0644\u0641\u0639\u0627\u0644\u064a\u0629 \u064a\u0648\u0641\u0631 \u062a\u0631\u0637\u064a\u0628\u0627\u064b \u0645\u0633\u062a\u0645\u0631\u0627\u064b \u0644\u0645\u062f\u0629 48 \u0633\u0627\u0639\u0629 \u0645\u062a\u0648\u0627\u0635\u0644\u0629. \u062a\u0631\u0643\u064a\u0628\u062a\u0647 \u0627\u0644\u0645\u062a\u0642\u062f\u0645\u0629 \u062a\u064f\u0639\u0627\u0644\u0650\u062c \u0627\u0644\u062c\u0641\u0627\u0641 \u0627\u0644\u0639\u0645\u064a\u0642 \u0648\u062a\u064f\u0634\u0641\u064a \u0627\u0644\u0628\u0634\u0631\u0629 \u0627\u0644\u062c\u0627\u0641\u0629 \u0648\u0627\u0644\u0645\u062a\u0636\u0631\u0631\u0629 \u0628\u0633\u0631\u0639\u0629 \u0645\u0644\u062d\u0648\u0638\u0629. \u064a\u0645\u062a\u0635 \u0628\u0633\u0631\u0639\u0629 \u0644\u064a\u0645\u0646\u062d \u0627\u0644\u0628\u0634\u0631\u0629 \u0646\u0639\u0648\u0645\u0629 \u0641\u0648\u0631\u064a\u0629 \u0648\u062a\u0631\u0637\u064a\u0628\u0627\u064b \u064a\u062f\u0648\u0645 \u0637\u0648\u0627\u0644 \u0627\u0644\u064a\u0648\u0645 \u0648\u0627\u0644\u0644\u064a\u0644\u0629 \u0627\u0644\u062a\u0627\u0644\u064a\u0629. \u0645\u062b\u0627\u0644\u064a \u0644\u0644\u0628\u0634\u0631\u0629 \u0627\u0644\u062a\u064a \u062a\u062d\u062a\u0627\u062c \u0625\u0644\u0649 \u062a\u0631\u0637\u064a\u0628 \u0645\u0643\u062b\u0641 \u0648\u0645\u0633\u062a\u0645\u0631. \u0627\u0644\u0645\u0643\u0648\u0646\u0627\u062a \u0648\u0627\u0644\u062e\u0635\u0627\u0626\u0635 [&hellip;]<\/p>\n","protected":false},"featured_media":36114,"template":"","meta":[],"pwb-brand":[460],"product_brand":[],"product_cat":[1137],"product_tag":[696,697,684,680],"class_list":{"0":"post-36139","1":"product","2":"type-product","3":"status-publish","4":"has-post-thumbnail","6":"pwb-brand-vaseline","7":"product_cat-body-moist","8":"product_tag-dryskin","9":"product_tag-moisturizing","10":"product_tag-restoration","11":"product_tag-dryness","13":"first","14":"instock","15":"shipping-taxable","16":"purchasable","17":"product-type-variable","18":"has-default-attributes","19":"wvs-archive-product-wrapper"},"brands":[{"id":460,"name":"Vaseline","slug":"vaseline"}],"_links":{"self":[{"href":"https:\/\/gopinkish.com\/fr\/wp-json\/wp\/v2\/product\/36139","targetHints":{"allow":["GET"]}}],"collection":[{"href":"https:\/\/gopinkish.com\/fr\/wp-json\/wp\/v2\/product"}],"about":[{"href":"https:\/\/gopinkish.com\/fr\/wp-json\/wp\/v2\/types\/product"}],"wp:featuredmedia":[{"embeddable":true,"href":"https:\/\/gopinkish.com\/fr\/wp-json\/wp\/v2\/media\/36114"}],"wp:attachment":[{"href":"https:\/\/gopinkish.com\/fr\/wp-json\/wp\/v2\/media?parent=36139"}],"wp:term":[{"taxonomy":"pwb-brand","embeddable":true,"href":"https:\/\/gopinkish.com\/fr\/wp-json\/wp\/v2\/pwb-brand?post=36139"},{"taxonomy":"product_brand","embeddable":true,"href":"https:\/\/gopinkish.com\/fr\/wp-json\/wp\/v2\/product_brand?post=36139"},{"taxonomy":"product_cat","embeddable":true,"href":"https:\/\/gopinkish.com\/fr\/wp-json\/wp\/v2\/product_cat?post=36139"},{"taxonomy":"product_tag","embeddable":true,"href":"https:\/\/gopinkish.com\/fr\/wp-json\/wp\/v2\/product_tag?post=36139"}],"curies":[{"name":"wp","href":"https:\/\/api.w.org\/{rel}","templated":true}]}}