{"id":36137,"date":"2025-02-19T20:01:02","date_gmt":"2025-02-19T19:01:02","guid":{"rendered":"https:\/\/gopinkish.com\/?post_type=product&#038;p=36137"},"modified":"2026-04-05T14:20:52","modified_gmt":"2026-04-05T13:20:52","slug":"8712561479806","status":"publish","type":"product","link":"https:\/\/gopinkish.com\/fr\/produit\/8712561479806\/","title":{"rendered":"Une lotion de traitement essentielle pour soigner les peaux s\u00e8ches"},"content":{"rendered":"<p style=\"text-align:justify\">Vaseline Intensive Care Essential Healing de Vaseline est une lotion corporelle th\u00e9rapeutique sp\u00e9cialis\u00e9e pour les peaux tr\u00e8s s\u00e8ches et craquel\u00e9es. Elle reconstruit la barri\u00e8re naturelle de la peau et offre une hydratation profonde et durable. Sa formule, enrichie de vaseline authentique, soigne efficacement la peau s\u00e8che d\u00e8s la premi\u00e8re utilisation. Elle procure une douceur continue et une protection contre le dess\u00e8chement et les ger\u00e7ures.<\/p>\n<p><strong>Principaux ingr\u00e9dients et caract\u00e9ristiques<\/strong><\/p>\n<ul>\n<li>Vaseline hautement concentr\u00e9e en cas de s\u00e9cheresse s\u00e9v\u00e8re<\/li>\n<li>La glyc\u00e9rine naturelle attire l'humidit\u00e9 vers la peau<\/li>\n<li>Ingr\u00e9dients r\u00e9parateurs qui reconstituent la barri\u00e8re cutan\u00e9e<\/li>\n<li>Formule douce test\u00e9e cliniquement<\/li>\n<li>Sans ingr\u00e9dients irritants<\/li>\n<\/ul>\n<p><strong>Principales caract\u00e9ristiques et avantages<\/strong><\/p>\n<ul>\n<li>Traite efficacement la s\u00e9cheresse et les fissures s\u00e9v\u00e8res<\/li>\n<li>Reconstruit la barri\u00e8re naturelle de la peau<\/li>\n<li>Hydratation profonde et durable<\/li>\n<li>Apaise la s\u00e9cheresse caus\u00e9e par le froid et les facteurs externes<\/li>\n<li>Convient aux peaux tr\u00e8s s\u00e8ches et gerc\u00e9es<\/li>\n<\/ul>\n<p style=\"text-align:center\">\ud83c\uddec\ud83c\udde7 Vaseline Intensive Care - Lotion de soin essentielle pour les peaux s\u00e8ches<\/p>\n<p style=\"text-align:center\">\ud83c\uddeb\ud83c\uddf7 Vaseline Intensive Care - Lotion Soin Essentiel pour Peau S\u00e8che<\/p>","protected":false},"excerpt":{"rendered":"<p>\u0645\u0646\u062a\u062c Vaseline Intensive Care Essential Healing \u0645\u0646 Vaseline \u0647\u0648 \u0644\u0648\u0634\u0646 \u062c\u0633\u0645 \u0639\u0644\u0627\u062c\u064a \u0645\u062a\u062e\u0635\u0635 \u0644\u0644\u0628\u0634\u0631\u0629 \u0627\u0644\u062c\u0627\u0641\u0629 \u062c\u062f\u0627\u064b \u0648\u0627\u0644\u0645\u062a\u0634\u0642\u0642\u0629. \u064a\u0639\u0645\u0644 \u0639\u0644\u0649 \u0625\u0639\u0627\u062f\u0629 \u0628\u0646\u0627\u0621 \u0627\u0644\u062d\u0627\u062c\u0632 \u0627\u0644\u062c\u0644\u062f\u064a \u0627\u0644\u0637\u0628\u064a\u0639\u064a \u0648\u064a\u0648\u0641\u0631 \u062a\u0631\u0637\u064a\u0628\u0627\u064b \u0639\u0645\u064a\u0642\u0627\u064b \u0648\u0637\u0648\u064a\u0644 \u0627\u0644\u0623\u0645\u062f. \u062a\u0631\u0643\u064a\u0628\u062a\u0647 \u0627\u0644\u0645\u062f\u0639\u0648\u0645\u0629 \u0628\u0627\u0644\u0641\u0627\u0632\u0644\u064a\u0646 \u0627\u0644\u0623\u0635\u064a\u0644 \u062a\u064f\u0634\u0641\u064a \u0627\u0644\u0628\u0634\u0631\u0629 \u0627\u0644\u062c\u0627\u0641\u0629 \u0628\u0641\u0639\u0627\u0644\u064a\u0629 \u0639\u0627\u0644\u064a\u0629 \u0645\u0646\u0630 \u0627\u0644\u0627\u0633\u062a\u062e\u062f\u0627\u0645 \u0627\u0644\u0623\u0648\u0644. \u064a\u0645\u0646\u062d \u0627\u0644\u0628\u0634\u0631\u0629 \u0646\u0639\u0648\u0645\u0629 \u0648\u062d\u0645\u0627\u064a\u0629 \u0645\u0633\u062a\u0645\u0631\u0629 \u0636\u062f \u0627\u0644\u062c\u0641\u0627\u0641 \u0648\u0627\u0644\u062a\u0634\u0642\u0642. \u0627\u0644\u0645\u0643\u0648\u0646\u0627\u062a \u0648\u0627\u0644\u062e\u0635\u0627\u0626\u0635 \u0627\u0644\u0631\u0626\u064a\u0633\u064a\u0629 \u0641\u0627\u0632\u0644\u064a\u0646 \u0627\u0644\u0623\u0635\u064a\u0644 \u0628\u062a\u0631\u0643\u064a\u0632 [&hellip;]<\/p>\n","protected":false},"featured_media":36113,"template":"","meta":[],"pwb-brand":[460],"product_brand":[],"product_cat":[1137],"product_tag":[696,697,684,680],"class_list":{"0":"post-36137","1":"product","2":"type-product","3":"status-publish","4":"has-post-thumbnail","6":"pwb-brand-vaseline","7":"product_cat-body-moist","8":"product_tag-dryskin","9":"product_tag-moisturizing","10":"product_tag-restoration","11":"product_tag-dryness","13":"first","14":"instock","15":"shipping-taxable","16":"purchasable","17":"product-type-variable","18":"has-default-attributes","19":"wvs-archive-product-wrapper"},"brands":[{"id":460,"name":"Vaseline","slug":"vaseline"}],"_links":{"self":[{"href":"https:\/\/gopinkish.com\/fr\/wp-json\/wp\/v2\/product\/36137","targetHints":{"allow":["GET"]}}],"collection":[{"href":"https:\/\/gopinkish.com\/fr\/wp-json\/wp\/v2\/product"}],"about":[{"href":"https:\/\/gopinkish.com\/fr\/wp-json\/wp\/v2\/types\/product"}],"wp:featuredmedia":[{"embeddable":true,"href":"https:\/\/gopinkish.com\/fr\/wp-json\/wp\/v2\/media\/36113"}],"wp:attachment":[{"href":"https:\/\/gopinkish.com\/fr\/wp-json\/wp\/v2\/media?parent=36137"}],"wp:term":[{"taxonomy":"pwb-brand","embeddable":true,"href":"https:\/\/gopinkish.com\/fr\/wp-json\/wp\/v2\/pwb-brand?post=36137"},{"taxonomy":"product_brand","embeddable":true,"href":"https:\/\/gopinkish.com\/fr\/wp-json\/wp\/v2\/product_brand?post=36137"},{"taxonomy":"product_cat","embeddable":true,"href":"https:\/\/gopinkish.com\/fr\/wp-json\/wp\/v2\/product_cat?post=36137"},{"taxonomy":"product_tag","embeddable":true,"href":"https:\/\/gopinkish.com\/fr\/wp-json\/wp\/v2\/product_tag?post=36137"}],"curies":[{"name":"wp","href":"https:\/\/api.w.org\/{rel}","templated":true}]}}