{"id":36135,"date":"2025-02-19T20:01:01","date_gmt":"2025-02-19T19:01:01","guid":{"rendered":"https:\/\/gopinkish.com\/?post_type=product&#038;p=36135"},"modified":"2026-03-15T12:30:32","modified_gmt":"2026-03-15T11:30:32","slug":"8901030021268","status":"publish","type":"product","link":"https:\/\/gopinkish.com\/fr\/produit\/8901030021268\/","title":{"rendered":"Huile corporelle \u00e0 la vitamine B3 pour un teint uniforme"},"content":{"rendered":"<p style=\"text-align: justify;\">Vaseline Intensive Care Vitamin B3 Body Oil de Vaseline est une huile corporelle enrichie en vitamine B3 (niacinamide) connue pour ses propri\u00e9t\u00e9s \u00e9claircissantes et tonifiantes. Elle unifie le teint, att\u00e9nue les taches brunes et donne \u00e0 la peau un \u00e9clat sain. Sa formule luxueuse hydrate et nourrit la peau tout en apportant un soin anti-pigmentation intensif. Id\u00e9ale pour un teint unifi\u00e9 et un \u00e9clat sain.<\/p>\n<p><strong>Principaux ingr\u00e9dients et caract\u00e9ristiques<\/strong><\/p>\n<ul>\n<li>Niacinamide (vitamine B3) pour unifier la couleur<\/li>\n<li>La cr\u00e8me hydratante et protectrice originale de Vaseline<\/li>\n<li>Huiles nourrissantes pour la r\u00e9paration de la barri\u00e8re cutan\u00e9e<\/li>\n<li>Compos\u00e9s anti-pigmentation et anti-taches<\/li>\n<li>Formule l\u00e9g\u00e8re \u00e0 absorption rapide<\/li>\n<\/ul>\n<p><strong>Principales caract\u00e9ristiques et avantages<\/strong><\/p>\n<ul>\n<li>Uniformise le teint et att\u00e9nue les taches brunes<\/li>\n<li>Donne \u00e0 la peau un \u00e9clat naturel et sain<\/li>\n<li>Hydrate en profondeur pour une hydratation tout au long de la journ\u00e9e<\/li>\n<li>Am\u00e9liore la texture de la peau et la rend plus lisse<\/li>\n<li>Convient \u00e0 tous les types de peau<\/li>\n<\/ul>\n<p style=\"text-align: center;\">\ud83c\uddec\ud83c\udde7 Vaseline Intensive Care - Huile corporelle \u00e0 la vitamine B3 pour un teint sain et uniforme<\/p>\n<p style=\"text-align: center;\">\ud83c\uddeb\ud83c\uddf7 Vaseline Intensive Care - Huile Corps Vitamine B3 Teint Unifi\u00e9<\/p>","protected":false},"excerpt":{"rendered":"<p>\u0645\u0646\u062a\u062c Vaseline Intensive Care Vitamin B3 Body Oil \u0645\u0646 Vaseline \u0647\u0648 \u0632\u064a\u062a \u062c\u0633\u0645 \u063a\u0646\u064a \u0628\u0641\u064a\u062a\u0627\u0645\u064a\u0646 B3 (\u0627\u0644\u0646\u064a\u0627\u0633\u064a\u0646\u0627\u0645\u064a\u062f) \u0627\u0644\u0645\u0639\u0631\u0648\u0641 \u0628\u062e\u0635\u0627\u0626\u0635\u0647 \u0627\u0644\u0645\u0641\u062a\u0650\u0651\u062d\u0629 \u0648\u0627\u0644\u0645\u064f\u0648\u062d\u0650\u0651\u062f\u0629 \u0644\u0644\u0648\u0646 \u0627\u0644\u0628\u0634\u0631\u0629. \u064a\u0639\u0645\u0644 \u0639\u0644\u0649 \u062a\u0648\u062d\u064a\u062f \u062f\u0631\u062c\u0629 \u0627\u0644\u0644\u0648\u0646 \u0648\u062a\u0642\u0644\u064a\u0644 \u0627\u0644\u0628\u0642\u0639 \u0627\u0644\u062f\u0627\u0643\u0646\u0629 \u0648\u0625\u0636\u0641\u0627\u0621 \u062a\u0648\u0647\u062c \u0635\u062d\u064a \u0639\u0644\u0649 \u0627\u0644\u0628\u0634\u0631\u0629. \u062a\u0631\u0643\u064a\u0628\u062a\u0647 \u0627\u0644\u0641\u0627\u062e\u0631\u0629 \u062a\u064f\u0631\u0637\u0650\u0651\u0628 \u0627\u0644\u0628\u0634\u0631\u0629 \u0648\u062a\u064f\u063a\u0630\u0650\u0651\u064a\u0647\u0627 \u0645\u0639 \u062a\u0648\u0641\u064a\u0631 \u0639\u0646\u0627\u064a\u0629 \u0645\u0643\u062b\u0641\u0629 \u0645\u0636\u0627\u062f\u0629 \u0644\u0644\u062a\u0635\u0628\u063a. \u0645\u062b\u0627\u0644\u064a \u0644\u0644\u062d\u0635\u0648\u0644 \u0639\u0644\u0649 \u0628\u0634\u0631\u0629 \u0645\u0648\u062d\u062f\u0629 \u0627\u0644\u0644\u0648\u0646 \u0648\u0630\u0627\u062a \u062a\u0648\u0647\u062c [&hellip;]<\/p>\n","protected":false},"featured_media":36112,"template":"","meta":[],"pwb-brand":[460],"product_brand":[],"product_cat":[1137],"product_tag":[696,675,697,685,671],"class_list":{"0":"post-36135","1":"product","2":"type-product","3":"status-publish","4":"has-post-thumbnail","6":"pwb-brand-vaseline","7":"product_cat-body-moist","8":"product_tag-dryskin","9":"product_tag-spots","10":"product_tag-moisturizing","11":"product_tag-brightening","12":"product_tag-pigmentation","14":"first","15":"outofstock","16":"shipping-taxable","17":"product-type-variable","18":"has-default-attributes","19":"wvs-archive-product-wrapper"},"brands":[{"id":460,"name":"Vaseline","slug":"vaseline"}],"_links":{"self":[{"href":"https:\/\/gopinkish.com\/fr\/wp-json\/wp\/v2\/product\/36135","targetHints":{"allow":["GET"]}}],"collection":[{"href":"https:\/\/gopinkish.com\/fr\/wp-json\/wp\/v2\/product"}],"about":[{"href":"https:\/\/gopinkish.com\/fr\/wp-json\/wp\/v2\/types\/product"}],"wp:featuredmedia":[{"embeddable":true,"href":"https:\/\/gopinkish.com\/fr\/wp-json\/wp\/v2\/media\/36112"}],"wp:attachment":[{"href":"https:\/\/gopinkish.com\/fr\/wp-json\/wp\/v2\/media?parent=36135"}],"wp:term":[{"taxonomy":"pwb-brand","embeddable":true,"href":"https:\/\/gopinkish.com\/fr\/wp-json\/wp\/v2\/pwb-brand?post=36135"},{"taxonomy":"product_brand","embeddable":true,"href":"https:\/\/gopinkish.com\/fr\/wp-json\/wp\/v2\/product_brand?post=36135"},{"taxonomy":"product_cat","embeddable":true,"href":"https:\/\/gopinkish.com\/fr\/wp-json\/wp\/v2\/product_cat?post=36135"},{"taxonomy":"product_tag","embeddable":true,"href":"https:\/\/gopinkish.com\/fr\/wp-json\/wp\/v2\/product_tag?post=36135"}],"curies":[{"name":"wp","href":"https:\/\/api.w.org\/{rel}","templated":true}]}}