{"id":36133,"date":"2025-02-19T20:01:01","date_gmt":"2025-02-19T19:01:01","guid":{"rendered":"https:\/\/gopinkish.com\/?post_type=product&#038;p=36133"},"modified":"2026-02-20T01:48:42","modified_gmt":"2026-02-20T00:48:42","slug":"8712561485579","status":"publish","type":"product","link":"https:\/\/gopinkish.com\/fr\/produit\/8712561485579\/","title":{"rendered":"Gel-huile corporel au beurre de cacao pour un \u00e9clat et une luminosit\u00e9 incomparables"},"content":{"rendered":"<p style=\"text-align:justify\">Vaseline Intensive Care Cocoa Radiant Body Oil Gel de Vaseline est un luxueux gel-huile pour le corps inspir\u00e9 par la puissance du beurre de cacao naturel. Elle donne \u00e0 la peau un \u00e9clat exceptionnel et une brillance dor\u00e9e qui dure longtemps apr\u00e8s l'application. Elle hydrate en profondeur et redonne \u00e0 la peau son \u00e9clat naturel. Sa formule hydrogel \u00e0 absorption rapide ne laisse aucun r\u00e9sidu gras ou collant.<\/p>\n<p><strong>Principaux ingr\u00e9dients et caract\u00e9ristiques<\/strong><\/p>\n<ul>\n<li>Beurre de cacao naturel riche en antioxydants<\/li>\n<li>Vaseline Authentic Protect and Moisturise<\/li>\n<li>Des particules d'or pour un \u00e9clat double<\/li>\n<li>Formule de gel d'eau \u00e0 absorption rapide<\/li>\n<li>Ingr\u00e9dients nourrissants pour r\u00e9parer la peau s\u00e8che<\/li>\n<\/ul>\n<p><strong>Principales caract\u00e9ristiques et avantages<\/strong><\/p>\n<ul>\n<li>Donne \u00e0 la peau un \u00e9clat dor\u00e9 instantan\u00e9 et de la luminosit\u00e9<\/li>\n<li>Hydrate la peau en profondeur et de mani\u00e8re durable<\/li>\n<li>Am\u00e9liore l'\u00e9lasticit\u00e9 et la douceur de la peau<\/li>\n<li>L\u00e9ger et non com\u00e9dog\u00e8ne<\/li>\n<li>Parfait pour les \u00e9v\u00e9nements et l'usage quotidien<\/li>\n<\/ul>\n<p style=\"text-align:center\">\ud83c\uddec\ud83c\udde7 Vaseline Intensive Care - Huile corporelle radieuse au beurre de cacao pur<\/p>\n<p style=\"text-align:center\">\ud83c\uddeb\ud83c\uddf7 Vaseline Intensive Care - Huile Corps \u00c9clat Cacao au Beurre de Cacao Pur<\/p>","protected":false},"excerpt":{"rendered":"<p>\u0645\u0646\u062a\u062c Vaseline Intensive Care Cocoa Radiant Body Oil Gel \u0645\u0646 Vaseline \u0647\u0648 \u0632\u064a\u062a \u062c\u0644 \u0641\u0627\u062e\u0631 \u0644\u0644\u062c\u0633\u0645 \u0645\u0633\u062a\u0648\u062d\u0649 \u0645\u0646 \u0642\u0648\u0629 \u0632\u0628\u062f\u0629 \u0627\u0644\u0643\u0627\u0643\u0627\u0648 \u0627\u0644\u0637\u0628\u064a\u0639\u064a\u0629. \u064a\u0645\u0646\u062d \u0627\u0644\u0628\u0634\u0631\u0629 \u062a\u0648\u0647\u062c\u0627\u064b \u0627\u0633\u062a\u062b\u0646\u0627\u0626\u064a\u0627\u064b \u0648\u0628\u0631\u064a\u0642\u0627\u064b \u0630\u0647\u0628\u064a\u0627\u064b \u064a\u062f\u0648\u0645 \u0637\u0648\u064a\u0644\u0627\u064b \u0628\u0639\u062f \u0627\u0644\u0627\u0633\u062a\u062e\u062f\u0627\u0645. \u064a\u064f\u0631\u0637\u0650\u0651\u0628 \u0627\u0644\u0628\u0634\u0631\u0629 \u0641\u064a \u0627\u0644\u0639\u0645\u0642 \u0648\u064a\u064f\u0639\u064a\u062f \u0625\u0644\u064a\u0647\u0627 \u0646\u0636\u0627\u0631\u062a\u0647\u0627 \u0648\u0625\u0634\u0631\u0627\u0642\u0647\u0627 \u0627\u0644\u0637\u0628\u064a\u0639\u064a. \u062a\u0631\u0643\u064a\u0628\u062a\u0647 \u0627\u0644\u062c\u064a\u0644 \u0627\u0644\u0645\u0627\u0626\u064a\u0629 \u0633\u0631\u064a\u0639\u0629 \u0627\u0644\u0627\u0645\u062a\u0635\u0627\u0635 \u0644\u0627 \u062a\u062a\u0631\u0643 \u0623\u064a \u0622\u062b\u0627\u0631 \u062f\u0647\u0646\u064a\u0629 \u0623\u0648 \u0644\u0632\u062c\u0629. \u0627\u0644\u0645\u0643\u0648\u0646\u0627\u062a \u0648\u0627\u0644\u062e\u0635\u0627\u0626\u0635 [&hellip;]<\/p>\n","protected":false},"featured_media":36111,"template":"","meta":[],"pwb-brand":[460],"product_brand":[],"product_cat":[1137],"product_tag":[696,697,685,680],"class_list":{"0":"post-36133","1":"product","2":"type-product","3":"status-publish","4":"has-post-thumbnail","6":"pwb-brand-vaseline","7":"product_cat-body-moist","8":"product_tag-dryskin","9":"product_tag-moisturizing","10":"product_tag-brightening","11":"product_tag-dryness","13":"first","14":"instock","15":"shipping-taxable","16":"purchasable","17":"product-type-variable","18":"has-default-attributes","19":"wvs-archive-product-wrapper"},"brands":[{"id":460,"name":"Vaseline","slug":"vaseline"}],"_links":{"self":[{"href":"https:\/\/gopinkish.com\/fr\/wp-json\/wp\/v2\/product\/36133","targetHints":{"allow":["GET"]}}],"collection":[{"href":"https:\/\/gopinkish.com\/fr\/wp-json\/wp\/v2\/product"}],"about":[{"href":"https:\/\/gopinkish.com\/fr\/wp-json\/wp\/v2\/types\/product"}],"wp:featuredmedia":[{"embeddable":true,"href":"https:\/\/gopinkish.com\/fr\/wp-json\/wp\/v2\/media\/36111"}],"wp:attachment":[{"href":"https:\/\/gopinkish.com\/fr\/wp-json\/wp\/v2\/media?parent=36133"}],"wp:term":[{"taxonomy":"pwb-brand","embeddable":true,"href":"https:\/\/gopinkish.com\/fr\/wp-json\/wp\/v2\/pwb-brand?post=36133"},{"taxonomy":"product_brand","embeddable":true,"href":"https:\/\/gopinkish.com\/fr\/wp-json\/wp\/v2\/product_brand?post=36133"},{"taxonomy":"product_cat","embeddable":true,"href":"https:\/\/gopinkish.com\/fr\/wp-json\/wp\/v2\/product_cat?post=36133"},{"taxonomy":"product_tag","embeddable":true,"href":"https:\/\/gopinkish.com\/fr\/wp-json\/wp\/v2\/product_tag?post=36133"}],"curies":[{"name":"wp","href":"https:\/\/api.w.org\/{rel}","templated":true}]}}