{"id":36129,"date":"2025-02-19T20:01:00","date_gmt":"2025-02-19T19:01:00","guid":{"rendered":"https:\/\/gopinkish.com\/?post_type=product&#038;p=36129"},"modified":"2026-03-23T14:06:23","modified_gmt":"2026-03-23T13:06:23","slug":"3600523682676","status":"publish","type":"product","link":"https:\/\/gopinkish.com\/fr\/produit\/3600523682676\/","title":{"rendered":"Shampoing violet pour neutraliser les reflets jaunes des cheveux blonds"},"content":{"rendered":"<p style=\"text-align:justify\">L'Or\u00e9al Paris Els\u00e8ve Color-Vive Shampooing Violet de L'Or\u00e9al est un shampooing violet sp\u00e9cialis\u00e9 pour neutraliser le jaunissement des cheveux blonds, gris et d\u00e9color\u00e9s. Le pigment violet corrige la couleur et donne aux cheveux une apparence propre et radieuse. Id\u00e9al pour les cheveux blonds naturels, color\u00e9s, d\u00e9color\u00e9s, \u00e9claircis et gris. Donne aux cheveux une douceur et une brillance exceptionnelles \u00e0 chaque utilisation.<\/p>\n<p><strong>Principaux ingr\u00e9dients et caract\u00e9ristiques<\/strong><\/p>\n<ul>\n<li>Pigment violet neutralisant \u00e0 effet instantan\u00e9<\/li>\n<li>Ingr\u00e9dients nourrissants pour prot\u00e9ger les cheveux color\u00e9s<\/li>\n<li>Compos\u00e9s hydratants qui pr\u00e9viennent la d\u00e9shydratation<\/li>\n<li>Facteurs de protection qui prolongent la dur\u00e9e de vie de la couleur<\/li>\n<li>Convient aux cheveux blonds, gris et d\u00e9color\u00e9s<\/li>\n<\/ul>\n<p><strong>Principales caract\u00e9ristiques et avantages<\/strong><\/p>\n<ul>\n<li>Neutralise le jaunissement et \u00e9claircit les cheveux blonds<\/li>\n<li>Am\u00e9liore le ton et la clart\u00e9 des couleurs<\/li>\n<li>Donne aux cheveux une douceur et une brillance luxueuses<\/li>\n<li>R\u00e9sultats visibles d\u00e8s la premi\u00e8re utilisation<\/li>\n<li>Id\u00e9al pour une utilisation une ou deux fois par semaine<\/li>\n<\/ul>\n<p style=\"text-align:center\">\ud83c\uddec\ud83c\udde7 L'Or\u00e9al Paris Els\u00e8ve - Shampooing Colour-Vive Violet pour cheveux blonds et gris<\/p>\n<p style=\"text-align:center\">\ud83c\uddeb\ud83c\uddf7 L'Or\u00e9al Paris Els\u00e8ve - Shampooing Violet Color-Vive pour Cheveux Blonds et Blancs<\/p>","protected":false},"excerpt":{"rendered":"<p>\u0645\u0646\u062a\u062c L&#8217;Or\u00e9al Paris Els\u00e8ve Color-Vive Shampooing Violet \u0645\u0646 L&#8217;Or\u00e9al \u0647\u0648 \u0634\u0627\u0645\u0628\u0648 \u0628\u0646\u0641\u0633\u062c\u064a \u0645\u062a\u062e\u0635\u0635 \u0644\u062a\u062d\u064a\u064a\u062f \u0627\u0644\u0635\u0641\u0631\u0629 \u0641\u064a \u0627\u0644\u0634\u0639\u0631 \u0627\u0644\u0623\u0634\u0642\u0631 \u0648\u0627\u0644\u0631\u0645\u0627\u062f\u064a \u0648\u0627\u0644\u0645\u0628\u064a\u064e\u0651\u0636. \u064a\u0639\u0645\u0644 \u0627\u0644\u0635\u0628\u063a \u0627\u0644\u0628\u0646\u0641\u0633\u062c\u064a \u0639\u0644\u0649 \u062a\u0635\u062d\u064a\u062d \u062f\u0631\u062c\u0629 \u0627\u0644\u0644\u0648\u0646 \u0648\u0625\u0639\u0637\u0627\u0621 \u0627\u0644\u0634\u0639\u0631 \u0645\u0638\u0647\u0631\u0627\u064b \u0646\u0638\u064a\u0641\u0627\u064b \u0648\u0645\u062a\u0623\u0644\u0642\u0627\u064b. \u0645\u062b\u0627\u0644\u064a \u0644\u0644\u0634\u0639\u0631 \u0627\u0644\u0623\u0634\u0642\u0631 \u0627\u0644\u0637\u0628\u064a\u0639\u064a \u0648\u0627\u0644\u0645\u0635\u0628\u0648\u063a \u0648\u0627\u0644\u0645\u064f\u0636\u0627\u0621 \u0648\u0627\u0644\u0631\u0645\u0627\u062f\u064a. \u064a\u0645\u0646\u062d \u0627\u0644\u0634\u0639\u0631 \u0646\u0639\u0648\u0645\u0629 \u0648\u0628\u0631\u064a\u0642\u0627\u064b \u0627\u0633\u062a\u062b\u0646\u0627\u0626\u064a\u0627\u064b \u0645\u0639 \u0643\u0644 \u0627\u0633\u062a\u062e\u062f\u0627\u0645. \u0627\u0644\u0645\u0643\u0648\u0646\u0627\u062a \u0648\u0627\u0644\u062e\u0635\u0627\u0626\u0635 \u0627\u0644\u0631\u0626\u064a\u0633\u064a\u0629 \u0635\u0628\u063a\u0629 \u0627\u0644\u0628\u0646\u0641\u0633\u062c \u0627\u0644\u0645\u062d\u0627\u064a\u0650\u0651\u062f\u0629 \u0644\u0644\u0635\u0641\u0631\u0629 \u0628\u062a\u0623\u062b\u064a\u0631 [&hellip;]<\/p>\n","protected":false},"featured_media":36108,"template":"","meta":[],"pwb-brand":[239],"product_brand":[],"product_cat":[1156,1148],"product_tag":[765,1042,1041],"class_list":{"0":"post-36129","1":"product","2":"type-product","3":"status-publish","4":"has-post-thumbnail","6":"pwb-brand-loreal","7":"product_cat-dyed-hair-care","8":"product_cat-hair-shampoo","9":"product_tag-765","10":"product_tag-1042","11":"product_tag-1041","13":"first","14":"instock","15":"shipping-taxable","16":"purchasable","17":"product-type-variable","18":"has-default-attributes","19":"wvs-archive-product-wrapper"},"brands":[{"id":239,"name":"L'Or\u00e9al Paris","slug":"loreal"}],"_links":{"self":[{"href":"https:\/\/gopinkish.com\/fr\/wp-json\/wp\/v2\/product\/36129","targetHints":{"allow":["GET"]}}],"collection":[{"href":"https:\/\/gopinkish.com\/fr\/wp-json\/wp\/v2\/product"}],"about":[{"href":"https:\/\/gopinkish.com\/fr\/wp-json\/wp\/v2\/types\/product"}],"wp:featuredmedia":[{"embeddable":true,"href":"https:\/\/gopinkish.com\/fr\/wp-json\/wp\/v2\/media\/36108"}],"wp:attachment":[{"href":"https:\/\/gopinkish.com\/fr\/wp-json\/wp\/v2\/media?parent=36129"}],"wp:term":[{"taxonomy":"pwb-brand","embeddable":true,"href":"https:\/\/gopinkish.com\/fr\/wp-json\/wp\/v2\/pwb-brand?post=36129"},{"taxonomy":"product_brand","embeddable":true,"href":"https:\/\/gopinkish.com\/fr\/wp-json\/wp\/v2\/product_brand?post=36129"},{"taxonomy":"product_cat","embeddable":true,"href":"https:\/\/gopinkish.com\/fr\/wp-json\/wp\/v2\/product_cat?post=36129"},{"taxonomy":"product_tag","embeddable":true,"href":"https:\/\/gopinkish.com\/fr\/wp-json\/wp\/v2\/product_tag?post=36129"}],"curies":[{"name":"wp","href":"https:\/\/api.w.org\/{rel}","templated":true}]}}