{"id":36127,"date":"2025-02-19T20:00:59","date_gmt":"2025-02-19T19:00:59","guid":{"rendered":"https:\/\/gopinkish.com\/?post_type=product&#038;p=36127"},"modified":"2026-03-24T20:29:49","modified_gmt":"2026-03-24T19:29:49","slug":"8710447446027","status":"publish","type":"product","link":"https:\/\/gopinkish.com\/fr\/produit\/8710447446027\/","title":{"rendered":"Gel douche hydratant au lait et \u00e0 la fleur d'oranger"},"content":{"rendered":"<p style=\"text-align: justify;\">Monsavon Au Lait Fleur d'Oranger Si Belle Ma Douche Hydratante de Monsavon est un gel douche luxueusement hydratant au parfum captivant de fleur d'oranger. Enrichi en lait nourrissant, il laisse la peau douce et hydrat\u00e9e tout au long de la journ\u00e9e. Sa formule riche nettoie en douceur tout en pr\u00e9servant l'hydratation naturelle de la peau. Un bain luxueux au parfum \u00e9l\u00e9gant et frais de fleur d'oranger.<\/p>\n<p><strong>Principaux ingr\u00e9dients et caract\u00e9ristiques<\/strong><\/p>\n<ul>\n<li>Lait hydratant riche en prot\u00e9ines nutritives<\/li>\n<li>Parfum naturel sophistiqu\u00e9 \u00e0 la fleur d'oranger<\/li>\n<li>Ingr\u00e9dients hydratants qui r\u00e9duisent la s\u00e9cheresse<\/li>\n<li>Formule douce adapt\u00e9e \u00e0 un usage quotidien<\/li>\n<li>pH neutre qui maintient l'\u00e9quilibre de la peau<\/li>\n<\/ul>\n<p><strong>Principales caract\u00e9ristiques et avantages<\/strong><\/p>\n<ul>\n<li>Hydrate la peau et la rend soyeuse.<\/li>\n<li>Nettoie en douceur sans dess\u00e9cher ni irriter<\/li>\n<li>Un parfum frais de fleur d'oranger qui dure au-del\u00e0 de la douche<\/li>\n<li>Convient \u00e0 tous les types de peau, y compris les peaux sensibles<\/li>\n<li>Laisse la peau fra\u00eeche et \u00e9clatante<\/li>\n<\/ul>\n<p style=\"text-align: center;\">\ud83c\uddec\ud83c\udde7 Monsavon - Gel douche au lait hydratant \u00e0 la fleur d'oranger<\/p>\n<p style=\"text-align: center;\">\ud83c\uddeb\ud83c\uddf7 Monsavon - Ma Douche Hydratante Au Lait Fleur d'Oranger<\/p>","protected":false},"excerpt":{"rendered":"<p>\u0645\u0646\u062a\u062c Monsavon Au Lait Fleur d&#8217;Oranger Si Belle Ma Douche Hydratante \u0645\u0646 Monsavon \u0647\u0648 \u062c\u0644 \u0627\u0633\u062a\u062d\u0645\u0627\u0645 \u0645\u0631\u0637\u0628 \u0641\u0627\u062e\u0631 \u0628\u0639\u0637\u0631 \u0632\u0647\u0631 \u0627\u0644\u0628\u0631\u062a\u0642\u0627\u0644 \u0627\u0644\u0623\u062e\u0627\u0630. \u064a\u062d\u062a\u0648\u064a \u0639\u0644\u0649 \u0627\u0644\u062d\u0644\u064a\u0628 \u0627\u0644\u0645\u063a\u0630\u064a \u0627\u0644\u0630\u064a \u064a\u0645\u0646\u062d \u0627\u0644\u0628\u0634\u0631\u0629 \u0646\u0639\u0648\u0645\u0629 \u0648\u062a\u0631\u0637\u064a\u0628\u0627\u064b \u064a\u062f\u0648\u0645\u0627\u0646 \u0637\u0648\u0627\u0644 \u0627\u0644\u064a\u0648\u0645. \u062a\u0631\u0643\u064a\u0628\u062a\u0647 \u0627\u0644\u063a\u0646\u064a\u0629 \u062a\u064f\u0646\u0638\u0650\u0651\u0641 \u0627\u0644\u0628\u0634\u0631\u0629 \u0628\u0644\u0637\u0641 \u0634\u062f\u064a\u062f \u0645\u0639 \u0627\u0644\u062d\u0641\u0627\u0638 \u0639\u0644\u0649 \u0631\u0637\u0648\u0628\u062a\u0647\u0627 \u0627\u0644\u0637\u0628\u064a\u0639\u064a\u0629. \u064a\u0645\u0646\u062d\u0643 \u062a\u062c\u0631\u0628\u0629 \u0627\u0633\u062a\u062d\u0645\u0627\u0645 \u0631\u0627\u0642\u064a\u0629 \u0645\u0639 \u0631\u0627\u0626\u062d\u0629 \u0632\u0647\u0631 \u0627\u0644\u0628\u0631\u062a\u0642\u0627\u0644 \u0627\u0644\u0623\u0646\u064a\u0642\u0629 \u0648\u0627\u0644\u0645\u0646\u0639\u0634\u0629. [&hellip;]<\/p>\n","protected":false},"featured_media":36106,"template":"","meta":[],"pwb-brand":[1386],"product_brand":[],"product_cat":[1138],"product_tag":[696,697],"class_list":{"0":"post-36127","1":"product","2":"type-product","3":"status-publish","4":"has-post-thumbnail","6":"pwb-brand-monsavon","7":"product_cat-bath-and-shower","8":"product_tag-dryskin","9":"product_tag-moisturizing","11":"first","12":"instock","13":"shipping-taxable","14":"purchasable","15":"product-type-variable","16":"has-default-attributes","17":"wvs-archive-product-wrapper"},"brands":[{"id":1386,"name":"Mon Savon","slug":"monsavon"}],"_links":{"self":[{"href":"https:\/\/gopinkish.com\/fr\/wp-json\/wp\/v2\/product\/36127","targetHints":{"allow":["GET"]}}],"collection":[{"href":"https:\/\/gopinkish.com\/fr\/wp-json\/wp\/v2\/product"}],"about":[{"href":"https:\/\/gopinkish.com\/fr\/wp-json\/wp\/v2\/types\/product"}],"wp:featuredmedia":[{"embeddable":true,"href":"https:\/\/gopinkish.com\/fr\/wp-json\/wp\/v2\/media\/36106"}],"wp:attachment":[{"href":"https:\/\/gopinkish.com\/fr\/wp-json\/wp\/v2\/media?parent=36127"}],"wp:term":[{"taxonomy":"pwb-brand","embeddable":true,"href":"https:\/\/gopinkish.com\/fr\/wp-json\/wp\/v2\/pwb-brand?post=36127"},{"taxonomy":"product_brand","embeddable":true,"href":"https:\/\/gopinkish.com\/fr\/wp-json\/wp\/v2\/product_brand?post=36127"},{"taxonomy":"product_cat","embeddable":true,"href":"https:\/\/gopinkish.com\/fr\/wp-json\/wp\/v2\/product_cat?post=36127"},{"taxonomy":"product_tag","embeddable":true,"href":"https:\/\/gopinkish.com\/fr\/wp-json\/wp\/v2\/product_tag?post=36127"}],"curies":[{"name":"wp","href":"https:\/\/api.w.org\/{rel}","templated":true}]}}