{"id":36125,"date":"2025-02-19T20:00:59","date_gmt":"2025-02-19T19:00:59","guid":{"rendered":"https:\/\/gopinkish.com\/?post_type=product&#038;p=36125"},"modified":"2026-02-20T01:49:28","modified_gmt":"2026-02-20T00:49:28","slug":"3600523629640","status":"publish","type":"product","link":"https:\/\/gopinkish.com\/fr\/produit\/3600523629640\/","title":{"rendered":"Shampoing nourrissant \u00e0 l'huile de coco pour cheveux fins"},"content":{"rendered":"<p style=\"text-align:justify\">L'Or\u00e9al Paris Els\u00e8ve Extraordinary Oil Coco de L'Or\u00e9al est un shampooing nourrissant l\u00e9ger inspir\u00e9 par le pouvoir de l'huile de noix de coco. Il est sp\u00e9cialement formul\u00e9 pour les cheveux fins et secs qui ont besoin d'\u00eatre nourris sans lourdeur ni graisse excessive. Il adoucit et restaure l'\u00e9clat naturel des cheveux tout en pr\u00e9servant leur volume et leur l\u00e9g\u00e8ret\u00e9. Sa formule unique r\u00e9partit le soin uniform\u00e9ment sur toute la longueur de la m\u00e8che, de la racine \u00e0 la pointe.<\/p>\n<p><strong>Principaux ingr\u00e9dients et caract\u00e9ristiques<\/strong><\/p>\n<ul>\n<li>L'huile de coco est riche en acides gras nourrissants.<\/li>\n<li>Une formule l\u00e9g\u00e8re qui n'alourdit pas les cheveux fins<\/li>\n<li>Extraits naturels de plantes<\/li>\n<li>Ingr\u00e9dients hydratants et nourrissants<\/li>\n<li>Sans silicone lourd<\/li>\n<\/ul>\n<p><strong>Principales caract\u00e9ristiques et avantages<\/strong><\/p>\n<ul>\n<li>Nourrit les cheveux secs sans laisser de r\u00e9sidus gras<\/li>\n<li>Redonne de la douceur et de la brillance aux cheveux color\u00e9s et ternes<\/li>\n<li>Id\u00e9al pour les cheveux fins qui perdent du volume<\/li>\n<li>Facilite le peignage et pr\u00e9vient les enchev\u00eatrements<\/li>\n<li>Le parfum frais de la noix de coco dure toute la journ\u00e9e.<\/li>\n<\/ul>\n<p style=\"text-align:center\">\ud83c\uddec\ud83c\udde7 L'Or\u00e9al Paris Els\u00e8ve - Huile Extraordinaire Coco Shampooing Nourrissant A\u00e9r\u00e9<\/p>\n<p style=\"text-align:center\">\ud83c\uddeb\ud83c\uddf7 L'Or\u00e9al Paris Els\u00e8ve - Shampooing Nourrissant Huile Extraordinaire Coco<\/p>","protected":false},"excerpt":{"rendered":"<p>\u0645\u0646\u062a\u062c L&#8217;Or\u00e9al Paris Els\u00e8ve Extraordinary Oil Coco \u0645\u0646 L&#8217;Or\u00e9al \u0647\u0648 \u0634\u0627\u0645\u0628\u0648 \u062a\u063a\u0630\u0648\u064a \u062e\u0641\u064a\u0641 \u0627\u0644\u0648\u0632\u0646 \u0645\u0633\u062a\u0648\u062d\u0649 \u0645\u0646 \u0642\u0648\u0629 \u0632\u064a\u062a \u062c\u0648\u0632 \u0627\u0644\u0647\u0646\u062f. \u0635\u064f\u0645\u0650\u0651\u0645 \u062e\u0635\u064a\u0635\u0627\u064b \u0644\u0644\u0634\u0639\u0631 \u0627\u0644\u0631\u0641\u064a\u0639 \u0648\u0627\u0644\u062c\u0627\u0641 \u0627\u0644\u0630\u064a \u064a\u062d\u062a\u0627\u062c \u0625\u0644\u0649 \u062a\u063a\u0630\u064a\u0629 \u062f\u0648\u0646 \u062b\u0642\u0644 \u0623\u0648 \u062f\u0647\u0648\u0646 \u0632\u0627\u0626\u062f\u0629. \u064a\u064f\u0646\u0639\u0650\u0651\u0645 \u0627\u0644\u0634\u0639\u0631 \u0648\u064a\u064f\u0639\u064a\u062f \u0625\u0644\u064a\u0647 \u0628\u0631\u064a\u0642\u0647 \u0627\u0644\u0637\u0628\u064a\u0639\u064a \u0645\u0639 \u0627\u0644\u062d\u0641\u0627\u0638 \u0639\u0644\u0649 \u062d\u062c\u0645\u0647 \u0648\u062e\u0641\u062a\u0647. \u062a\u0631\u0643\u064a\u0628\u062a\u0647 \u0627\u0644\u0641\u0631\u064a\u062f\u0629 \u062a\u064f\u0648\u0632\u0650\u0651\u0639 \u0627\u0644\u0639\u0646\u0627\u064a\u0629 \u0628\u0634\u0643\u0644 \u0645\u062a\u0633\u0627\u0648\u064d \u0639\u0644\u0649 \u0637\u0648\u0644 \u0627\u0644\u062e\u0635\u0644\u0629 \u0645\u0646 [&hellip;]<\/p>\n","protected":false},"featured_media":36104,"template":"","meta":[],"pwb-brand":[239],"product_brand":[],"product_cat":[1148],"product_tag":[1061,755,1404],"class_list":{"0":"post-36125","1":"product","2":"type-product","3":"status-publish","4":"has-post-thumbnail","6":"pwb-brand-loreal","7":"product_cat-hair-shampoo","8":"product_tag-1061","9":"product_tag-755","10":"product_tag-1404","12":"first","13":"instock","14":"shipping-taxable","15":"purchasable","16":"product-type-variable","17":"has-default-attributes","18":"wvs-archive-product-wrapper"},"brands":[{"id":239,"name":"L'Or\u00e9al Paris","slug":"loreal"}],"_links":{"self":[{"href":"https:\/\/gopinkish.com\/fr\/wp-json\/wp\/v2\/product\/36125","targetHints":{"allow":["GET"]}}],"collection":[{"href":"https:\/\/gopinkish.com\/fr\/wp-json\/wp\/v2\/product"}],"about":[{"href":"https:\/\/gopinkish.com\/fr\/wp-json\/wp\/v2\/types\/product"}],"wp:featuredmedia":[{"embeddable":true,"href":"https:\/\/gopinkish.com\/fr\/wp-json\/wp\/v2\/media\/36104"}],"wp:attachment":[{"href":"https:\/\/gopinkish.com\/fr\/wp-json\/wp\/v2\/media?parent=36125"}],"wp:term":[{"taxonomy":"pwb-brand","embeddable":true,"href":"https:\/\/gopinkish.com\/fr\/wp-json\/wp\/v2\/pwb-brand?post=36125"},{"taxonomy":"product_brand","embeddable":true,"href":"https:\/\/gopinkish.com\/fr\/wp-json\/wp\/v2\/product_brand?post=36125"},{"taxonomy":"product_cat","embeddable":true,"href":"https:\/\/gopinkish.com\/fr\/wp-json\/wp\/v2\/product_cat?post=36125"},{"taxonomy":"product_tag","embeddable":true,"href":"https:\/\/gopinkish.com\/fr\/wp-json\/wp\/v2\/product_tag?post=36125"}],"curies":[{"name":"wp","href":"https:\/\/api.w.org\/{rel}","templated":true}]}}