{"id":36123,"date":"2025-02-19T20:00:58","date_gmt":"2025-02-19T19:00:58","guid":{"rendered":"https:\/\/gopinkish.com\/?post_type=product&#038;p=36123"},"modified":"2026-02-20T01:49:52","modified_gmt":"2026-02-20T00:49:52","slug":"3600522836872","status":"publish","type":"product","link":"https:\/\/gopinkish.com\/fr\/produit\/3600522836872\/","title":{"rendered":"Shampoing r\u00e9parateur pour r\u00e9parer les cheveux ab\u00eem\u00e9s"},"content":{"rendered":"<p style=\"text-align:justify\">L'Or\u00e9al Paris Els\u00e8ve Total Repair 5 de L'Or\u00e9al est un shampooing r\u00e9parateur complet qui traite simultan\u00e9ment cinq types de dommages capillaires. Il est sp\u00e9cialement formul\u00e9 pour les cheveux ab\u00eem\u00e9s et cassants qui ont besoin d'un soin intensif et d'une nutrition profonde. Il renforce les cheveux d\u00e8s la racine et redonne vitalit\u00e9 et \u00e9clat aux m\u00e8ches. Sa formule riche en prot\u00e9ines r\u00e9pare les fibres endommag\u00e9es et pr\u00e9vient la casse et la fragilit\u00e9.<\/p>\n<p><strong>Principaux ingr\u00e9dients et caract\u00e9ristiques<\/strong><\/p>\n<ul>\n<li>Prot\u00e9ines de k\u00e9ratine pour renforcer les cheveux<\/li>\n<li>Extraits naturels nourrissants<\/li>\n<li>Formule r\u00e9paratrice sp\u00e9cialis\u00e9e pour cinq types de dommages<\/li>\n<li>Exempt de substances d\u00e9shydratantes nocives<\/li>\n<li>Le pH \u00e9quilibr\u00e9 maintient le cuir chevelu en bonne sant\u00e9<\/li>\n<\/ul>\n<p><strong>Principales caract\u00e9ristiques et avantages<\/strong><\/p>\n<ul>\n<li>R\u00e9pare les cheveux ab\u00eem\u00e9s par une chaleur excessive<\/li>\n<li>R\u00e9duit consid\u00e9rablement la casse et la fragilit\u00e9<\/li>\n<li>Apporte aux cheveux une douceur et une brillance durables<\/li>\n<li>Facilite le brossage et minimise les enchev\u00eatrements<\/li>\n<li>Convient \u00e0 un usage quotidien<\/li>\n<\/ul>\n<p style=\"text-align:center\">\ud83c\uddec\ud83c\udde7 L'Or\u00e9al Paris Els\u00e8ve - Total Repair 5 Shampooing Reconstructeur<\/p>\n<p style=\"text-align:center\">\ud83c\uddeb\ud83c\uddf7 L'Or\u00e9al Paris Els\u00e8ve - Shampooing Reconstituant Total Repair 5<\/p>","protected":false},"excerpt":{"rendered":"<p>\u0645\u0646\u062a\u062c L&#8217;Or\u00e9al Paris Els\u00e8ve Total Repair 5 \u0645\u0646 L&#8217;Or\u00e9al \u0647\u0648 \u0634\u0627\u0645\u0628\u0648 \u062a\u0631\u0645\u064a\u0645\u064a \u0645\u062a\u0643\u0627\u0645\u0644 \u064a\u0639\u0627\u0644\u062c \u062e\u0645\u0633\u0629 \u0623\u0646\u0648\u0627\u0639 \u0645\u0646 \u062a\u0644\u0641 \u0627\u0644\u0634\u0639\u0631 \u0641\u064a \u0622\u0646\u064d \u0648\u0627\u062d\u062f. \u0635\u064f\u0645\u0650\u0651\u0645 \u062e\u0635\u064a\u0635\u0627\u064b \u0644\u0644\u0634\u0639\u0631 \u0627\u0644\u062a\u0627\u0644\u0641 \u0648\u0627\u0644\u0647\u0634 \u0627\u0644\u0630\u064a \u064a\u062d\u062a\u0627\u062c \u0625\u0644\u0649 \u0639\u0646\u0627\u064a\u0629 \u0645\u0643\u062b\u0641\u0629 \u0648\u062a\u063a\u0630\u064a\u0629 \u0639\u0645\u064a\u0642\u0629. \u064a\u0639\u0645\u0644 \u0639\u0644\u0649 \u062a\u0642\u0648\u064a\u0629 \u0627\u0644\u0634\u0639\u0631 \u0645\u0646 \u0627\u0644\u062c\u0630\u0648\u0631 \u0648\u0625\u0639\u0627\u062f\u0629 \u0627\u0644\u062d\u064a\u0648\u064a\u0629 \u0648\u0627\u0644\u0628\u0631\u064a\u0642 \u0625\u0644\u0649 \u062e\u0635\u0644\u0627\u062a\u0647. \u062a\u0631\u0643\u064a\u0628\u062a\u0647 \u0627\u0644\u063a\u0646\u064a\u0629 \u0628\u0627\u0644\u0628\u0631\u0648\u062a\u064a\u0646\u0627\u062a \u062a\u064f\u0631\u0645\u0650\u0651\u0645 \u0627\u0644\u0623\u0644\u064a\u0627\u0641 \u0627\u0644\u0645\u062a\u0636\u0631\u0631\u0629 \u0648\u062a\u0645\u0646\u0639 \u0627\u0644\u0643\u0633\u0631 \u0648\u0627\u0644\u062a\u0642\u0635\u0641. \u0627\u0644\u0645\u0643\u0648\u0646\u0627\u062a [&hellip;]<\/p>\n","protected":false},"featured_media":36099,"template":"","meta":[],"pwb-brand":[239],"product_brand":[],"product_cat":[1148],"product_tag":[1061,677,750,1035],"class_list":{"0":"post-36123","1":"product","2":"type-product","3":"status-publish","4":"has-post-thumbnail","6":"pwb-brand-loreal","7":"product_cat-hair-shampoo","8":"product_tag-1061","9":"product_tag-brokenhair","10":"product_tag-750","11":"product_tag-1035","13":"first","14":"instock","15":"shipping-taxable","16":"purchasable","17":"product-type-variable","18":"has-default-attributes","19":"wvs-archive-product-wrapper"},"brands":[{"id":239,"name":"L'Or\u00e9al Paris","slug":"loreal"}],"_links":{"self":[{"href":"https:\/\/gopinkish.com\/fr\/wp-json\/wp\/v2\/product\/36123","targetHints":{"allow":["GET"]}}],"collection":[{"href":"https:\/\/gopinkish.com\/fr\/wp-json\/wp\/v2\/product"}],"about":[{"href":"https:\/\/gopinkish.com\/fr\/wp-json\/wp\/v2\/types\/product"}],"wp:featuredmedia":[{"embeddable":true,"href":"https:\/\/gopinkish.com\/fr\/wp-json\/wp\/v2\/media\/36099"}],"wp:attachment":[{"href":"https:\/\/gopinkish.com\/fr\/wp-json\/wp\/v2\/media?parent=36123"}],"wp:term":[{"taxonomy":"pwb-brand","embeddable":true,"href":"https:\/\/gopinkish.com\/fr\/wp-json\/wp\/v2\/pwb-brand?post=36123"},{"taxonomy":"product_brand","embeddable":true,"href":"https:\/\/gopinkish.com\/fr\/wp-json\/wp\/v2\/product_brand?post=36123"},{"taxonomy":"product_cat","embeddable":true,"href":"https:\/\/gopinkish.com\/fr\/wp-json\/wp\/v2\/product_cat?post=36123"},{"taxonomy":"product_tag","embeddable":true,"href":"https:\/\/gopinkish.com\/fr\/wp-json\/wp\/v2\/product_tag?post=36123"}],"curies":[{"name":"wp","href":"https:\/\/api.w.org\/{rel}","templated":true}]}}