{"id":36119,"date":"2025-02-19T20:00:57","date_gmt":"2025-02-19T19:00:57","guid":{"rendered":"https:\/\/gopinkish.com\/?post_type=product&#038;p=36119"},"modified":"2026-04-05T22:19:38","modified_gmt":"2026-04-05T21:19:38","slug":"8714789439846","status":"publish","type":"product","link":"https:\/\/gopinkish.com\/fr\/produit\/8714789439846\/","title":{"rendered":"D\u00e9odorant en spray avec protection 24 heures"},"content":{"rendered":"<p style=\"text-align: justify;\">Tahiti D\u00e9odorant Protect 24H de Tahiti est un d\u00e9odorant en spray qui offre une protection efficace contre la transpiration et les odeurs corporelles pendant 24 heures. Sa formule douce laisse la peau douce et fra\u00eeche tout au long de la journ\u00e9e. Son parfum subtil et frais vous accompagne tout au long de la journ\u00e9e. Il convient \u00e0 un usage quotidien et est efficace m\u00eame par temps tr\u00e8s chaud.<\/p>\n<p><strong>Principaux ingr\u00e9dients et caract\u00e9ristiques<\/strong><\/p>\n<ul>\n<li>Formule douce sans alcool<\/li>\n<li>Un parfum frais qui dure toute la journ\u00e9e<\/li>\n<li>Prot\u00e8ge contre les odeurs pendant 24 heures<\/li>\n<li>Spray non marquant \u00e0 s\u00e9chage rapide<\/li>\n<li>Convient aux peaux normales et sensibles<\/li>\n<\/ul>\n<p><strong>Principales caract\u00e9ristiques et avantages<\/strong><\/p>\n<ul>\n<li>Protection efficace contre la transpiration excessive<\/li>\n<li>Procure une sensation de propret\u00e9 et de fra\u00eecheur constante<\/li>\n<li>Facile \u00e0 utiliser gr\u00e2ce \u00e0 la conception pratique du spray<\/li>\n<li>Disponible en plusieurs parfums pour r\u00e9pondre \u00e0 des go\u00fbts diff\u00e9rents<\/li>\n<li>Sans danger pour l'usage quotidien<\/li>\n<\/ul>\n<p style=\"text-align: center;\">\ud83c\uddec\ud83c\udde7 Tahiti - Spray D\u00e9odorant Protection Fra\u00eecheur 24H<\/p>\n<p style=\"text-align: center;\">\ud83c\uddeb\ud83c\uddf7 Tahiti - D\u00e9odorant Spray Protection Fra\u00eecheur 24H<\/p>","protected":false},"excerpt":{"rendered":"<p>\u0645\u0646\u062a\u062c Tahiti D\u00e9odorant Protect 24H \u0645\u0646 Tahiti \u0647\u0648 \u0645\u0632\u064a\u0644 \u0639\u0631\u0642 \u0628\u0631\u0630\u0627\u0630 \u064a\u0648\u0641\u0631 \u062d\u0645\u0627\u064a\u0629 \u0641\u0639\u0651\u0627\u0644\u0629 \u0645\u0646 \u0627\u0644\u062a\u0639\u0631\u0642 \u0648\u0631\u0627\u0626\u062d\u0629 \u0627\u0644\u062c\u0633\u0645 \u0644\u0645\u062f\u0629 \u062a\u0635\u0644 \u0625\u0644\u0649 24 \u0633\u0627\u0639\u0629 \u0645\u062a\u0648\u0627\u0635\u0644\u0629. \u064a\u062a\u0645\u064a\u0632 \u0647\u0630\u0627 \u0627\u0644\u0645\u0646\u062a\u062c \u0628\u062a\u0631\u0643\u064a\u0628\u062a\u0647 \u0627\u0644\u0644\u0637\u064a\u0641\u0629 \u0627\u0644\u062a\u064a \u062a\u0645\u0646\u062d \u0627\u0644\u0628\u0634\u0631\u0629 \u0625\u062d\u0633\u0627\u0633\u0627\u064b \u0628\u0627\u0644\u0646\u0639\u0648\u0645\u0629 \u0648\u0627\u0644\u0627\u0646\u062a\u0639\u0627\u0634 \u0637\u0648\u0627\u0644 \u0627\u0644\u064a\u0648\u0645. \u064a\u062d\u062a\u0648\u064a \u0639\u0644\u0649 \u0639\u0637\u0631 \u0631\u0642\u064a\u0642 \u0648\u0645\u0646\u0639\u0634 \u064a\u0628\u0642\u0649 \u0645\u0639\u0643 \u0637\u0648\u0627\u0644 \u0633\u0627\u0639\u0627\u062a \u0627\u0644\u0646\u0647\u0627\u0631. \u0645\u0646\u0627\u0633\u0628 \u0644\u0644\u0627\u0633\u062a\u062e\u062f\u0627\u0645 \u0627\u0644\u064a\u0648\u0645\u064a \u0648\u0641\u0639\u0651\u0627\u0644 \u062d\u062a\u0649 \u0641\u064a \u0623\u0634\u062f \u0627\u0644\u0623\u0648\u0642\u0627\u062a [&hellip;]<\/p>\n","protected":false},"featured_media":36096,"template":"","meta":[],"pwb-brand":[1383],"product_brand":[],"product_cat":[1228],"product_tag":[686],"class_list":{"0":"post-36119","1":"product","2":"type-product","3":"status-publish","4":"has-post-thumbnail","6":"pwb-brand-tahiti","7":"product_cat-deodorants","8":"product_tag-deodorant","10":"first","11":"instock","12":"shipping-taxable","13":"purchasable","14":"product-type-variable","15":"has-default-attributes","16":"wvs-archive-product-wrapper"},"brands":[{"id":1383,"name":"Tahiti","slug":"tahiti"}],"_links":{"self":[{"href":"https:\/\/gopinkish.com\/fr\/wp-json\/wp\/v2\/product\/36119","targetHints":{"allow":["GET"]}}],"collection":[{"href":"https:\/\/gopinkish.com\/fr\/wp-json\/wp\/v2\/product"}],"about":[{"href":"https:\/\/gopinkish.com\/fr\/wp-json\/wp\/v2\/types\/product"}],"wp:featuredmedia":[{"embeddable":true,"href":"https:\/\/gopinkish.com\/fr\/wp-json\/wp\/v2\/media\/36096"}],"wp:attachment":[{"href":"https:\/\/gopinkish.com\/fr\/wp-json\/wp\/v2\/media?parent=36119"}],"wp:term":[{"taxonomy":"pwb-brand","embeddable":true,"href":"https:\/\/gopinkish.com\/fr\/wp-json\/wp\/v2\/pwb-brand?post=36119"},{"taxonomy":"product_brand","embeddable":true,"href":"https:\/\/gopinkish.com\/fr\/wp-json\/wp\/v2\/product_brand?post=36119"},{"taxonomy":"product_cat","embeddable":true,"href":"https:\/\/gopinkish.com\/fr\/wp-json\/wp\/v2\/product_cat?post=36119"},{"taxonomy":"product_tag","embeddable":true,"href":"https:\/\/gopinkish.com\/fr\/wp-json\/wp\/v2\/product_tag?post=36119"}],"curies":[{"name":"wp","href":"https:\/\/api.w.org\/{rel}","templated":true}]}}