{"id":36067,"date":"2025-02-19T12:24:39","date_gmt":"2025-02-19T11:24:39","guid":{"rendered":"https:\/\/gopinkish.com\/?post_type=product&#038;p=36067"},"modified":"2026-02-19T12:47:09","modified_gmt":"2026-02-19T11:47:09","slug":"3600551119816","status":"publish","type":"product","link":"https:\/\/gopinkish.com\/fr\/produit\/3600551119816\/","title":{"rendered":"Shampoing doux et hydratant pour b\u00e9b\u00e9 au beurre de karit\u00e9"},"content":{"rendered":"<p><!--StartFragment --><\/p>\n<p style=\"text-align: justify;\">Avec du beurre de karit\u00e9 pur et de l'huile de jojoba, ce shampooing est sp\u00e9cialement formul\u00e9 pour les cuirs chevelus sensibles des b\u00e9b\u00e9s. Sa formule ultra-douce nettoie sans irriter, laissant les cheveux naturellement doux et hydrat\u00e9s. Il est sans larmes et sans cruaut\u00e9, ce qui le rend adapt\u00e9 \u00e0 un usage quotidien.<\/p>\n<p style=\"text-align: justify;\"><strong>Principaux ingr\u00e9dients et caract\u00e9ristiques<br \/>\n<\/strong>- Beurre de karit\u00e9 pur pour hydrater et adoucir les cheveux<br \/>\n- Huile de jojoba pour nourrir le cuir chevelu<br \/>\n- Formule tr\u00e8s douce qui ne provoque pas de larmes<br \/>\n- Sans parab\u00e8ne, sans alcool et sans savon<br \/>\n- Convient aux b\u00e9b\u00e9s et aux enfants<br \/>\n- Texture l\u00e9g\u00e8re et parfum doux<\/p>\n<p style=\"text-align: justify;\"><strong>Principales caract\u00e9ristiques et avantages<br \/>\n<\/strong>- Nettoie en douceur les cheveux de b\u00e9b\u00e9 sans les dess\u00e9cher<br \/>\n- Procure une douceur et une hydratation naturelles<br \/>\n- Prot\u00e8ge le cuir chevelu sensible<br \/>\n- Ne provoque pas de d\u00e9chirures lors de l'utilisation<br \/>\n- Convient \u00e0 un usage quotidien pour tous les \u00e2ges<\/p>\n<p dir=\"ltr\" style=\"text-align: center;\">\ud83c\uddec\ud83c\udde7 Mixa Baby Shampooing tr\u00e8s doux - Karit\u00e9 et Jojoba<br \/>\n\ud83c\uddeb\ud83c\uddf7 Mixa B\u00e9b\u00e9 Shampooing Tr\u00e8s Doux - Karit\u00e9 Pur &amp; Huile de Jojoba<\/p>\n<p><!--EndFragment --><\/p>","protected":false},"excerpt":{"rendered":"<p>\u0628\u0632\u0628\u062f\u0629 \u0627\u0644\u0634\u064a\u0627 \u0627\u0644\u0646\u0642\u064a\u0629 \u0648\u0632\u064a\u062a \u0627\u0644\u062c\u0648\u062c\u0648\u0628\u0627 \u0647\u0648 \u0634\u0627\u0645\u0628\u0648 \u0645\u0635\u0645\u0645 \u062e\u0635\u064a\u0635\u064b\u0627 \u0644\u0641\u0631\u0648\u0629 \u0631\u0623\u0633 \u0627\u0644\u0623\u0637\u0641\u0627\u0644 \u0627\u0644\u062d\u0633\u0627\u0633\u0629. \u062a\u0631\u0643\u064a\u0628\u062a\u0647 \u0641\u0627\u0626\u0642\u0629 \u0627\u0644\u0644\u0637\u0641 \u062a\u0646\u0638\u0641 \u0627\u0644\u0634\u0639\u0631 \u062f\u0648\u0646 \u062a\u0647\u064a\u064a\u062c\u060c \u0648\u062a\u0645\u0646\u062d\u0647 \u0646\u0639\u0648\u0645\u0629 \u0648\u062a\u0631\u0637\u064a\u0628\u064b\u0627 \u0637\u0628\u064a\u0639\u064a\u064b\u0627. \u0644\u0627 \u064a\u0633\u0628\u0628 \u062f\u0645\u0648\u0639\u064b\u0627\u060c \u0648\u062e\u0627\u0644\u064d \u0645\u0646 \u0627\u0644\u0645\u0648\u0627\u062f \u0627\u0644\u0642\u0627\u0633\u064a\u0629\u060c \u0645\u0645\u0627 \u064a\u062c\u0639\u0644\u0647 \u0645\u0646\u0627\u0633\u0628\u064b\u0627 \u0644\u0644\u0627\u0633\u062a\u062e\u062f\u0627\u0645 \u0627\u0644\u064a\u0648\u0645\u064a. \u0627\u0644\u0645\u0643\u0648\u0646\u0627\u062a \u0648\u0627\u0644\u062e\u0635\u0627\u0626\u0635 \u0627\u0644\u0631\u0626\u064a\u0633\u064a\u0629 \u2022 \u0632\u0628\u062f\u0629 \u0627\u0644\u0634\u064a\u0627 \u0627\u0644\u0646\u0642\u064a\u0629 \u0644\u062a\u0631\u0637\u064a\u0628 \u0648\u0646\u0639\u0648\u0645\u0629 \u0627\u0644\u0634\u0639\u0631 \u2022 \u0632\u064a\u062a \u0627\u0644\u062c\u0648\u062c\u0648\u0628\u0627 \u0644\u062a\u063a\u0630\u064a\u0629 \u0641\u0631\u0648\u0629 \u0627\u0644\u0631\u0623\u0633 \u2022 \u062a\u0631\u0643\u064a\u0628\u0629 \u0644\u0637\u064a\u0641\u0629 [&hellip;]<\/p>\n","protected":false},"featured_media":36047,"template":"","meta":[],"pwb-brand":[427],"product_brand":[],"product_cat":[1162,1148],"product_tag":[1036,1031],"class_list":{"0":"post-36067","1":"product","2":"type-product","3":"status-publish","4":"has-post-thumbnail","6":"pwb-brand-mixa","7":"product_cat-mom-baby","8":"product_cat-hair-shampoo","9":"product_tag-1036","10":"product_tag-1031","12":"first","13":"instock","14":"shipping-taxable","15":"purchasable","16":"product-type-variable","17":"has-default-attributes","18":"wvs-archive-product-wrapper"},"brands":[{"id":427,"name":"Mixa","slug":"mixa"}],"_links":{"self":[{"href":"https:\/\/gopinkish.com\/fr\/wp-json\/wp\/v2\/product\/36067","targetHints":{"allow":["GET"]}}],"collection":[{"href":"https:\/\/gopinkish.com\/fr\/wp-json\/wp\/v2\/product"}],"about":[{"href":"https:\/\/gopinkish.com\/fr\/wp-json\/wp\/v2\/types\/product"}],"wp:featuredmedia":[{"embeddable":true,"href":"https:\/\/gopinkish.com\/fr\/wp-json\/wp\/v2\/media\/36047"}],"wp:attachment":[{"href":"https:\/\/gopinkish.com\/fr\/wp-json\/wp\/v2\/media?parent=36067"}],"wp:term":[{"taxonomy":"pwb-brand","embeddable":true,"href":"https:\/\/gopinkish.com\/fr\/wp-json\/wp\/v2\/pwb-brand?post=36067"},{"taxonomy":"product_brand","embeddable":true,"href":"https:\/\/gopinkish.com\/fr\/wp-json\/wp\/v2\/product_brand?post=36067"},{"taxonomy":"product_cat","embeddable":true,"href":"https:\/\/gopinkish.com\/fr\/wp-json\/wp\/v2\/product_cat?post=36067"},{"taxonomy":"product_tag","embeddable":true,"href":"https:\/\/gopinkish.com\/fr\/wp-json\/wp\/v2\/product_tag?post=36067"}],"curies":[{"name":"wp","href":"https:\/\/api.w.org\/{rel}","templated":true}]}}