{"id":36063,"date":"2026-02-19T12:24:38","date_gmt":"2026-02-19T11:24:38","guid":{"rendered":"https:\/\/gopinkish.com\/?post_type=product&#038;p=36063"},"modified":"2026-03-31T22:55:38","modified_gmt":"2026-03-31T21:55:38","slug":"885190343027","status":"publish","type":"product","link":"https:\/\/gopinkish.com\/fr\/produit\/885190343027\/","title":{"rendered":"Enlumineur hydratant et booster d'\u00e9clat instantan\u00e9"},"content":{"rendered":"<p><!--StartFragment --><\/p>\n<p style=\"text-align: justify;\">Un surligneur en forme de b\u00e2ton qui hydrate et illumine en une seule \u00e9tape. Enrichie en vitamines et en extraits botaniques, la formule donne \u00e0 la peau un \u00e9clat naturel, semblable \u00e0 la ros\u00e9e, avec une texture cr\u00e9meuse qui glisse facilement sans faire de paquets ni de brillance excessive.<\/p>\n<p style=\"text-align: justify;\"><strong>Principaux ingr\u00e9dients et caract\u00e9ristiques<br \/>\n<\/strong>- Vitamines nourrissantes pour la peau (telles que C et E)<br \/>\n- Extraits de plantes qui hydratent et adoucissent<br \/>\n- Texture cr\u00e9meuse, facile \u00e0 m\u00e9langer<br \/>\n- Apporte une brillance naturelle sans en faire trop<br \/>\n- Convient \u00e0 tous les types de peau<br \/>\n- Conception pratique en forme de steak pour une utilisation nomade<\/p>\n<p style=\"text-align: justify;\"><strong>Principales caract\u00e9ristiques et avantages<br \/>\n<\/strong>- Donne \u00e0 la peau un \u00e9clat instantan\u00e9 semblable \u00e0 celui d'un surligneur naturel<br \/>\n- Hydrate la peau et la rend douce et lumineuse.<br \/>\n- Id\u00e9al pour une utilisation quotidienne ou par-dessus le maquillage<br \/>\n- Facile \u00e0 appliquer et \u00e0 int\u00e9grer sans effort<br \/>\n- Convient au visage, aux pommettes, \u00e0 l'os nasal et \u00e0 l'arcade sourcili\u00e8re<\/p>\n<p dir=\"ltr\" style=\"text-align: center;\">\ud83c\uddec\ud83c\udde7 Pixi On-The-Glow SuperGlow - Stick d'\u00e9clairage hydratant<br \/>\n\ud83c\uddeb\ud83c\uddf7 Pixi SuperGlow On-The-Glow - Stick Illuminateur Hydratant<\/p>\n<p><!--EndFragment --><\/p>","protected":false},"excerpt":{"rendered":"<p>\u0647\u0627\u064a\u0644\u0627\u064a\u062a\u0631 \u0639\u0644\u0649 \u0634\u0643\u0644 \u0633\u062a\u064a\u0643 \u064a\u062c\u0645\u0639 \u0628\u064a\u0646 \u0627\u0644\u062a\u0631\u0637\u064a\u0628 \u0648\u0627\u0644\u0625\u0636\u0627\u0621\u0629 \u0641\u064a \u062e\u0637\u0648\u0629 \u0648\u0627\u062d\u062f\u0629. \u062a\u0631\u0643\u064a\u0628\u062a\u0647 \u0627\u0644\u063a\u0646\u064a\u0629 \u0628\u0627\u0644\u0641\u064a\u062a\u0627\u0645\u064a\u0646\u0627\u062a \u0648\u0627\u0644\u0645\u0633\u062a\u062e\u0644\u0635\u0627\u062a \u0627\u0644\u0646\u0628\u0627\u062a\u064a\u0629 \u062a\u0645\u0646\u062d \u0627\u0644\u0628\u0634\u0631\u0629 \u062a\u0648\u0647\u062c\u064b\u0627 \u0637\u0628\u064a\u0639\u064a\u064b\u0627 \u064a\u0634\u0628\u0647 \u0627\u0644\u0646\u062f\u0649\u060c \u0645\u0639 \u0642\u0648\u0627\u0645 \u0643\u0631\u064a\u0645\u064a \u064a\u0646\u0633\u0627\u0628 \u0628\u0633\u0647\u0648\u0644\u0629 \u0639\u0644\u0649 \u0627\u0644\u0628\u0634\u0631\u0629 \u062f\u0648\u0646 \u062a\u0643\u062a\u0644 \u0623\u0648 \u0644\u0645\u0639\u0627\u0646 \u0632\u0627\u0626\u062f. \u0627\u0644\u0645\u0643\u0648\u0646\u0627\u062a \u0648\u0627\u0644\u062e\u0635\u0627\u0626\u0635 \u0627\u0644\u0631\u0626\u064a\u0633\u064a\u0629 \u2022 \u0641\u064a\u062a\u0627\u0645\u064a\u0646\u0627\u062a \u0645\u063a\u0630\u064a\u0629 \u0644\u0644\u0628\u0634\u0631\u0629 (\u0645\u062b\u0644 C \u0648E) \u2022 \u0645\u0633\u062a\u062e\u0644\u0635\u0627\u062a \u0646\u0628\u0627\u062a\u064a\u0629 \u062a\u0645\u0646\u062d \u062a\u0631\u0637\u064a\u0628\u064b\u0627 \u0648\u0646\u0639\u0648\u0645\u0629 \u2022 \u0642\u0648\u0627\u0645 \u0643\u0631\u064a\u0645\u064a \u0633\u0647\u0644 \u0627\u0644\u062f\u0645\u062c [&hellip;]<\/p>\n","protected":false},"featured_media":36045,"template":"","meta":[],"pwb-brand":[1014],"product_brand":[],"product_cat":[1170],"product_tag":[],"class_list":{"0":"post-36063","1":"product","2":"type-product","3":"status-publish","4":"has-post-thumbnail","6":"pwb-brand-pixi","7":"product_cat-highlighter-makeup","9":"first","10":"instock","11":"shipping-taxable","12":"purchasable","13":"product-type-variable","14":"has-default-attributes","15":"wvs-archive-product-wrapper"},"brands":[{"id":1014,"name":"Pixi","slug":"pixi"}],"_links":{"self":[{"href":"https:\/\/gopinkish.com\/fr\/wp-json\/wp\/v2\/product\/36063","targetHints":{"allow":["GET"]}}],"collection":[{"href":"https:\/\/gopinkish.com\/fr\/wp-json\/wp\/v2\/product"}],"about":[{"href":"https:\/\/gopinkish.com\/fr\/wp-json\/wp\/v2\/types\/product"}],"wp:featuredmedia":[{"embeddable":true,"href":"https:\/\/gopinkish.com\/fr\/wp-json\/wp\/v2\/media\/36045"}],"wp:attachment":[{"href":"https:\/\/gopinkish.com\/fr\/wp-json\/wp\/v2\/media?parent=36063"}],"wp:term":[{"taxonomy":"pwb-brand","embeddable":true,"href":"https:\/\/gopinkish.com\/fr\/wp-json\/wp\/v2\/pwb-brand?post=36063"},{"taxonomy":"product_brand","embeddable":true,"href":"https:\/\/gopinkish.com\/fr\/wp-json\/wp\/v2\/product_brand?post=36063"},{"taxonomy":"product_cat","embeddable":true,"href":"https:\/\/gopinkish.com\/fr\/wp-json\/wp\/v2\/product_cat?post=36063"},{"taxonomy":"product_tag","embeddable":true,"href":"https:\/\/gopinkish.com\/fr\/wp-json\/wp\/v2\/product_tag?post=36063"}],"curies":[{"name":"wp","href":"https:\/\/api.w.org\/{rel}","templated":true}]}}