{"id":36059,"date":"2026-02-19T12:24:38","date_gmt":"2026-02-19T11:24:38","guid":{"rendered":"https:\/\/gopinkish.com\/?post_type=product&#038;p=36059"},"modified":"2026-03-01T19:07:07","modified_gmt":"2026-03-01T18:07:07","slug":"8809913833444","status":"publish","type":"product","link":"https:\/\/gopinkish.com\/fr\/produit\/8809913833444\/","title":{"rendered":"Soin unifiant et apaisant pour le teint \u00e0 l'extrait de centella"},"content":{"rendered":"<p><!--StartFragment --><\/p>\n<p style=\"text-align: justify;\">Le kit unifiant \u00e0 la centella de Madagascar de Skin1004 est con\u00e7u pour am\u00e9liorer l'apparence du teint irr\u00e9gulier, att\u00e9nuer les taches brunes et apaiser les rougeurs. Il associe le pouvoir de la centella asiatique \u00e0 des ingr\u00e9dients doux qui contribuent \u00e0 rehausser l'\u00e9clat naturel sans irriter, le rendant ainsi adapt\u00e9 aux peaux sensibles.<\/p>\n<p style=\"text-align: justify;\"><strong>Le contenu de l'ensemble<br \/>\n<\/strong>\u2022 <strong>Centella Toning Toner<\/strong> \u2013 \u062a\u0648\u0646\u0631 \u0645\u0647\u062f\u0626 \u064a\u0633\u0627\u0639\u062f \u0639\u0644\u0649 \u062a\u0648\u062d\u064a\u062f \u0644\u0648\u0646 \u0627\u0644\u0628\u0634\u0631\u0629<br \/>\n\u2022 <strong>Ampoule de centella<\/strong> \u2013 \u0623\u0645\u0628\u0648\u0644 \u062e\u0641\u064a\u0641 \u064a\u0639\u0632\u0632 \u0627\u0644\u0625\u0634\u0631\u0627\u0642\u0629 \u0648\u064a\u0642\u0644\u0644 \u0627\u0644\u0627\u062d\u0645\u0631\u0627\u0631<br \/>\n\u2022 <strong>Centella Soothing Cream<\/strong> \u2013 \u0643\u0631\u064a\u0645 \u0645\u0631\u0637\u0628 \u064a\u0647\u062f\u0626 \u0627\u0644\u0628\u0634\u0631\u0629 \u0648\u064a\u062d\u0633\u0646 \u0645\u0631\u0648\u0646\u062a\u0647\u0627<br \/>\n\u2022 <strong>Centella Foam<\/strong> \u2013 \u063a\u0633\u0648\u0644 \u0644\u0637\u064a\u0641 \u064a\u0646\u0638\u0641 \u062f\u0648\u0646 \u062a\u062c\u0641\u064a\u0641<\/p>\n<p style=\"text-align: justify;\"><strong>Principaux ingr\u00e9dients et caract\u00e9ristiques<br \/>\n<\/strong>- Centella asiatique 100% de Madagascar pour apaiser la peau<br \/>\n\u2022 \u0645\u0643\u0648\u0646\u0627\u062a \u0645\u0636\u064a\u0626\u0629 \u0644\u0637\u064a\u0641\u0629 \u062a\u0633\u0627\u0639\u062f \u0639\u0644\u0649 \u062a\u0648\u062d\u064a\u062f \u0627\u0644\u0644\u0648\u0646<br \/>\n\u2022 \u062a\u0631\u0643\u064a\u0628\u0629 \u0645\u0646\u0627\u0633\u0628\u0629 \u0644\u0644\u0628\u0634\u0631\u0629 \u0627\u0644\u062d\u0633\u0627\u0633\u0629<br \/>\n\u2022 \u062a\u0631\u0637\u064a\u0628 \u062e\u0641\u064a\u0641 \u0648\u0645\u062a\u0648\u0627\u0632\u0646<br \/>\n- Des formats compacts parfaits pour voyager ou exp\u00e9rimenter<\/p>\n<p style=\"text-align: justify;\"><strong>Principales caract\u00e9ristiques et avantages<br \/>\n<\/strong>\u2022 \u064a\u0633\u0627\u0639\u062f \u0639\u0644\u0649 \u062a\u0648\u062d\u064a\u062f \u0644\u0648\u0646 \u0627\u0644\u0628\u0634\u0631\u0629 \u0648\u062a\u0642\u0644\u064a\u0644 \u0627\u0644\u0628\u0642\u0639 \u0627\u0644\u062e\u0641\u064a\u0641\u0629<br \/>\n\u2022 \u064a\u0647\u062f\u0626 \u0627\u0644\u0627\u062d\u0645\u0631\u0627\u0631 \u0648\u064a\u0642\u0644\u0644 \u0627\u0644\u062a\u0647\u064a\u062c<br \/>\n\u2022 \u064a\u0645\u0646\u062d \u0625\u0634\u0631\u0627\u0642\u0629 \u0637\u0628\u064a\u0639\u064a\u0629 \u0648\u0635\u062d\u064a\u0629<br \/>\n\u2022 \u064a\u0646\u0638\u0641 \u0648\u064a\u0631\u0637\u0628 \u062f\u0648\u0646 \u0623\u0646 \u064a\u062b\u0642\u0644 \u0627\u0644\u0628\u0634\u0631\u0629<br \/>\n- Id\u00e9al pour un usage quotidien ou en voyage<\/p>\n<p dir=\"ltr\" style=\"text-align: center;\">\u200e\ud83c\uddec\ud83c\udde7 Skin1004 Even Tone Kit \u2013 Brightening &amp; Soothing Care<br \/>\n\u200e\ud83c\uddeb\ud83c\uddf7 Skin1004 Kit Even Tone \u2013 \u00c9clat &amp; Apaisement<\/p>\n<p><!--EndFragment --><\/p>","protected":false},"excerpt":{"rendered":"<p>\u0637\u0642\u0645 Madagascar Centella Even Tone Kit \u0645\u0646 Skin1004 \u0645\u0635\u0645\u0645 \u0644\u062a\u062d\u0633\u064a\u0646 \u0645\u0638\u0647\u0631 \u0627\u0644\u0628\u0634\u0631\u0629 \u063a\u064a\u0631 \u0627\u0644\u0645\u062a\u062c\u0627\u0646\u0633\u0629\u060c \u062a\u0641\u062a\u064a\u062d \u0627\u0644\u0628\u0642\u0639 \u0627\u0644\u062e\u0641\u064a\u0641\u0629\u060c \u0648\u062a\u0647\u062f\u0626\u0629 \u0627\u0644\u0627\u062d\u0645\u0631\u0627\u0631. \u064a\u062c\u0645\u0639 \u0628\u064a\u0646 \u0642\u0648\u0629 \u0627\u0644\u0633\u0646\u062a\u064a\u0644\u0627 \u0627\u0644\u0622\u0633\u064a\u0648\u064a\u0629 \u0648\u0645\u0648\u0627\u062f \u0644\u0637\u064a\u0641\u0629 \u062a\u0633\u0627\u0639\u062f \u0639\u0644\u0649 \u062a\u0639\u0632\u064a\u0632 \u0627\u0644\u0625\u0634\u0631\u0627\u0642\u0629 \u0627\u0644\u0637\u0628\u064a\u0639\u064a\u0629 \u062f\u0648\u0646 \u062a\u0647\u064a\u064a\u062c\u060c \u0645\u0645\u0627 \u064a\u062c\u0639\u0644\u0647 \u0645\u0646\u0627\u0633\u0628\u064b\u0627 \u0644\u0644\u0628\u0634\u0631\u0629 \u0627\u0644\u062d\u0633\u0627\u0633\u0629. \u0645\u062d\u062a\u0648\u064a\u0627\u062a \u0627\u0644\u0637\u0642\u0645 \u2022 Centella Toning Toner \u2013 \u062a\u0648\u0646\u0631 \u0645\u0647\u062f\u0626 \u064a\u0633\u0627\u0639\u062f \u0639\u0644\u0649 \u062a\u0648\u062d\u064a\u062f \u0644\u0648\u0646 \u0627\u0644\u0628\u0634\u0631\u0629 \u2022 Centella Ampoule [&hellip;]<\/p>\n","protected":false},"featured_media":36036,"template":"","meta":[],"pwb-brand":[1045],"product_brand":[],"product_cat":[1241,1121,1123,1119],"product_tag":[1050,675,697,685,763],"class_list":{"0":"post-36059","1":"product","2":"type-product","3":"status-publish","4":"has-post-thumbnail","6":"pwb-brand-skin1004","7":"product_cat-care-sets","8":"product_cat-face-moist","9":"product_cat-face-bright","10":"product_cat-face-wash","11":"product_tag-1050","12":"product_tag-spots","13":"product_tag-moisturizing","14":"product_tag-brightening","15":"product_tag-763","17":"first","18":"outofstock","19":"shipping-taxable","20":"product-type-variable","21":"has-default-attributes","22":"wvs-archive-product-wrapper"},"brands":[{"id":1045,"name":"SKIN1004","slug":"peau1004"}],"_links":{"self":[{"href":"https:\/\/gopinkish.com\/fr\/wp-json\/wp\/v2\/product\/36059","targetHints":{"allow":["GET"]}}],"collection":[{"href":"https:\/\/gopinkish.com\/fr\/wp-json\/wp\/v2\/product"}],"about":[{"href":"https:\/\/gopinkish.com\/fr\/wp-json\/wp\/v2\/types\/product"}],"wp:featuredmedia":[{"embeddable":true,"href":"https:\/\/gopinkish.com\/fr\/wp-json\/wp\/v2\/media\/36036"}],"wp:attachment":[{"href":"https:\/\/gopinkish.com\/fr\/wp-json\/wp\/v2\/media?parent=36059"}],"wp:term":[{"taxonomy":"pwb-brand","embeddable":true,"href":"https:\/\/gopinkish.com\/fr\/wp-json\/wp\/v2\/pwb-brand?post=36059"},{"taxonomy":"product_brand","embeddable":true,"href":"https:\/\/gopinkish.com\/fr\/wp-json\/wp\/v2\/product_brand?post=36059"},{"taxonomy":"product_cat","embeddable":true,"href":"https:\/\/gopinkish.com\/fr\/wp-json\/wp\/v2\/product_cat?post=36059"},{"taxonomy":"product_tag","embeddable":true,"href":"https:\/\/gopinkish.com\/fr\/wp-json\/wp\/v2\/product_tag?post=36059"}],"curies":[{"name":"wp","href":"https:\/\/api.w.org\/{rel}","templated":true}]}}