{"id":36055,"date":"2026-02-19T12:24:37","date_gmt":"2026-02-19T11:24:37","guid":{"rendered":"https:\/\/gopinkish.com\/?post_type=product&#038;p=36055"},"modified":"2026-03-02T13:15:07","modified_gmt":"2026-03-02T12:15:07","slug":"8809913833499","status":"publish","type":"product","link":"https:\/\/gopinkish.com\/fr\/produit\/8809913833499\/","title":{"rendered":"Kit purifiant et apaisant pour l'acn\u00e9 \u00e0 base de Centella Asiatica"},"content":{"rendered":"<p><!--StartFragment --><\/p>\n<p style=\"text-align: justify;\">Le kit de voyage Madagascar Centella Tea-Trica de Skin1004 est sp\u00e9cialement formul\u00e9 pour contr\u00f4ler le s\u00e9bum, calmer l'inflammation et minimiser l'apparence de l'acn\u00e9 gr\u00e2ce \u00e0 la combinaison de la Centella asiatique et du Tea Tree. Il est parfaitement adapt\u00e9 pour les voyages ou pour tester la routine compl\u00e8te pour les peaux grasses et irrit\u00e9es.<\/p>\n<p style=\"text-align: justify;\"><strong>Le contenu de l'ensemble<br \/>\n<\/strong>\u2022 <strong>Mousse nettoyante Tea-Trica<\/strong> - Un nettoyant qui nettoie en profondeur et \u00e9limine l'exc\u00e8s de s\u00e9bum<br \/>\n\u2022 <strong>Tonique Tea-Trica<\/strong> - Un tonique apaisant qui r\u00e9duit les rougeurs et purifie la peau<br \/>\n\u2022 <strong>Ampoule Tea-Trica<\/strong> - Ampoule l\u00e9g\u00e8re pour contr\u00f4ler le s\u00e9bum et soulager l'acn\u00e9<br \/>\n\u2022 <strong>Cr\u00e8me anti-taches Tea-Trica<\/strong> - Cr\u00e8me topique pour r\u00e9duire l'inflammation et les boutons<\/p>\n<p style=\"text-align: justify;\"><strong>Principaux ingr\u00e9dients et caract\u00e9ristiques<br \/>\n<\/strong>- Centella asiatique 100% de Madagascar pour apaiser la peau<br \/>\n- Arbre \u00e0 th\u00e9 pour purifier la peau et r\u00e9duire l'inflammation<br \/>\n- Une formule l\u00e9g\u00e8re qui convient aux peaux grasses et mixtes<br \/>\n- Aide \u00e0 contr\u00f4ler la s\u00e9cr\u00e9tion de s\u00e9bum<br \/>\n- Des formats compacts parfaits pour voyager ou exp\u00e9rimenter<\/p>\n<p style=\"text-align: justify;\"><strong>Principales caract\u00e9ristiques et avantages<br \/>\n<\/strong>- R\u00e9duit l'apparence de l'acn\u00e9 et de l'inflammation<br \/>\n- Nettoie la peau en profondeur sans la dess\u00e9cher<br \/>\n- Apaise les rougeurs et \u00e9quilibre la s\u00e9cr\u00e9tion de s\u00e9bum<br \/>\n- Hydratation l\u00e9g\u00e8re pour les peaux grasses<br \/>\n- Id\u00e9al pour un usage quotidien ou en voyage<\/p>\n<p dir=\"ltr\" style=\"text-align: center;\">\ud83c\uddec\ud83c\udde7 Skin1004 Kit de voyage Tea-Trica - Soin de l'acn\u00e9 et contr\u00f4le du s\u00e9bum<br \/>\n\ud83c\uddeb\ud83c\uddf7 Skin1004 Kit Voyage Tea-Trica - Soin Anti-Imperfections &amp; S\u00e9bo-R\u00e9gulation<\/p>\n<p><!--EndFragment --><\/p>","protected":false},"excerpt":{"rendered":"<p>\u0637\u0642\u0645 Madagascar Centella Tea\u2011Trica Travel Kit \u0645\u0646 Skin1004 \u0645\u0635\u0645\u0645 \u062e\u0635\u064a\u0635\u064b\u0627 \u0644\u0644\u062a\u062d\u0643\u0645 \u0641\u064a \u0627\u0644\u0632\u064a\u0648\u062a\u060c \u062a\u0647\u062f\u0626\u0629 \u0627\u0644\u0627\u0644\u062a\u0647\u0627\u0628\u0627\u062a\u060c \u0648\u062a\u0642\u0644\u064a\u0644 \u0645\u0638\u0647\u0631 \u0627\u0644\u062d\u0628\u0648\u0628 \u0628\u0641\u0636\u0644 \u0645\u0632\u064a\u062c \u0627\u0644\u0633\u0646\u062a\u064a\u0644\u0627 \u0627\u0644\u0622\u0633\u064a\u0648\u064a\u0629 \u0648 \u0634\u062c\u0631\u0629 \u0627\u0644\u0634\u0627\u064a. \u064a\u0623\u062a\u064a \u0628\u062d\u062c\u0645 \u0645\u062b\u0627\u0644\u064a \u0644\u0644\u0633\u0641\u0631 \u0623\u0648 \u0644\u062a\u062c\u0631\u0628\u0629 \u0627\u0644\u0631\u0648\u062a\u064a\u0646 \u0627\u0644\u0643\u0627\u0645\u0644 \u0644\u0644\u0628\u0634\u0631\u0629 \u0627\u0644\u062f\u0647\u0646\u064a\u0629 \u0648\u0627\u0644\u0645\u062a\u0647\u064a\u062c\u0629. \u0645\u062d\u062a\u0648\u064a\u0627\u062a \u0627\u0644\u0637\u0642\u0645 \u2022 Tea\u2011Trica Cleansing Foam \u2013 \u063a\u0633\u0648\u0644 \u064a\u0646\u0638\u0641 \u0628\u0639\u0645\u0642 \u0648\u064a\u0632\u064a\u0644 \u0627\u0644\u0632\u064a\u0648\u062a \u0627\u0644\u0632\u0627\u0626\u062f\u0629 \u2022 Tea\u2011Trica Relief Toner \u2013 \u062a\u0648\u0646\u0631 [&hellip;]<\/p>\n","protected":false},"featured_media":36083,"template":"","meta":[],"pwb-brand":[1045],"product_brand":[],"product_cat":[1241,1231,1119],"product_tag":[689,695,683,687],"class_list":{"0":"post-36055","1":"product","2":"type-product","3":"status-publish","4":"has-post-thumbnail","6":"pwb-brand-skin1004","7":"product_cat-care-sets","8":"product_cat-daily-face-care","9":"product_cat-face-wash","10":"product_tag-oily","11":"product_tag-mixedskin","12":"product_tag-acne","13":"product_tag-antipickel","15":"first","16":"instock","17":"shipping-taxable","18":"purchasable","19":"product-type-variable","20":"has-default-attributes","21":"wvs-archive-product-wrapper"},"brands":[{"id":1045,"name":"SKIN1004","slug":"peau1004"}],"_links":{"self":[{"href":"https:\/\/gopinkish.com\/fr\/wp-json\/wp\/v2\/product\/36055","targetHints":{"allow":["GET"]}}],"collection":[{"href":"https:\/\/gopinkish.com\/fr\/wp-json\/wp\/v2\/product"}],"about":[{"href":"https:\/\/gopinkish.com\/fr\/wp-json\/wp\/v2\/types\/product"}],"wp:featuredmedia":[{"embeddable":true,"href":"https:\/\/gopinkish.com\/fr\/wp-json\/wp\/v2\/media\/36083"}],"wp:attachment":[{"href":"https:\/\/gopinkish.com\/fr\/wp-json\/wp\/v2\/media?parent=36055"}],"wp:term":[{"taxonomy":"pwb-brand","embeddable":true,"href":"https:\/\/gopinkish.com\/fr\/wp-json\/wp\/v2\/pwb-brand?post=36055"},{"taxonomy":"product_brand","embeddable":true,"href":"https:\/\/gopinkish.com\/fr\/wp-json\/wp\/v2\/product_brand?post=36055"},{"taxonomy":"product_cat","embeddable":true,"href":"https:\/\/gopinkish.com\/fr\/wp-json\/wp\/v2\/product_cat?post=36055"},{"taxonomy":"product_tag","embeddable":true,"href":"https:\/\/gopinkish.com\/fr\/wp-json\/wp\/v2\/product_tag?post=36055"}],"curies":[{"name":"wp","href":"https:\/\/api.w.org\/{rel}","templated":true}]}}