{"id":36021,"date":"2026-02-18T22:06:50","date_gmt":"2026-02-18T21:06:50","guid":{"rendered":"https:\/\/gopinkish.com\/?post_type=product&#038;p=36021"},"modified":"2026-03-02T13:14:26","modified_gmt":"2026-03-02T12:14:26","slug":"8809913833437","status":"publish","type":"product","link":"https:\/\/gopinkish.com\/fr\/produit\/8809913833437\/","title":{"rendered":"Coffret hydratant et apaisant pour la peau \u00e0 la Centella Asiatica - 4 produits"},"content":{"rendered":"<p><!--StartFragment --><\/p>\n<p style=\"text-align: justify;\">Le kit de voyage Madagascar Centella Hyalu-Cica de Skin1004 combine des produits essentiels avec une formule douce \u00e0 base de centella asiatique pour apaiser et d'acide hyaluronique pour une hydratation en profondeur. Adapt\u00e9 aux peaux sensibles, mixtes et s\u00e8ches, il est parfaitement dimensionn\u00e9 pour voyager ou exp\u00e9rimenter.<\/p>\n<p style=\"text-align: justify;\"><strong>Le contenu de l'ensemble<\/strong><br \/>\n\u2022 <strong>Tonique \u00e9claircissant Hyalu-Cica<\/strong> - Tonique hydratant et apaisant<br \/>\n\u2022 <strong>Hyalu-Cica Water-Fit Serum<\/strong> - S\u00e9rum hydratant l\u00e9ger<br \/>\n\u2022 <strong>Cr\u00e8me hydratante Hyalu-Cica<\/strong> - Cr\u00e8me hydratante apaisante<br \/>\n\u2022 <strong>Ampoule de centella<\/strong> - L'ampoule populaire de Centella pour apaiser la peau<\/p>\n<p style=\"text-align: justify;\"><strong>Principaux ingr\u00e9dients et caract\u00e9ristiques<br \/>\n<\/strong>- Centella asiatica 100% de Madagascar pour apaiser les rougeurs<br \/>\n- Acide hyaluronique pour une hydratation multicouche<br \/>\n- Formule l\u00e9g\u00e8re convenant aux peaux sensibles<br \/>\n- Des antioxydants pour optimiser l'\u00e9clat de la peau<br \/>\n- Des formats compacts parfaits pour voyager ou exp\u00e9rimenter<\/p>\n<p style=\"text-align: justify;\"><strong>Principales caract\u00e9ristiques et avantages<br \/>\n<\/strong>- Apaise les peaux sensibles et r\u00e9duit les rougeurs<br \/>\n- Hydrate en profondeur sans coller<br \/>\n- Aide \u00e0 am\u00e9liorer la texture de la peau et \u00e0 unifier l'apparence de la peau<br \/>\n- Convient pour une utilisation quotidienne matin et soir<br \/>\n- Parfait pour les voyages ou comme mini routine pr\u00eate \u00e0 l'emploi<\/p>\n<p dir=\"ltr\" style=\"text-align: center;\">\ud83c\uddec\ud83c\udde7 Skin1004 Kit de voyage Hyalu-Cica - Hydratation et apaisement<br \/>\n\ud83c\uddeb\ud83c\uddf7 Skin1004 Kit Voyage Hyalu-Cica - Hydratation &amp; Apaisement<\/p>\n<p><!--EndFragment --><\/p>","protected":false},"excerpt":{"rendered":"<p>\u0637\u0642\u0645 Madagascar Centella Hyalu\u2011Cica Travel Kit \u0645\u0646 Skin1004 \u064a\u062c\u0645\u0639 \u0645\u0646\u062a\u062c\u0627\u062a \u0623\u0633\u0627\u0633\u064a\u0629 \u0628\u062a\u0631\u0643\u064a\u0628\u0629 \u0644\u0637\u064a\u0641\u0629 \u062a\u0639\u062a\u0645\u062f \u0639\u0644\u0649 \u0627\u0644\u0633\u0646\u062a\u064a\u0644\u0627 \u0627\u0644\u0622\u0633\u064a\u0648\u064a\u0629 \u0644\u062a\u0647\u062f\u0626\u0629 \u0627\u0644\u0628\u0634\u0631\u0629 \u0648 \u0627\u0644\u0647\u064a\u0627\u0644\u0648\u0631\u0648\u0646\u064a\u0643 \u0623\u0633\u064a\u062f \u0644\u062a\u0631\u0637\u064a\u0628 \u0639\u0645\u064a\u0642. \u0645\u0646\u0627\u0633\u0628 \u0644\u0644\u0628\u0634\u0631\u0629 \u0627\u0644\u062d\u0633\u0627\u0633\u0629\u060c \u0627\u0644\u0645\u062e\u062a\u0644\u0637\u0629\u060c \u0648\u0627\u0644\u062c\u0627\u0641\u0629\u060c \u0648\u064a\u0623\u062a\u064a \u0628\u062d\u062c\u0645 \u0645\u062b\u0627\u0644\u064a \u0644\u0644\u0633\u0641\u0631 \u0623\u0648 \u0627\u0644\u062a\u062c\u0631\u0628\u0629. \u0645\u062d\u062a\u0648\u064a\u0627\u062a \u0627\u0644\u0637\u0642\u0645 \u2022 Hyalu\u2011Cica Brightening Toner \u2013 \u062a\u0648\u0646\u0631 \u0645\u0631\u0637\u0628 \u0648\u0645\u0647\u062f\u0626 \u2022 Hyalu\u2011Cica Water\u2011Fit Serum \u2013 \u0633\u064a\u0631\u0648\u0645 \u062a\u0631\u0637\u064a\u0628 \u062e\u0641\u064a\u0641 \u2022 Hyalu\u2011Cica [&hellip;]<\/p>\n","protected":false},"featured_media":36019,"template":"","meta":[],"pwb-brand":[1045],"product_brand":[],"product_cat":[1241,1121],"product_tag":[1050,688,697,685],"class_list":{"0":"post-36021","1":"product","2":"type-product","3":"status-publish","4":"has-post-thumbnail","6":"pwb-brand-skin1004","7":"product_cat-care-sets","8":"product_cat-face-moist","9":"product_tag-1050","10":"product_tag-sensitive","11":"product_tag-moisturizing","12":"product_tag-brightening","14":"first","15":"instock","16":"shipping-taxable","17":"purchasable","18":"product-type-variable","19":"has-default-attributes","20":"wvs-archive-product-wrapper"},"brands":[{"id":1045,"name":"SKIN1004","slug":"peau1004"}],"_links":{"self":[{"href":"https:\/\/gopinkish.com\/fr\/wp-json\/wp\/v2\/product\/36021","targetHints":{"allow":["GET"]}}],"collection":[{"href":"https:\/\/gopinkish.com\/fr\/wp-json\/wp\/v2\/product"}],"about":[{"href":"https:\/\/gopinkish.com\/fr\/wp-json\/wp\/v2\/types\/product"}],"wp:featuredmedia":[{"embeddable":true,"href":"https:\/\/gopinkish.com\/fr\/wp-json\/wp\/v2\/media\/36019"}],"wp:attachment":[{"href":"https:\/\/gopinkish.com\/fr\/wp-json\/wp\/v2\/media?parent=36021"}],"wp:term":[{"taxonomy":"pwb-brand","embeddable":true,"href":"https:\/\/gopinkish.com\/fr\/wp-json\/wp\/v2\/pwb-brand?post=36021"},{"taxonomy":"product_brand","embeddable":true,"href":"https:\/\/gopinkish.com\/fr\/wp-json\/wp\/v2\/product_brand?post=36021"},{"taxonomy":"product_cat","embeddable":true,"href":"https:\/\/gopinkish.com\/fr\/wp-json\/wp\/v2\/product_cat?post=36021"},{"taxonomy":"product_tag","embeddable":true,"href":"https:\/\/gopinkish.com\/fr\/wp-json\/wp\/v2\/product_tag?post=36021"}],"curies":[{"name":"wp","href":"https:\/\/api.w.org\/{rel}","templated":true}]}}