{"id":36014,"date":"2026-02-18T21:55:45","date_gmt":"2026-02-18T20:55:45","guid":{"rendered":"https:\/\/gopinkish.com\/?post_type=product&#038;p=36014"},"modified":"2026-03-31T22:55:39","modified_gmt":"2026-03-31T21:55:39","slug":"8809875457832","status":"publish","type":"product","link":"https:\/\/gopinkish.com\/fr\/produit\/8809875457832\/","title":{"rendered":"Cr\u00e8me \u00e9claircissante pour le teint et rehaussement de l'\u00e9clat naturel"},"content":{"rendered":"<p><!--StartFragment --><\/p>\n<p style=\"text-align: justify;\">Cette cr\u00e8me quotidienne l\u00e9g\u00e8re et nourrissante associe des extraits de baies et des vitamines illuminatrices pour donner \u00e0 la peau un \u00e9clat naturel, semblable \u00e0 celui d'un filtre. Elle aide \u00e0 hydrater, \u00e0 lisser et \u00e0 unifier le teint tout en minimisant l'aspect terne de la peau.<\/p>\n<p style=\"text-align: justify;\"><strong>Principaux ingr\u00e9dients et caract\u00e9ristiques<br \/>\n<\/strong>- Extraits de baies riches en antioxydants<br \/>\n- Vitamines \u00e9claircissantes pour la peau (telles que C et B)<br \/>\n- Formule l\u00e9g\u00e8re qui p\u00e9n\u00e8tre rapidement<br \/>\n- Hydrate en profondeur sans coller<br \/>\n- Aide \u00e0 lisser et \u00e0 unifier le teint de la peau<br \/>\n- Apporte un \u00e9clat instantan\u00e9 et une bonne mine<\/p>\n<p style=\"text-align: justify;\"><strong>Principales caract\u00e9ristiques et avantages<br \/>\n<\/strong>- Renforce l'\u00e9clat de la peau et att\u00e9nue le teint terne<br \/>\n- Hydrate la peau et la rend douce et lumineuse.<br \/>\n- Am\u00e9liore la texture de la peau pour un teint d'apparence saine<br \/>\n- Id\u00e9al pour une utilisation quotidienne avant ou sans maquillage<br \/>\n- Convient \u00e0 tous les types de peau<\/p>\n<p dir=\"ltr\" style=\"text-align: center;\">\ud83c\uddec\ud83c\udde7 EQQUAL Berry Glow Filter Cream - \u00c9claircissement et coup d'\u00e9clat<br \/>\n\ud83c\uddeb\ud83c\uddf7 EQQUAL Cr\u00e8me \u00c9clat Berry Glow - Lumi\u00e8re &amp; Hydratation<\/p>\n<p><!--EndFragment --><\/p>","protected":false},"excerpt":{"rendered":"<p>\u0643\u0631\u064a\u0645 \u064a\u0648\u0645\u064a \u0628\u062a\u0631\u0643\u064a\u0628\u0629 \u062e\u0641\u064a\u0641\u0629 \u0648\u0645\u063a\u0630\u064a\u0629\u060c \u064a\u062c\u0645\u0639 \u0628\u064a\u0646 \u0645\u0633\u062a\u062e\u0644\u0635\u0627\u062a \u0627\u0644\u062a\u0648\u062a \u0648 \u0627\u0644\u0641\u064a\u062a\u0627\u0645\u064a\u0646\u0627\u062a \u0627\u0644\u0645\u0636\u064a\u0626\u0629 \u0644\u0645\u0646\u062d \u0627\u0644\u0628\u0634\u0631\u0629 \u062a\u0648\u0647\u062c\u064b\u0627 \u0637\u0628\u064a\u0639\u064a\u064b\u0627 \u064a\u0634\u0628\u0647 \u062a\u0623\u062b\u064a\u0631 \u0627\u0644\u0641\u0644\u062a\u0631. \u064a\u0633\u0627\u0639\u062f \u0639\u0644\u0649 \u062a\u0631\u0637\u064a\u0628 \u0627\u0644\u0628\u0634\u0631\u0629\u060c \u062a\u0646\u0639\u064a\u0645\u0647\u0627\u060c \u0648\u062a\u0648\u062d\u064a\u062f \u0644\u0648\u0646\u0647\u0627 \u0645\u0639 \u062a\u0642\u0644\u064a\u0644 \u0645\u0638\u0647\u0631 \u0627\u0644\u0628\u0647\u062a\u0627\u0646. \u0627\u0644\u0645\u0643\u0648\u0646\u0627\u062a \u0648\u0627\u0644\u062e\u0635\u0627\u0626\u0635 \u0627\u0644\u0631\u0626\u064a\u0633\u064a\u0629 \u2022 \u0645\u0633\u062a\u062e\u0644\u0635\u0627\u062a \u0627\u0644\u062a\u0648\u062a \u0627\u0644\u063a\u0646\u064a\u0629 \u0628\u0645\u0636\u0627\u062f\u0627\u062a \u0627\u0644\u0623\u0643\u0633\u062f\u0629 \u2022 \u0641\u064a\u062a\u0627\u0645\u064a\u0646\u0627\u062a \u0645\u0636\u064a\u0626\u0629 \u0644\u0644\u0628\u0634\u0631\u0629 (\u0645\u062b\u0644 C \u0648B) \u2022 \u062a\u0631\u0643\u064a\u0628\u0629 \u062e\u0641\u064a\u0641\u0629 \u062a\u0645\u062a\u0635 \u0628\u0633\u0631\u0639\u0629 \u2022 \u062a\u0631\u0637\u064a\u0628 \u0639\u0645\u064a\u0642 \u062f\u0648\u0646 [&hellip;]<\/p>\n","protected":false},"featured_media":35994,"template":"","meta":[],"pwb-brand":[1447],"product_brand":[],"product_cat":[1231,1121,1123],"product_tag":[697,685,763],"class_list":{"0":"post-36014","1":"product","2":"type-product","3":"status-publish","4":"has-post-thumbnail","6":"pwb-brand-eqqual-berry","7":"product_cat-daily-face-care","8":"product_cat-face-moist","9":"product_cat-face-bright","10":"product_tag-moisturizing","11":"product_tag-brightening","12":"product_tag-763","14":"first","15":"instock","16":"shipping-taxable","17":"purchasable","18":"product-type-variable","19":"has-default-attributes","20":"wvs-archive-product-wrapper"},"brands":[{"id":1447,"name":"EqualBerry","slug":"eqqual-berry"}],"_links":{"self":[{"href":"https:\/\/gopinkish.com\/fr\/wp-json\/wp\/v2\/product\/36014","targetHints":{"allow":["GET"]}}],"collection":[{"href":"https:\/\/gopinkish.com\/fr\/wp-json\/wp\/v2\/product"}],"about":[{"href":"https:\/\/gopinkish.com\/fr\/wp-json\/wp\/v2\/types\/product"}],"wp:featuredmedia":[{"embeddable":true,"href":"https:\/\/gopinkish.com\/fr\/wp-json\/wp\/v2\/media\/35994"}],"wp:attachment":[{"href":"https:\/\/gopinkish.com\/fr\/wp-json\/wp\/v2\/media?parent=36014"}],"wp:term":[{"taxonomy":"pwb-brand","embeddable":true,"href":"https:\/\/gopinkish.com\/fr\/wp-json\/wp\/v2\/pwb-brand?post=36014"},{"taxonomy":"product_brand","embeddable":true,"href":"https:\/\/gopinkish.com\/fr\/wp-json\/wp\/v2\/product_brand?post=36014"},{"taxonomy":"product_cat","embeddable":true,"href":"https:\/\/gopinkish.com\/fr\/wp-json\/wp\/v2\/product_cat?post=36014"},{"taxonomy":"product_tag","embeddable":true,"href":"https:\/\/gopinkish.com\/fr\/wp-json\/wp\/v2\/product_tag?post=36014"}],"curies":[{"name":"wp","href":"https:\/\/api.w.org\/{rel}","templated":true}]}}