{"id":36010,"date":"2026-02-18T21:55:44","date_gmt":"2026-02-18T20:55:44","guid":{"rendered":"https:\/\/gopinkish.com\/?post_type=product&#038;p=36010"},"modified":"2026-03-02T13:13:15","modified_gmt":"2026-03-02T12:13:15","slug":"8809875457825","status":"publish","type":"product","link":"https:\/\/gopinkish.com\/fr\/produit\/8809875457825\/","title":{"rendered":"Lotion tonique \u00e9claircissante et booster d'\u00e9clat instantan\u00e9"},"content":{"rendered":"<p><!--StartFragment --><\/p>\n<p style=\"text-align: justify;\">Un tonique l\u00e9ger qui lisse, unifie le teint et lui donne un \u00e9clat naturel gr\u00e2ce \u00e0 un m\u00e9lange d'extraits de baies et de vitamines antioxydantes. Sa formule rafra\u00eechissante \u00e0 base d'eau p\u00e9n\u00e8tre rapidement sans coller, aidant \u00e0 am\u00e9liorer la texture de la peau et \u00e0 minimiser l'apparence du teint terne.<\/p>\n<p style=\"text-align: justify;\"><strong>Principaux ingr\u00e9dients et caract\u00e9ristiques<br \/>\n<\/strong>- Extraits de baies riches en antioxydants<br \/>\n- Vitamines \u00e9claircissantes pour la peau (telles que C et B)<br \/>\n- Formule l\u00e9g\u00e8re \u00e0 absorption rapide<br \/>\n- Aide \u00e0 lisser et \u00e0 unifier le teint de la peau<br \/>\n- Apporte un \u00e9clat instantan\u00e9 et une bonne mine<br \/>\n- Convient \u00e0 tous les types de peau<\/p>\n<p style=\"text-align: justify;\"><strong>Principales caract\u00e9ristiques et avantages<br \/>\n<\/strong>- Renforce l'\u00e9clat de la peau et att\u00e9nue le teint terne<br \/>\n- Hydrate et laisse la peau douce et rafra\u00eechie.<br \/>\n- Aide \u00e0 am\u00e9liorer la texture de la peau<br \/>\n- Donne un \u00e9clat naturel, semblable \u00e0 celui d'un filtre<br \/>\n- Id\u00e9al pour une utilisation quotidienne avant le s\u00e9rum ou la cr\u00e8me hydratante<\/p>\n<p dir=\"ltr\" style=\"text-align: center;\">\ud83c\uddec\ud83c\udde7 EQQUAL Berry Glow Filter Toner - \u00c9claircissement et coup d'\u00e9clat<br \/>\n\ud83c\uddeb\ud83c\uddf7 EQQUAL Tonique \u00c9clat Berry Glow - Lumi\u00e8re &amp; Hydratation<\/p>\n<p><!--EndFragment --><\/p>","protected":false},"excerpt":{"rendered":"<p>\u062a\u0648\u0646\u0631 \u062e\u0641\u064a\u0641 \u064a\u0639\u0645\u0644 \u0639\u0644\u0649 \u062a\u0646\u0639\u064a\u0645 \u0627\u0644\u0628\u0634\u0631\u0629\u060c \u062a\u0648\u062d\u064a\u062f \u0644\u0648\u0646\u0647\u0627\u060c \u0648\u0645\u0646\u062d\u0647\u0627 \u062a\u0648\u0647\u062c\u064b\u0627 \u0637\u0628\u064a\u0639\u064a\u064b\u0627 \u0628\u0641\u0636\u0644 \u0645\u0632\u064a\u062c \u0645\u0646 \u0645\u0633\u062a\u062e\u0644\u0635\u0627\u062a \u0627\u0644\u062a\u0648\u062a \u0648 \u0627\u0644\u0641\u064a\u062a\u0627\u0645\u064a\u0646\u0627\u062a \u0627\u0644\u0645\u0636\u0627\u062f\u0629 \u0644\u0644\u0623\u0643\u0633\u062f\u0629. \u062a\u0631\u0643\u064a\u0628\u062a\u0647 \u0627\u0644\u0645\u0627\u0626\u064a\u0629 \u0627\u0644\u0645\u0646\u0639\u0634\u0629 \u062a\u0645\u062a\u0635 \u0628\u0633\u0631\u0639\u0629 \u062f\u0648\u0646 \u0644\u0632\u0648\u062c\u0629\u060c \u0648\u062a\u0633\u0627\u0639\u062f \u0639\u0644\u0649 \u062a\u062d\u0633\u064a\u0646 \u0645\u0644\u0645\u0633 \u0627\u0644\u0628\u0634\u0631\u0629 \u0648\u062a\u0642\u0644\u064a\u0644 \u0645\u0638\u0647\u0631 \u0627\u0644\u0628\u0647\u062a\u0627\u0646. \u0627\u0644\u0645\u0643\u0648\u0646\u0627\u062a \u0648\u0627\u0644\u062e\u0635\u0627\u0626\u0635 \u0627\u0644\u0631\u0626\u064a\u0633\u064a\u0629 \u2022 \u0645\u0633\u062a\u062e\u0644\u0635\u0627\u062a \u0627\u0644\u062a\u0648\u062a \u0627\u0644\u063a\u0646\u064a\u0629 \u0628\u0645\u0636\u0627\u062f\u0627\u062a \u0627\u0644\u0623\u0643\u0633\u062f\u0629 \u2022 \u0641\u064a\u062a\u0627\u0645\u064a\u0646\u0627\u062a \u0645\u0636\u064a\u0626\u0629 \u0644\u0644\u0628\u0634\u0631\u0629 (\u0645\u062b\u0644 C \u0648B) \u2022 \u062a\u0631\u0643\u064a\u0628\u0629 \u062e\u0641\u064a\u0641\u0629 \u0633\u0631\u064a\u0639\u0629 [&hellip;]<\/p>\n","protected":false},"featured_media":35974,"template":"","meta":[],"pwb-brand":[1447],"product_brand":[],"product_cat":[1121,1123,1122],"product_tag":[697,685,763],"class_list":{"0":"post-36010","1":"product","2":"type-product","3":"status-publish","4":"has-post-thumbnail","6":"pwb-brand-eqqual-berry","7":"product_cat-face-moist","8":"product_cat-face-bright","9":"product_cat-face-toner","10":"product_tag-moisturizing","11":"product_tag-brightening","12":"product_tag-763","14":"first","15":"instock","16":"shipping-taxable","17":"purchasable","18":"product-type-variable","19":"has-default-attributes","20":"wvs-archive-product-wrapper"},"brands":[{"id":1447,"name":"EqualBerry","slug":"eqqual-berry"}],"_links":{"self":[{"href":"https:\/\/gopinkish.com\/fr\/wp-json\/wp\/v2\/product\/36010","targetHints":{"allow":["GET"]}}],"collection":[{"href":"https:\/\/gopinkish.com\/fr\/wp-json\/wp\/v2\/product"}],"about":[{"href":"https:\/\/gopinkish.com\/fr\/wp-json\/wp\/v2\/types\/product"}],"wp:featuredmedia":[{"embeddable":true,"href":"https:\/\/gopinkish.com\/fr\/wp-json\/wp\/v2\/media\/35974"}],"wp:attachment":[{"href":"https:\/\/gopinkish.com\/fr\/wp-json\/wp\/v2\/media?parent=36010"}],"wp:term":[{"taxonomy":"pwb-brand","embeddable":true,"href":"https:\/\/gopinkish.com\/fr\/wp-json\/wp\/v2\/pwb-brand?post=36010"},{"taxonomy":"product_brand","embeddable":true,"href":"https:\/\/gopinkish.com\/fr\/wp-json\/wp\/v2\/product_brand?post=36010"},{"taxonomy":"product_cat","embeddable":true,"href":"https:\/\/gopinkish.com\/fr\/wp-json\/wp\/v2\/product_cat?post=36010"},{"taxonomy":"product_tag","embeddable":true,"href":"https:\/\/gopinkish.com\/fr\/wp-json\/wp\/v2\/product_tag?post=36010"}],"curies":[{"name":"wp","href":"https:\/\/api.w.org\/{rel}","templated":true}]}}