{"id":36006,"date":"2026-02-18T21:55:44","date_gmt":"2026-02-18T20:55:44","guid":{"rendered":"https:\/\/gopinkish.com\/?post_type=product&#038;p=36006"},"modified":"2026-02-18T22:28:43","modified_gmt":"2026-02-18T21:28:43","slug":"8809970759060","status":"publish","type":"product","link":"https:\/\/gopinkish.com\/fr\/produit\/8809970759060\/","title":{"rendered":"Cr\u00e8me \u00e9claircissante pour taches brunes et unifiante pour le teint"},"content":{"rendered":"<p><!--StartFragment --><\/p>\n<p style=\"text-align: justify;\">La version am\u00e9lior\u00e9e contient deux fois plus de vitamine C que la version pr\u00e9c\u00e9dente. Sa formule l\u00e9g\u00e8re \u00e0 absorption rapide, adapt\u00e9e aux peaux sensibles, hydrate la peau en profondeur tout en r\u00e9duisant l'apparence des pores et du teint terne. Elle associe l'extrait de mandarine verte et le niacinamide pour renforcer l'\u00e9clat et unifier le teint.<\/p>\n<p style=\"text-align: justify;\"><strong>Principaux ingr\u00e9dients et caract\u00e9ristiques<br \/>\n<\/strong>- Vitamine C doublement concentr\u00e9e pour \u00e9claircir les taches brunes<br \/>\n- Extrait de mandarine verte pour un \u00e9clat naturel<br \/>\n- Niacinamide pour am\u00e9liorer la texture de la peau et r\u00e9duire les pores<br \/>\n- Formule l\u00e9g\u00e8re convenant aux peaux sensibles<br \/>\n- Une hydratation en profondeur qui dure toute la journ\u00e9e<\/p>\n<p style=\"text-align: justify;\"><strong>Principales caract\u00e9ristiques et avantages<br \/>\n<\/strong>- Att\u00e9nue efficacement les taches brunes et le teint terne<br \/>\n- Unifie le teint de la peau et lui donne un \u00e9clat sain<br \/>\n- Hydrate et adoucit la peau<br \/>\n- Minimise l'apparence des pores et des ridules<br \/>\n- Convient pour une utilisation quotidienne matin et soir<\/p>\n<p dir=\"ltr\" style=\"text-align: center;\">\ud83c\uddec\ud83c\udde7 Goodal Green Tangerine Vita-C Cream - Hydratation et \u00e9claircissement des taches brunes<br \/>\n\ud83c\uddeb\ud83c\uddf7 Goodal Cr\u00e8me Vita-C Mandarine Verte - \u00c9clat &amp; Soin Anti-Taches<\/p>\n<p><!--EndFragment --><\/p>","protected":false},"excerpt":{"rendered":"<p>\u0627\u0644\u0625\u0635\u062f\u0627\u0631 \u0627\u0644\u0645\u0637\u0648\u0651\u0631 \u0627\u0644\u0630\u064a \u064a\u062d\u062a\u0648\u064a \u0639\u0644\u0649 \u0636\u0639\u0641 \u0643\u0645\u064a\u0629 \u0641\u064a\u062a\u0627\u0645\u064a\u0646 C \u0645\u0642\u0627\u0631\u0646\u0629 \u0628\u0627\u0644\u0646\u0633\u062e\u0629 \u0627\u0644\u0633\u0627\u0628\u0642\u0629. \u062a\u0631\u0643\u064a\u0628\u062a\u0647 \u062e\u0641\u064a\u0641\u0629 \u0648\u0633\u0631\u064a\u0639\u0629 \u0627\u0644\u0627\u0645\u062a\u0635\u0627\u0635\u060c \u0645\u0646\u0627\u0633\u0628\u0629 \u0644\u0644\u0628\u0634\u0631\u0629 \u0627\u0644\u062d\u0633\u0627\u0633\u0629\u060c \u0648\u062a\u0639\u0645\u0644 \u0639\u0644\u0649 \u062a\u0631\u0637\u064a\u0628 \u0627\u0644\u0628\u0634\u0631\u0629 \u0628\u0639\u0645\u0642 \u0645\u0639 \u062a\u0642\u0644\u064a\u0644 \u0645\u0638\u0647\u0631 \u0627\u0644\u0645\u0633\u0627\u0645 \u0648\u0627\u0644\u0628\u0647\u062a\u0627\u0646. \u064a\u062c\u0645\u0639 \u0628\u064a\u0646 \u062e\u0644\u0627\u0635\u0629 \u0627\u0644\u064a\u0648\u0633\u0641\u064a \u0627\u0644\u0623\u062e\u0636\u0631 \u0648 \u0627\u0644\u0646\u064a\u0627\u0633\u064a\u0646\u0627\u0645\u064a\u062f \u0644\u062a\u0639\u0632\u064a\u0632 \u0625\u0634\u0631\u0627\u0642\u0629 \u0627\u0644\u0628\u0634\u0631\u0629 \u0648\u062a\u0648\u062d\u064a\u062f \u0644\u0648\u0646\u0647\u0627. \u0627\u0644\u0645\u0643\u0648\u0646\u0627\u062a \u0648\u0627\u0644\u062e\u0635\u0627\u0626\u0635 \u0627\u0644\u0631\u0626\u064a\u0633\u064a\u0629 \u2022 \u0641\u064a\u062a\u0627\u0645\u064a\u0646 C \u0628\u062a\u0631\u0643\u064a\u0632 \u0645\u0636\u0627\u0639\u0641 \u0644\u062a\u0641\u062a\u064a\u062d \u0627\u0644\u0628\u0642\u0639 \u0627\u0644\u062f\u0627\u0643\u0646\u0629 \u2022 \u062e\u0644\u0627\u0635\u0629 \u0627\u0644\u064a\u0648\u0633\u0641\u064a [&hellip;]<\/p>\n","protected":false},"featured_media":35973,"template":"","meta":[],"pwb-brand":[1400],"product_brand":[],"product_cat":[1231,1121,1123],"product_tag":[673,697,685,763],"class_list":{"0":"post-36006","1":"product","2":"type-product","3":"status-publish","4":"has-post-thumbnail","6":"pwb-brand-goodal","7":"product_cat-daily-face-care","8":"product_cat-face-moist","9":"product_cat-face-bright","10":"product_tag-pores","11":"product_tag-moisturizing","12":"product_tag-brightening","13":"product_tag-763","15":"first","16":"instock","17":"shipping-taxable","18":"purchasable","19":"product-type-variable","20":"has-default-attributes","21":"wvs-archive-product-wrapper"},"brands":[{"id":1400,"name":"Goodal","slug":"goodal"}],"_links":{"self":[{"href":"https:\/\/gopinkish.com\/fr\/wp-json\/wp\/v2\/product\/36006","targetHints":{"allow":["GET"]}}],"collection":[{"href":"https:\/\/gopinkish.com\/fr\/wp-json\/wp\/v2\/product"}],"about":[{"href":"https:\/\/gopinkish.com\/fr\/wp-json\/wp\/v2\/types\/product"}],"wp:featuredmedia":[{"embeddable":true,"href":"https:\/\/gopinkish.com\/fr\/wp-json\/wp\/v2\/media\/35973"}],"wp:attachment":[{"href":"https:\/\/gopinkish.com\/fr\/wp-json\/wp\/v2\/media?parent=36006"}],"wp:term":[{"taxonomy":"pwb-brand","embeddable":true,"href":"https:\/\/gopinkish.com\/fr\/wp-json\/wp\/v2\/pwb-brand?post=36006"},{"taxonomy":"product_brand","embeddable":true,"href":"https:\/\/gopinkish.com\/fr\/wp-json\/wp\/v2\/product_brand?post=36006"},{"taxonomy":"product_cat","embeddable":true,"href":"https:\/\/gopinkish.com\/fr\/wp-json\/wp\/v2\/product_cat?post=36006"},{"taxonomy":"product_tag","embeddable":true,"href":"https:\/\/gopinkish.com\/fr\/wp-json\/wp\/v2\/product_tag?post=36006"}],"curies":[{"name":"wp","href":"https:\/\/api.w.org\/{rel}","templated":true}]}}