{"id":36002,"date":"2026-02-18T21:55:29","date_gmt":"2026-02-18T20:55:29","guid":{"rendered":"https:\/\/gopinkish.com\/?post_type=product&#038;p=36002"},"modified":"2026-03-02T13:52:46","modified_gmt":"2026-03-02T12:52:46","slug":"3660005903903","status":"publish","type":"product","link":"https:\/\/gopinkish.com\/fr\/produit\/3660005903903\/","title":{"rendered":"Baume \u00e0 l\u00e8vres teint\u00e9 framboise pour hydrater et colorer"},"content":{"rendered":"<p><!--StartFragment --><\/p>\n<p style=\"text-align: justify;\">Un baume \u00e0 l\u00e8vres enrichi en 97% d'ingr\u00e9dients naturels, con\u00e7u pour nourrir les l\u00e8vres, les prot\u00e9ger du dess\u00e8chement et leur donner une couleur l\u00e9g\u00e8re et naturelle. Sa formule douce fond sur les l\u00e8vres, les laissant douces et confortables, avec un parfum d\u00e9licieusement fruit\u00e9.<\/p>\n<p style=\"text-align: justify;\"><strong>Principaux ingr\u00e9dients et caract\u00e9ristiques<br \/>\n<\/strong>- 97% Ingr\u00e9dients naturels<br \/>\n- Formule sans silicone<br \/>\n- Parfum naturel rafra\u00eechissant \u00e0 la framboise<br \/>\n- Texture lisse qui fond sur les l\u00e8vres<br \/>\n- Hydrate en profondeur et apporte une l\u00e9g\u00e8re touche de couleur<\/p>\n<p style=\"text-align: justify;\"><strong>Principales caract\u00e9ristiques et avantages<br \/>\n<\/strong>- Nourrit et adoucit instantan\u00e9ment les l\u00e8vres<br \/>\n- Laisse un fini l\u00e9ger et naturel<br \/>\n- Prot\u00e8ge contre la d\u00e9shydratation et favorise le confort<br \/>\n- Un parfum frais et fruit\u00e9 qui vous donne une sensation d'\u00e9nergie<br \/>\n- Convient \u00e0 un usage quotidien<\/p>\n<p style=\"text-align: center;\">\ud83c\uddec\ud83c\udde7 Yves Rocher Baume \u00e0 l\u00e8vres framboise - Nourriture et teinte douce<br \/>\n\ud83c\uddeb\ud83c\uddf7 Yves Rocher Baume L\u00e8vres Framboise - Nutrition &amp; Teinte L\u00e9g\u00e8re<\/p>\n<p><!--EndFragment --><\/p>","protected":false},"excerpt":{"rendered":"<p>\u0628\u0644\u0633\u0645 \u0634\u0641\u0627\u0647 \u063a\u0646\u064a \u0628\u0640 97% \u0645\u0646 \u0627\u0644\u0645\u0643\u0648\u0646\u0627\u062a \u0627\u0644\u0637\u0628\u064a\u0639\u064a\u0629\u060c \u0645\u0635\u0645\u0645 \u0644\u062a\u063a\u0630\u064a\u0629 \u0627\u0644\u0634\u0641\u0627\u0647\u060c \u062d\u0645\u0627\u064a\u062a\u0647\u0627 \u0645\u0646 \u0627\u0644\u062c\u0641\u0627\u0641\u060c \u0648\u0645\u0646\u062d\u0647\u0627 \u0644\u0648\u0646\u064b\u0627 \u062e\u0641\u064a\u0641\u064b\u0627 \u0637\u0628\u064a\u0639\u064a\u064b\u0627. \u062a\u0631\u0643\u064a\u0628\u062a\u0647 \u0627\u0644\u0646\u0627\u0639\u0645\u0629 \u062a\u0630\u0648\u0628 \u0639\u0644\u0649 \u0627\u0644\u0634\u0641\u0627\u0647 \u0648\u062a\u062a\u0631\u0643\u0647\u0627 \u0646\u0627\u0639\u0645\u0629 \u0648\u0645\u0631\u064a\u062d\u0629 \u0645\u0639 \u0644\u0645\u0633\u0629 \u0639\u0637\u0631\u064a\u0629 \u0641\u0627\u0643\u0647\u064a\u0629 \u0644\u0630\u064a\u0630\u0629. \u0627\u0644\u0645\u0643\u0648\u0646\u0627\u062a \u0648\u0627\u0644\u062e\u0635\u0627\u0626\u0635 \u0627\u0644\u0631\u0626\u064a\u0633\u064a\u0629 \u2022 97% \u0645\u0643\u0648\u0646\u0627\u062a \u0637\u0628\u064a\u0639\u064a\u0629 \u2022 \u062a\u0631\u0643\u064a\u0628\u0629 \u062e\u0627\u0644\u064a\u0629 \u0645\u0646 \u0627\u0644\u0633\u064a\u0644\u064a\u0643\u0648\u0646 \u2022 \u0639\u0637\u0631 \u0637\u0628\u064a\u0639\u064a \u0645\u0646\u0639\u0634 \u0628\u0627\u0644\u062a\u0648\u062a \u0627\u0644\u0639\u0644\u064a\u0642 \u2022 \u0642\u0648\u0627\u0645 \u0646\u0627\u0639\u0645 \u064a\u0630\u0648\u0628 \u0639\u0644\u0649 \u0627\u0644\u0634\u0641\u0627\u0647 [&hellip;]<\/p>\n","protected":false},"featured_media":35968,"template":"","meta":[],"pwb-brand":[219],"product_brand":[],"product_cat":[1177],"product_tag":[],"class_list":{"0":"post-36002","1":"product","2":"type-product","3":"status-publish","4":"has-post-thumbnail","6":"pwb-brand-yves_rocher","7":"product_cat-lips-balm-makeup","9":"first","10":"instock","11":"shipping-taxable","12":"purchasable","13":"product-type-variable","14":"has-default-attributes","15":"wvs-archive-product-wrapper"},"brands":[{"id":219,"name":"Yves Rocher","slug":"yves_rocher"}],"_links":{"self":[{"href":"https:\/\/gopinkish.com\/fr\/wp-json\/wp\/v2\/product\/36002","targetHints":{"allow":["GET"]}}],"collection":[{"href":"https:\/\/gopinkish.com\/fr\/wp-json\/wp\/v2\/product"}],"about":[{"href":"https:\/\/gopinkish.com\/fr\/wp-json\/wp\/v2\/types\/product"}],"wp:featuredmedia":[{"embeddable":true,"href":"https:\/\/gopinkish.com\/fr\/wp-json\/wp\/v2\/media\/35968"}],"wp:attachment":[{"href":"https:\/\/gopinkish.com\/fr\/wp-json\/wp\/v2\/media?parent=36002"}],"wp:term":[{"taxonomy":"pwb-brand","embeddable":true,"href":"https:\/\/gopinkish.com\/fr\/wp-json\/wp\/v2\/pwb-brand?post=36002"},{"taxonomy":"product_brand","embeddable":true,"href":"https:\/\/gopinkish.com\/fr\/wp-json\/wp\/v2\/product_brand?post=36002"},{"taxonomy":"product_cat","embeddable":true,"href":"https:\/\/gopinkish.com\/fr\/wp-json\/wp\/v2\/product_cat?post=36002"},{"taxonomy":"product_tag","embeddable":true,"href":"https:\/\/gopinkish.com\/fr\/wp-json\/wp\/v2\/product_tag?post=36002"}],"curies":[{"name":"wp","href":"https:\/\/api.w.org\/{rel}","templated":true}]}}