{"id":35640,"date":"2026-01-26T21:10:48","date_gmt":"2026-01-26T20:10:48","guid":{"rendered":"https:\/\/gopinkish.com\/?post_type=product&#038;p=35640"},"modified":"2026-04-28T14:45:40","modified_gmt":"2026-04-28T13:45:40","slug":"6291106037210","status":"publish","type":"product","link":"https:\/\/gopinkish.com\/fr\/produit\/6291106037210\/","title":{"rendered":"Poudre de maquillage et poudre lissante pour les pores avec un fini mat"},"content":{"rendered":"<p style=\"text-align: justify;\">Une poudre libre ultra-fine con\u00e7ue pour fixer le maquillage pendant des heures, contr\u00f4ler la brillance et att\u00e9nuer l'apparence des pores et des rides. La formule ultra-l\u00e9g\u00e8re se fond facilement dans la peau sans laisser de film lourd, ce qui la rend id\u00e9ale pour les randonn\u00e9es \u00e0 v\u00e9lo ou le maquillage quotidien.<\/p>\n<p><strong>Principaux ingr\u00e9dients et caract\u00e9ristiques<\/strong><br \/>\n- Formule ultra-douce et soyeuse<br \/>\n- Couvrance l\u00e9g\u00e8re et modulable<br \/>\n- Aide \u00e0 att\u00e9nuer l'apparence des pores<br \/>\n- Contr\u00f4le de la brillance tout au long de la journ\u00e9e<br \/>\n- Convient \u00e0 tous les types de peau<br \/>\n- Disponible dans une gamme de nuances pour s'adapter \u00e0 une vari\u00e9t\u00e9 de couleurs<\/p>\n<p><strong>Principales caract\u00e9ristiques et avantages<\/strong><br \/>\n- Maquillage longue dur\u00e9e sans formation de grumeaux<br \/>\n- Procure un fini mat et doux et un aspect sans brillance<br \/>\n- Id\u00e9ale pour cuire et illuminer la zone sous les yeux<br \/>\n- Dissimule l'apparence des pores et des ridules<br \/>\n- Donne \u00e0 la peau un aspect poli et uniforme<\/p>\n<p dir=\"ltr\" style=\"text-align: center;\">\ud83c\uddec\ud83c\udde7 Huda Beauty Easy Bake Powder - Smooth Matte Setting<br \/>\n\ud83c\uddeb\ud83c\uddf7 Huda Beauty Easy Bake - Poudre Libre Fixante &amp; Lissante<\/p>","protected":false},"excerpt":{"rendered":"<p>\u0628\u0648\u062f\u0631\u0629 \u0633\u0627\u0626\u0628\u0629 \u0641\u0627\u0626\u0642\u0629 \u0627\u0644\u0646\u0639\u0648\u0645\u0629 \u0645\u0635\u0645\u0645\u0629 \u0644\u062a\u062b\u0628\u064a\u062a \u0627\u0644\u0645\u0643\u064a\u0627\u062c \u0644\u0633\u0627\u0639\u0627\u062a \u0637\u0648\u064a\u0644\u0629\u060c \u0627\u0644\u062a\u062d\u0643\u0645 \u0641\u064a \u0627\u0644\u0644\u0645\u0639\u0627\u0646\u060c \u0648\u062a\u0646\u0639\u064a\u0645 \u0645\u0638\u0647\u0631 \u0627\u0644\u0645\u0633\u0627\u0645 \u0648\u0627\u0644\u062e\u0637\u0648\u0637. \u062a\u0631\u0643\u064a\u0628\u062a\u0647\u0627 \u062e\u0641\u064a\u0641\u0629 \u062c\u062f\u064b\u0627 \u0648\u062a\u0646\u062f\u0645\u062c \u0628\u0633\u0647\u0648\u0644\u0629 \u0645\u0639 \u0627\u0644\u0628\u0634\u0631\u0629 \u062f\u0648\u0646 \u0623\u0646 \u062a\u062a\u0631\u0643 \u0637\u0628\u0642\u0629 \u062b\u0642\u064a\u0644\u0629\u060c \u0645\u0645\u0627 \u064a\u062c\u0639\u0644\u0647\u0627 \u0645\u062b\u0627\u0644\u064a\u0629 \u0644\u0644\u0628\u064e\u064a\u0643\u064a\u0646\u063a \u0623\u0648 \u0627\u0644\u062a\u062b\u0628\u064a\u062a \u0627\u0644\u064a\u0648\u0645\u064a. \u0627\u0644\u0645\u0643\u0648\u0646\u0627\u062a \u0648\u0627\u0644\u062e\u0635\u0627\u0626\u0635 \u0627\u0644\u0631\u0626\u064a\u0633\u064a\u0629 \u2022 \u062a\u0631\u0643\u064a\u0628\u0629 \u062d\u0631\u064a\u0631\u064a\u0629 \u0641\u0627\u0626\u0642\u0629 \u0627\u0644\u0646\u0639\u0648\u0645\u0629 \u2022 \u062a\u063a\u0637\u064a\u0629 \u062e\u0641\u064a\u0641\u0629 \u0642\u0627\u0628\u0644\u0629 \u0644\u0644\u0628\u0646\u0627\u0621 \u2022 \u062a\u0633\u0627\u0639\u062f \u0639\u0644\u0649 \u062a\u0646\u0639\u064a\u0645 \u0645\u0638\u0647\u0631 \u0627\u0644\u0645\u0633\u0627\u0645 \u2022 [&hellip;]<\/p>\n","protected":false},"featured_media":35633,"template":"","meta":[],"pwb-brand":[1476],"product_brand":[],"product_cat":[1172],"product_tag":[],"class_list":{"0":"post-35640","1":"product","2":"type-product","3":"status-publish","4":"has-post-thumbnail","6":"pwb-brand-huda-beauty","7":"product_cat-powder-makeup","9":"first","10":"outofstock","11":"shipping-taxable","12":"product-type-variable","13":"has-default-attributes","14":"wvs-archive-product-wrapper"},"brands":[{"id":1476,"name":"Huda Beauty","slug":"beaute-huda"}],"_links":{"self":[{"href":"https:\/\/gopinkish.com\/fr\/wp-json\/wp\/v2\/product\/35640","targetHints":{"allow":["GET"]}}],"collection":[{"href":"https:\/\/gopinkish.com\/fr\/wp-json\/wp\/v2\/product"}],"about":[{"href":"https:\/\/gopinkish.com\/fr\/wp-json\/wp\/v2\/types\/product"}],"wp:featuredmedia":[{"embeddable":true,"href":"https:\/\/gopinkish.com\/fr\/wp-json\/wp\/v2\/media\/35633"}],"wp:attachment":[{"href":"https:\/\/gopinkish.com\/fr\/wp-json\/wp\/v2\/media?parent=35640"}],"wp:term":[{"taxonomy":"pwb-brand","embeddable":true,"href":"https:\/\/gopinkish.com\/fr\/wp-json\/wp\/v2\/pwb-brand?post=35640"},{"taxonomy":"product_brand","embeddable":true,"href":"https:\/\/gopinkish.com\/fr\/wp-json\/wp\/v2\/product_brand?post=35640"},{"taxonomy":"product_cat","embeddable":true,"href":"https:\/\/gopinkish.com\/fr\/wp-json\/wp\/v2\/product_cat?post=35640"},{"taxonomy":"product_tag","embeddable":true,"href":"https:\/\/gopinkish.com\/fr\/wp-json\/wp\/v2\/product_tag?post=35640"}],"curies":[{"name":"wp","href":"https:\/\/api.w.org\/{rel}","templated":true}]}}