{"id":35620,"date":"2026-01-15T16:39:02","date_gmt":"2026-01-15T15:39:02","guid":{"rendered":"https:\/\/gopinkish.com\/?post_type=product&#038;p=35620"},"modified":"2026-04-04T14:54:51","modified_gmt":"2026-04-04T13:54:51","slug":"071249383452","status":"publish","type":"product","link":"https:\/\/gopinkish.com\/fr\/produit\/071249383452\/","title":{"rendered":"Mascara volumateur et allongeant ultra-doux"},"content":{"rendered":"<p style=\"text-align: justify;\">Un mascara r\u00e9put\u00e9 pour sa capacit\u00e9 \u00e0 donner du volume et une longueur visible aux cils sans faire de paquets. La formule riche et cr\u00e9meuse glisse sans effort, tandis que la brosse aux poils ondul\u00e9s capture et enrobe chaque cil pour un look plein et pulpeux. Il donne aux cils une sensation de l\u00e9g\u00e8ret\u00e9 et de douceur.<\/p>\n<p><strong>Principaux ingr\u00e9dients et caract\u00e9ristiques<\/strong><br \/>\n- Une formule cr\u00e9meuse qui donne un volume et une longueur visibles<br \/>\n- Une brosse ondul\u00e9e pour capturer chaque cil<br \/>\n- Intensification imm\u00e9diate sans regroupement<br \/>\n- Couleur noire intense<br \/>\n- Convient \u00e0 l'usage quotidien et aux occasions<\/p>\n<p><strong>Principales caract\u00e9ristiques et avantages<\/strong><br \/>\n- Epaississement et allongement instantan\u00e9s d\u00e8s la premi\u00e8re couche<br \/>\n- Donne l'apparence de cils plus fournis et plus lisses<br \/>\n- Sa formule l\u00e9g\u00e8re n'alourdit pas les cils.<br \/>\n- Tient toute la journ\u00e9e sans s'effriter<br \/>\n- Convient \u00e0 tous les types de cils<\/p>\n<p dir=\"ltr\" style=\"text-align: center;\">\ud83c\uddec\ud83c\udde7 L'Or\u00e9al Lash Paradise - Mascara volumineux et allongeant<br \/>\n\ud83c\uddeb\ud83c\uddf7 L'Or\u00e9al Lash Paradise - Mascara Volume &amp; Longueur<\/p>","protected":false},"excerpt":{"rendered":"<p>\u0645\u0627\u0633\u0643\u0627\u0631\u0627 \u0645\u0634\u0647\u0648\u0631\u0629 \u0628\u0642\u062f\u0631\u062a\u0647\u0627 \u0639\u0644\u0649 \u0645\u0646\u062d \u0627\u0644\u0631\u0645\u0648\u0634 \u062d\u062c\u0645\u064b\u0627 \u0643\u0628\u064a\u0631\u064b\u0627 \u0648\u0637\u0648\u0644\u064b\u0627 \u0648\u0627\u0636\u062d\u064b\u0627 \u062f\u0648\u0646 \u062a\u0643\u062a\u0644. \u062a\u0631\u0643\u064a\u0628\u062a\u0647\u0627 \u0627\u0644\u0643\u0631\u064a\u0645\u064a\u0629 \u0627\u0644\u063a\u0646\u064a\u0629 \u062a\u0646\u0633\u0627\u0628 \u0628\u0633\u0647\u0648\u0644\u0629\u060c \u0628\u064a\u0646\u0645\u0627 \u062a\u0639\u0645\u0644 \u0627\u0644\u0641\u0631\u0634\u0627\u0629 \u0630\u0627\u062a \u0627\u0644\u0634\u0639\u064a\u0631\u0627\u062a \u0627\u0644\u0645\u062a\u0645\u0648\u062c\u0629 \u0639\u0644\u0649 \u0627\u0644\u062a\u0642\u0627\u0637 \u0643\u0644 \u0631\u0645\u0634 \u0648\u062a\u063a\u0644\u064a\u0641\u0647 \u0644\u0644\u062d\u0635\u0648\u0644 \u0639\u0644\u0649 \u0645\u0638\u0647\u0631 \u0645\u0645\u062a\u0644\u0626 \u0648\u062c\u0630\u0627\u0628. \u062a\u0645\u0646\u062d \u0627\u0644\u0631\u0645\u0648\u0634 \u0625\u062d\u0633\u0627\u0633\u064b\u0627 \u062e\u0641\u064a\u0641\u064b\u0627 \u0648\u0645\u0644\u0645\u0633\u064b\u0627 \u0646\u0627\u0639\u0645\u064b\u0627 \u064a\u0634\u0628\u0647 \u0627\u0644\u062d\u0631\u064a\u0631. \u0627\u0644\u0645\u0643\u0648\u0646\u0627\u062a \u0648\u0627\u0644\u062e\u0635\u0627\u0626\u0635 \u0627\u0644\u0631\u0626\u064a\u0633\u064a\u0629 \u2022 \u062a\u0631\u0643\u064a\u0628\u0629 \u0643\u0631\u064a\u0645\u064a\u0629 \u062a\u0645\u0646\u062d \u062d\u062c\u0645\u064b\u0627 \u0648\u0637\u0648\u0644\u064b\u0627 \u0648\u0627\u0636\u062d\u064b\u0627 \u2022 \u0641\u0631\u0634\u0627\u0629 \u0645\u062a\u0645\u0648\u062c\u0629 \u0644\u0627\u0644\u062a\u0642\u0627\u0637 [&hellip;]<\/p>\n","protected":false},"featured_media":35614,"template":"","meta":[],"pwb-brand":[239],"product_brand":[],"product_cat":[1189],"product_tag":[],"class_list":{"0":"post-35620","1":"product","2":"type-product","3":"status-publish","4":"has-post-thumbnail","6":"pwb-brand-loreal","7":"product_cat-eyes-mascara","9":"first","10":"instock","11":"shipping-taxable","12":"purchasable","13":"product-type-variable","14":"has-default-attributes","15":"wvs-archive-product-wrapper"},"brands":[{"id":239,"name":"L'Or\u00e9al Paris","slug":"loreal"}],"_links":{"self":[{"href":"https:\/\/gopinkish.com\/fr\/wp-json\/wp\/v2\/product\/35620","targetHints":{"allow":["GET"]}}],"collection":[{"href":"https:\/\/gopinkish.com\/fr\/wp-json\/wp\/v2\/product"}],"about":[{"href":"https:\/\/gopinkish.com\/fr\/wp-json\/wp\/v2\/types\/product"}],"wp:featuredmedia":[{"embeddable":true,"href":"https:\/\/gopinkish.com\/fr\/wp-json\/wp\/v2\/media\/35614"}],"wp:attachment":[{"href":"https:\/\/gopinkish.com\/fr\/wp-json\/wp\/v2\/media?parent=35620"}],"wp:term":[{"taxonomy":"pwb-brand","embeddable":true,"href":"https:\/\/gopinkish.com\/fr\/wp-json\/wp\/v2\/pwb-brand?post=35620"},{"taxonomy":"product_brand","embeddable":true,"href":"https:\/\/gopinkish.com\/fr\/wp-json\/wp\/v2\/product_brand?post=35620"},{"taxonomy":"product_cat","embeddable":true,"href":"https:\/\/gopinkish.com\/fr\/wp-json\/wp\/v2\/product_cat?post=35620"},{"taxonomy":"product_tag","embeddable":true,"href":"https:\/\/gopinkish.com\/fr\/wp-json\/wp\/v2\/product_tag?post=35620"}],"curies":[{"name":"wp","href":"https:\/\/api.w.org\/{rel}","templated":true}]}}