{"id":35617,"date":"2026-01-16T16:33:03","date_gmt":"2026-01-16T15:33:03","guid":{"rendered":"https:\/\/gopinkish.com\/?post_type=product&#038;p=35617"},"modified":"2026-04-13T13:37:19","modified_gmt":"2026-04-13T12:37:19","slug":"6971870592701","status":"publish","type":"product","link":"https:\/\/gopinkish.com\/fr\/produit\/6971870592701\/","title":{"rendered":"Palette de contournement et de sculpture du visage en six teintes"},"content":{"rendered":"<p style=\"text-align: justify;\">Une palette polyvalente qui combine un contour, un bronzer, un highlighter et un blush dans une formule poudre douce qui glisse facilement. Elle offre des nuances harmonieuses qui permettent un contournement naturel avec un fini lumineux d'apparence saine. Convient \u00e0 tous les types de peau et s'estompe facilement pour un maquillage de tous les jours ou d'occasion.<\/p>\n<p><strong>Principaux ingr\u00e9dients et caract\u00e9ristiques<\/strong><br \/>\n- 6 ombres int\u00e9gr\u00e9es pour la sculpture et l'\u00e9clairage<br \/>\n- Une formule en poudre douce facile \u00e0 estomper<br \/>\n- Des couleurs pour la plupart des carnations<br \/>\n- Id\u00e9al pour le contouring, le bronzage, l'highlighter et le blush<br \/>\n- Donne un aspect naturel ou fort, selon les besoins<br \/>\n- Taille pratique pour les voyages et l'utilisation quotidienne<\/p>\n<p><strong>Principales caract\u00e9ristiques et avantages<\/strong><br \/>\n- Contour clair avec un fini naturel<br \/>\n- Illumination instantan\u00e9e pour un effet bonne mine<br \/>\n- Plusieurs couleurs pour diff\u00e9rentes utilisations<br \/>\n- Une int\u00e9gration transparente et sans amalgame<br \/>\n- Convient aux d\u00e9butants et aux professionnels<\/p>\n<p dir=\"ltr\" style=\"text-align: center;\">\ud83c\uddec\ud83c\udde7 SHEGLAM Stereo Face Six - 6-in-1 Contour &amp; Highlight Palette<br \/>\n\ud83c\uddeb\ud83c\uddf7 SHEGLAM Stereo Face Six - Palette 6 Teintes Contour &amp; \u00c9clat<\/p>","protected":false},"excerpt":{"rendered":"<p>\u0628\u0627\u0644\u064a\u062a \u0645\u062a\u0639\u062f\u062f \u0627\u0644\u0627\u0633\u062a\u062e\u062f\u0627\u0645\u0627\u062a \u064a\u062c\u0645\u0639 \u0628\u064a\u0646 \u0627\u0644\u0643\u0648\u0646\u062a\u0648\u0631\u060c \u0627\u0644\u0628\u0631\u0648\u0646\u0632\u0631\u060c \u0627\u0644\u0647\u0627\u064a\u0644\u0627\u064a\u062a\u0631\u060c \u0648\u0627\u0644\u0628\u0644\u0634\u0631 \u0641\u064a \u062a\u0631\u0643\u064a\u0628\u0629 \u0628\u0648\u062f\u0631\u0629 \u0646\u0627\u0639\u0645\u0629 \u062a\u0646\u0633\u0627\u0628 \u0628\u0633\u0647\u0648\u0644\u0629 \u0639\u0644\u0649 \u0627\u0644\u0628\u0634\u0631\u0629. \u064a\u0648\u0641\u0631 \u062f\u0631\u062c\u0627\u062a \u0645\u062a\u0646\u0627\u0633\u0642\u0629 \u062a\u0645\u0646\u062d \u062a\u062d\u062f\u064a\u062f\u064b\u0627 \u0637\u0628\u064a\u0639\u064a\u064b\u0627 \u0644\u0644\u0645\u0644\u0627\u0645\u062d \u0645\u0639 \u0644\u0645\u0633\u0629 \u0645\u0636\u064a\u0626\u0629 \u0648\u0635\u062d\u064a\u0629. \u0645\u0646\u0627\u0633\u0628 \u0644\u062c\u0645\u064a\u0639 \u0623\u0646\u0648\u0627\u0639 \u0627\u0644\u0628\u0634\u0631\u0629 \u0648\u0633\u0647\u0644 \u0627\u0644\u062f\u0645\u062c \u0644\u0644\u0645\u0643\u064a\u0627\u062c \u0627\u0644\u064a\u0648\u0645\u064a \u0648\u0627\u0644\u0645\u0646\u0627\u0633\u0628\u0627\u062a. \u0627\u0644\u0645\u0643\u0648\u0646\u0627\u062a \u0648\u0627\u0644\u062e\u0635\u0627\u0626\u0635 \u0627\u0644\u0631\u0626\u064a\u0633\u064a\u0629 \u2022 6 \u062f\u0631\u062c\u0627\u062a \u0645\u062a\u0643\u0627\u0645\u0644\u0629 \u0644\u0644\u0646\u062d\u062a \u0648\u0627\u0644\u0625\u0636\u0627\u0621\u0629 \u2022 \u062a\u0631\u0643\u064a\u0628\u0629 \u0628\u0648\u062f\u0631\u0629 \u0646\u0627\u0639\u0645\u0629 \u0633\u0647\u0644\u0629 \u0627\u0644\u062f\u0645\u062c \u2022 \u0623\u0644\u0648\u0627\u0646 \u0645\u0646\u0627\u0633\u0628\u0629 [&hellip;]<\/p>\n","protected":false},"featured_media":35584,"template":"","meta":[],"pwb-brand":[709],"product_brand":[],"product_cat":[1170,1169,1165,1168,1167],"product_tag":[],"class_list":{"0":"post-35617","1":"product","2":"type-product","3":"status-publish","4":"has-post-thumbnail","6":"pwb-brand-sheglam","7":"product_cat-highlighter-makeup","8":"product_cat-blush-makeup","9":"product_cat-makeup-palette","10":"product_cat-bronzer-makeup","11":"product_cat-contour","13":"first","14":"instock","15":"shipping-taxable","16":"purchasable","17":"product-type-variable","18":"has-default-attributes","19":"wvs-archive-product-wrapper"},"brands":[{"id":709,"name":"Sheglam","slug":"sheglam"}],"_links":{"self":[{"href":"https:\/\/gopinkish.com\/fr\/wp-json\/wp\/v2\/product\/35617","targetHints":{"allow":["GET"]}}],"collection":[{"href":"https:\/\/gopinkish.com\/fr\/wp-json\/wp\/v2\/product"}],"about":[{"href":"https:\/\/gopinkish.com\/fr\/wp-json\/wp\/v2\/types\/product"}],"wp:featuredmedia":[{"embeddable":true,"href":"https:\/\/gopinkish.com\/fr\/wp-json\/wp\/v2\/media\/35584"}],"wp:attachment":[{"href":"https:\/\/gopinkish.com\/fr\/wp-json\/wp\/v2\/media?parent=35617"}],"wp:term":[{"taxonomy":"pwb-brand","embeddable":true,"href":"https:\/\/gopinkish.com\/fr\/wp-json\/wp\/v2\/pwb-brand?post=35617"},{"taxonomy":"product_brand","embeddable":true,"href":"https:\/\/gopinkish.com\/fr\/wp-json\/wp\/v2\/product_brand?post=35617"},{"taxonomy":"product_cat","embeddable":true,"href":"https:\/\/gopinkish.com\/fr\/wp-json\/wp\/v2\/product_cat?post=35617"},{"taxonomy":"product_tag","embeddable":true,"href":"https:\/\/gopinkish.com\/fr\/wp-json\/wp\/v2\/product_tag?post=35617"}],"curies":[{"name":"wp","href":"https:\/\/api.w.org\/{rel}","templated":true}]}}