{"id":35577,"date":"2026-01-10T15:44:05","date_gmt":"2026-01-10T14:44:05","guid":{"rendered":"https:\/\/gopinkish.com\/?post_type=product&#038;p=35577"},"modified":"2026-05-01T13:58:14","modified_gmt":"2026-05-01T12:58:14","slug":"3600551135786","status":"publish","type":"product","link":"https:\/\/gopinkish.com\/fr\/produit\/3600551135786\/","title":{"rendered":"Cr\u00e8me hydratante et fortifiante pour peaux sensibles"},"content":{"rendered":"<p style=\"text-align: justify;\">Une cr\u00e8me douce enrichie en c\u00e9ramides pour aider \u00e0 renforcer la barri\u00e8re cutan\u00e9e, prot\u00e9ger contre la perte d'hydratation et apaiser la sensibilit\u00e9. L\u00e9g\u00e8re et adapt\u00e9e aux peaux tr\u00e8s sensibles, elle hydrate la peau tout au long de la journ\u00e9e et procure une sensation de confort sans coller ni \u00eatre lourde.<\/p>\n<p><strong>Principaux ingr\u00e9dients et caract\u00e9ristiques<\/strong><br \/>\n- C\u00e9ramide pour renforcer la barri\u00e8re cutan\u00e9e et prot\u00e9ger la peau<br \/>\n- Formule douce convenant aux peaux tr\u00e8s sensibles<br \/>\n- Une hydratation en profondeur qui dure toute la journ\u00e9e<br \/>\n- Aide \u00e0 minimiser la s\u00e9cheresse et l'irritation<br \/>\n- Exempt de parfums forts et de substances irritantes<br \/>\n- Texture cr\u00e9meuse et l\u00e9g\u00e8re qui p\u00e9n\u00e8tre rapidement<\/p>\n<p><strong>Principales caract\u00e9ristiques et avantages<\/strong><br \/>\n- Hydrate en profondeur les peaux sensibles<br \/>\n- Renforce la barri\u00e8re cutan\u00e9e et prot\u00e8ge contre la d\u00e9shydratation<br \/>\n- Soulage les tensions et l'inconfort<br \/>\n- Procure une sensation de douceur et de confort tout au long de la journ\u00e9e<br \/>\n- Convient pour une utilisation quotidienne matin et soir<\/p>\n<p dir=\"ltr\" style=\"text-align: center;\">\ud83c\uddec\ud83c\udde7 Mixa Ceramide Protection Cream - Barrier Strength &amp; Hydration<br \/>\n\ud83c\uddeb\ud83c\uddf7 Mixa Cr\u00e8me C\u00e9ramide Protection - Hydratation &amp; Renforcement Peaux Sensibles<\/p>","protected":false},"excerpt":{"rendered":"<p>\u0643\u0631\u064a\u0645 \u0644\u0637\u064a\u0641 \u063a\u0646\u064a \u0628\u0640 \u0627\u0644\u0633\u064a\u0631\u0627\u0645\u064a\u062f \u0627\u0644\u0630\u064a \u064a\u0633\u0627\u0639\u062f \u0639\u0644\u0649 \u062a\u0642\u0648\u064a\u0629 \u0627\u0644\u062d\u0627\u062c\u0632 \u0627\u0644\u062c\u0644\u062f\u064a\u060c \u062d\u0645\u0627\u064a\u0629 \u0627\u0644\u0628\u0634\u0631\u0629 \u0645\u0646 \u0641\u0642\u062f\u0627\u0646 \u0627\u0644\u0631\u0637\u0648\u0628\u0629\u060c \u0648\u062a\u0647\u062f\u0626\u0629 \u0627\u0644\u062d\u0633\u0627\u0633\u064a\u0629. \u062a\u0631\u0643\u064a\u0628\u062a\u0647 \u062e\u0641\u064a\u0641\u0629 \u0648\u0645\u0646\u0627\u0633\u0628\u0629 \u0644\u0644\u0628\u0634\u0631\u0629 \u0627\u0644\u062d\u0633\u0627\u0633\u0629 \u062c\u062f\u064b\u0627\u060c \u0648\u062a\u0645\u0646\u062d \u062a\u0631\u0637\u064a\u0628\u064b\u0627 \u064a\u062f\u0648\u0645 \u0637\u0648\u0627\u0644 \u0627\u0644\u064a\u0648\u0645 \u0645\u0639 \u0625\u062d\u0633\u0627\u0633 \u0645\u0631\u064a\u062d \u062f\u0648\u0646 \u0644\u0632\u0648\u062c\u0629 \u0623\u0648 \u062b\u0642\u0644. \u0627\u0644\u0645\u0643\u0648\u0646\u0627\u062a \u0648\u0627\u0644\u062e\u0635\u0627\u0626\u0635 \u0627\u0644\u0631\u0626\u064a\u0633\u064a\u0629 \u2022 \u0633\u064a\u0631\u0627\u0645\u064a\u062f \u0644\u062a\u0639\u0632\u064a\u0632 \u0627\u0644\u062d\u0627\u062c\u0632 \u0627\u0644\u062c\u0644\u062f\u064a \u0648\u062d\u0645\u0627\u064a\u0629 \u0627\u0644\u0628\u0634\u0631\u0629 \u2022 \u062a\u0631\u0643\u064a\u0628\u0629 \u0644\u0637\u064a\u0641\u0629 \u0645\u0646\u0627\u0633\u0628\u0629 \u0644\u0644\u0628\u0634\u0631\u0629 \u0627\u0644\u062d\u0633\u0627\u0633\u0629 \u062c\u062f\u064b\u0627 \u2022 \u062a\u0631\u0637\u064a\u0628 [&hellip;]<\/p>\n","protected":false},"featured_media":35566,"template":"","meta":[],"pwb-brand":[427],"product_brand":[],"product_cat":[1137,1121],"product_tag":[688,697,680],"class_list":{"0":"post-35577","1":"product","2":"type-product","3":"status-publish","4":"has-post-thumbnail","6":"pwb-brand-mixa","7":"product_cat-body-moist","8":"product_cat-face-moist","9":"product_tag-sensitive","10":"product_tag-moisturizing","11":"product_tag-dryness","13":"first","14":"instock","15":"shipping-taxable","16":"purchasable","17":"product-type-variable","18":"has-default-attributes","19":"wvs-archive-product-wrapper"},"brands":[{"id":427,"name":"Mixa","slug":"mixa"}],"_links":{"self":[{"href":"https:\/\/gopinkish.com\/fr\/wp-json\/wp\/v2\/product\/35577","targetHints":{"allow":["GET"]}}],"collection":[{"href":"https:\/\/gopinkish.com\/fr\/wp-json\/wp\/v2\/product"}],"about":[{"href":"https:\/\/gopinkish.com\/fr\/wp-json\/wp\/v2\/types\/product"}],"wp:featuredmedia":[{"embeddable":true,"href":"https:\/\/gopinkish.com\/fr\/wp-json\/wp\/v2\/media\/35566"}],"wp:attachment":[{"href":"https:\/\/gopinkish.com\/fr\/wp-json\/wp\/v2\/media?parent=35577"}],"wp:term":[{"taxonomy":"pwb-brand","embeddable":true,"href":"https:\/\/gopinkish.com\/fr\/wp-json\/wp\/v2\/pwb-brand?post=35577"},{"taxonomy":"product_brand","embeddable":true,"href":"https:\/\/gopinkish.com\/fr\/wp-json\/wp\/v2\/product_brand?post=35577"},{"taxonomy":"product_cat","embeddable":true,"href":"https:\/\/gopinkish.com\/fr\/wp-json\/wp\/v2\/product_cat?post=35577"},{"taxonomy":"product_tag","embeddable":true,"href":"https:\/\/gopinkish.com\/fr\/wp-json\/wp\/v2\/product_tag?post=35577"}],"curies":[{"name":"wp","href":"https:\/\/api.w.org\/{rel}","templated":true}]}}