{"id":35573,"date":"2026-01-01T15:44:03","date_gmt":"2026-01-01T14:44:03","guid":{"rendered":"https:\/\/gopinkish.com\/?post_type=product&#038;p=35573"},"modified":"2026-03-15T22:46:05","modified_gmt":"2026-03-15T21:46:05","slug":"6973993374578","status":"publish","type":"product","link":"https:\/\/gopinkish.com\/fr\/produit\/6973993374578\/","title":{"rendered":"Huile nourrissante pour les cheveux et stimulation de la croissance des racines"},"content":{"rendered":"<p style=\"text-align: justify;\">Une huile l\u00e9g\u00e8re con\u00e7ue pour optimiser la sant\u00e9 des cheveux et du cuir chevelu, avec un extrait de romarin connu pour favoriser la croissance des cheveux et stimuler la circulation. Aide \u00e0 renforcer les racines, \u00e0 r\u00e9duire les cassures et \u00e0 hydrater les pointes sans alourdir les cheveux. Convient \u00e0 tous les types de cheveux, en particulier aux cheveux faibles ou ternes.<\/p>\n<p><strong>Principaux ingr\u00e9dients et caract\u00e9ristiques<\/strong><br \/>\n- Extrait de romarin pour stimuler la croissance des cheveux<br \/>\n- Huiles nourrissantes pour hydrater les cheveux et le cuir chevelu<br \/>\n- Une formule l\u00e9g\u00e8re qui s'absorbe rapidement sans exc\u00e8s de graisse<br \/>\n- Aide \u00e0 renforcer les racines et \u00e0 minimiser la perte de cheveux<br \/>\n- Apporte une brillance naturelle aux cheveux<\/p>\n<p><strong>Principales caract\u00e9ristiques et avantages<\/strong><br \/>\n- Favorise la croissance des cheveux et am\u00e9liore leur densit\u00e9<br \/>\n- Renforce les racines et minimise les pertes<br \/>\n- Hydrate les cheveux, les rendant doux et brillants.<br \/>\n- Apaise le cuir chevelu et r\u00e9duit la s\u00e9cheresse<br \/>\n- Convient \u00e0 un usage quotidien ou \u00e0 un traitement hebdomadaire<\/p>\n<p dir=\"ltr\" style=\"text-align: center;\">\ud83c\uddec\ud83c\udde7 SHEGLAM Huile pour cheveux et cuir chevelu au romarin - Croissance et nutrition<br \/>\n\ud83c\uddeb\ud83c\uddf7 SHEGLAM Huile Romarin Cheveux &amp; Cuir Chevelu - Croissance &amp; Nutrition<\/p>","protected":false},"excerpt":{"rendered":"<p>\u0632\u064a\u062a \u062e\u0641\u064a\u0641 \u0645\u0635\u0645\u0645 \u0644\u062a\u062d\u0633\u064a\u0646 \u0635\u062d\u0629 \u0627\u0644\u0634\u0639\u0631 \u0648\u0641\u0631\u0648\u0629 \u0627\u0644\u0631\u0623\u0633 \u0628\u0641\u0636\u0644 \u062e\u0644\u0627\u0635\u0629 \u0625\u0643\u0644\u064a\u0644 \u0627\u0644\u062c\u0628\u0644 \u0627\u0644\u0645\u0639\u0631\u0648\u0641\u0629 \u0628\u062f\u0639\u0645 \u0646\u0645\u0648 \u0627\u0644\u0634\u0639\u0631 \u0648\u062a\u0646\u0634\u064a\u0637 \u0627\u0644\u062f\u0648\u0631\u0629 \u0627\u0644\u062f\u0645\u0648\u064a\u0629. \u064a\u0633\u0627\u0639\u062f \u0639\u0644\u0649 \u062a\u0642\u0648\u064a\u0629 \u0627\u0644\u062c\u0630\u0648\u0631\u060c \u062a\u0642\u0644\u064a\u0644 \u0627\u0644\u062a\u0633\u0627\u0642\u0637\u060c \u0648\u062a\u0631\u0637\u064a\u0628 \u0627\u0644\u0623\u0637\u0631\u0627\u0641 \u062f\u0648\u0646 \u0625\u062b\u0642\u0627\u0644 \u0627\u0644\u0634\u0639\u0631. \u0645\u0646\u0627\u0633\u0628 \u0644\u062c\u0645\u064a\u0639 \u0623\u0646\u0648\u0627\u0639 \u0627\u0644\u0634\u0639\u0631\u060c \u062e\u0627\u0635\u0629 \u0627\u0644\u0634\u0639\u0631 \u0627\u0644\u0636\u0639\u064a\u0641 \u0623\u0648 \u0627\u0644\u0628\u0627\u0647\u062a. \u0627\u0644\u0645\u0643\u0648\u0646\u0627\u062a \u0648\u0627\u0644\u062e\u0635\u0627\u0626\u0635 \u0627\u0644\u0631\u0626\u064a\u0633\u064a\u0629 \u2022 \u062e\u0644\u0627\u0635\u0629 \u0625\u0643\u0644\u064a\u0644 \u0627\u0644\u062c\u0628\u0644 \u0644\u062a\u062d\u0641\u064a\u0632 \u0646\u0645\u0648 \u0627\u0644\u0634\u0639\u0631 \u2022 \u0632\u064a\u0648\u062a \u0645\u063a\u0630\u064a\u0629 \u0644\u062a\u0631\u0637\u064a\u0628 \u0627\u0644\u0634\u0639\u0631 \u0648\u0641\u0631\u0648\u0629 [&hellip;]<\/p>\n","protected":false},"featured_media":35550,"template":"","meta":[],"pwb-brand":[709],"product_brand":[],"product_cat":[1153,1154],"product_tag":[750,755,690],"class_list":{"0":"post-35573","1":"product","2":"type-product","3":"status-publish","4":"has-post-thumbnail","6":"pwb-brand-sheglam","7":"product_cat-hair-oil","8":"product_cat-hair-serum","9":"product_tag-750","10":"product_tag-755","11":"product_tag-hairgrowth","13":"first","14":"outofstock","15":"shipping-taxable","16":"product-type-variable","17":"has-default-attributes","18":"wvs-archive-product-wrapper"},"brands":[{"id":709,"name":"Sheglam","slug":"sheglam"}],"_links":{"self":[{"href":"https:\/\/gopinkish.com\/fr\/wp-json\/wp\/v2\/product\/35573","targetHints":{"allow":["GET"]}}],"collection":[{"href":"https:\/\/gopinkish.com\/fr\/wp-json\/wp\/v2\/product"}],"about":[{"href":"https:\/\/gopinkish.com\/fr\/wp-json\/wp\/v2\/types\/product"}],"wp:featuredmedia":[{"embeddable":true,"href":"https:\/\/gopinkish.com\/fr\/wp-json\/wp\/v2\/media\/35550"}],"wp:attachment":[{"href":"https:\/\/gopinkish.com\/fr\/wp-json\/wp\/v2\/media?parent=35573"}],"wp:term":[{"taxonomy":"pwb-brand","embeddable":true,"href":"https:\/\/gopinkish.com\/fr\/wp-json\/wp\/v2\/pwb-brand?post=35573"},{"taxonomy":"product_brand","embeddable":true,"href":"https:\/\/gopinkish.com\/fr\/wp-json\/wp\/v2\/product_brand?post=35573"},{"taxonomy":"product_cat","embeddable":true,"href":"https:\/\/gopinkish.com\/fr\/wp-json\/wp\/v2\/product_cat?post=35573"},{"taxonomy":"product_tag","embeddable":true,"href":"https:\/\/gopinkish.com\/fr\/wp-json\/wp\/v2\/product_tag?post=35573"}],"curies":[{"name":"wp","href":"https:\/\/api.w.org\/{rel}","templated":true}]}}