{"id":35571,"date":"2026-01-01T15:43:54","date_gmt":"2026-01-01T14:43:54","guid":{"rendered":"https:\/\/gopinkish.com\/?post_type=product&#038;p=35571"},"modified":"2026-05-06T00:30:49","modified_gmt":"2026-05-05T23:30:49","slug":"3600520290126","status":"publish","type":"product","link":"https:\/\/gopinkish.com\/fr\/produit\/3600520290126\/","title":{"rendered":"Mascara pour extension de cils avec tenue imperm\u00e9able"},"content":{"rendered":"<p style=\"text-align: justify;\">Mascara en deux \u00e9tapes :<br \/>\n- Premi\u00e8re \u00e9tape : Une couche de base blanche enrichie d'ingr\u00e9dients nourrissants pour aider \u00e0 renforcer et \u00e0 allonger visiblement les cils.<br \/>\n- \u00c9tape 2 : Mascara noir waterproof pour plus de longueur et une tenue toute la journ\u00e9e sans bavure ni effritement.<br \/>\nAdapt\u00e9e \u00e0 un usage quotidien ou occasionnel, la formule donne aux cils un aspect plus long et plus d\u00e9fini, avec une sensation de l\u00e9g\u00e8ret\u00e9 qui n'alourdit pas l'\u0153il.<\/p>\n<p><strong>Principaux ingr\u00e9dients et caract\u00e9ristiques<\/strong><br \/>\n- Fond de teint nourrissant pour renforcer les cils<br \/>\n- Mascara noir waterproof<br \/>\n- Permet d'allonger visiblement les cils<br \/>\n- Longue tenue sans bavure<br \/>\n- Pinceau de pr\u00e9cision pour une r\u00e9partition uniforme<\/p>\n<p><strong>Principales caract\u00e9ristiques et avantages<\/strong><br \/>\n- Allongement instantan\u00e9 des cils gr\u00e2ce \u00e0 la technologie en deux \u00e9tapes<br \/>\n- Adh\u00e9sion r\u00e9sistante \u00e0 l'eau et \u00e0 la sueur<br \/>\n- Ne s'effrite pas et ne fait pas de bavures tout au long de la journ\u00e9e<br \/>\n- Donne l'apparence de cils plus longs et plus d\u00e9finis<br \/>\n- Convient \u00e0 l'usage quotidien et aux occasions<\/p>\n<p dir=\"ltr\" style=\"text-align: center;\">\ud83c\uddec\ud83c\udde7 L'Or\u00e9al Double Extension Waterproof - Longueur et tenue Waterproof<br \/>\n\ud83c\uddeb\ud83c\uddf7 L'Or\u00e9al Double Extension Waterproof - Mascara Allongeante R\u00e9sistante \u00e0 l'Eau<\/p>","protected":false},"excerpt":{"rendered":"<p>\u0645\u0627\u0633\u0643\u0627\u0631\u0627 \u062b\u0646\u0627\u0626\u064a\u0629 \u0627\u0644\u062e\u0637\u0648\u0627\u062a: \u2022 \u0627\u0644\u062e\u0637\u0648\u0629 \u0627\u0644\u0623\u0648\u0644\u0649: \u0637\u0628\u0642\u0629 \u0623\u0633\u0627\u0633 \u0628\u064a\u0636\u0627\u0621 \u063a\u0646\u064a\u0629 \u0628\u0645\u0643\u0648\u0646\u0627\u062a \u0645\u063a\u0630\u064a\u0629 \u062a\u0633\u0627\u0639\u062f \u0639\u0644\u0649 \u062a\u0642\u0648\u064a\u0629 \u0627\u0644\u0631\u0645\u0648\u0634 \u0648\u0632\u064a\u0627\u062f\u0629 \u0637\u0648\u0644\u0647\u0627 \u0628\u0634\u0643\u0644 \u0645\u0644\u062d\u0648\u0638. \u2022 \u0627\u0644\u062e\u0637\u0648\u0629 \u0627\u0644\u062b\u0627\u0646\u064a\u0629: \u0645\u0627\u0633\u0643\u0627\u0631\u0627 \u0633\u0648\u062f\u0627\u0621 \u0645\u0642\u0627\u0648\u0645\u0629 \u0644\u0644\u0645\u0627\u0621 \u062a\u0645\u0646\u062d \u0637\u0648\u0644\u064b\u0627 \u0625\u0636\u0627\u0641\u064a\u064b\u0627 \u0648\u062b\u0628\u0627\u062a\u064b\u0627 \u064a\u062f\u0648\u0645 \u0637\u0648\u0627\u0644 \u0627\u0644\u064a\u0648\u0645 \u062f\u0648\u0646 \u062a\u0644\u0637\u062e \u0623\u0648 \u062a\u0641\u062a\u062a. \u062a\u0631\u0643\u064a\u0628\u062a\u0647\u0627 \u0645\u0646\u0627\u0633\u0628\u0629 \u0644\u0644\u0627\u0633\u062a\u062e\u062f\u0627\u0645 \u0627\u0644\u064a\u0648\u0645\u064a \u0648\u0644\u0644\u0645\u0646\u0627\u0633\u0628\u0627\u062a\u060c \u0648\u062a\u0645\u0646\u062d \u0627\u0644\u0631\u0645\u0648\u0634 \u0645\u0638\u0647\u0631\u064b\u0627 \u0623\u0637\u0648\u0644 \u0648\u0623\u0643\u062b\u0631 \u062a\u062d\u062f\u064a\u062f\u064b\u0627 \u0645\u0639 \u0625\u062d\u0633\u0627\u0633 \u062e\u0641\u064a\u0641 \u0644\u0627 \u064a\u062b\u0642\u0644 \u0627\u0644\u0639\u064a\u0646. [&hellip;]<\/p>\n","protected":false},"featured_media":35570,"template":"","meta":[],"pwb-brand":[239],"product_brand":[],"product_cat":[1189],"product_tag":[],"class_list":{"0":"post-35571","1":"product","2":"type-product","3":"status-publish","4":"has-post-thumbnail","6":"pwb-brand-loreal","7":"product_cat-eyes-mascara","9":"first","10":"instock","11":"shipping-taxable","12":"purchasable","13":"product-type-variable","14":"has-default-attributes","15":"wvs-archive-product-wrapper"},"brands":[{"id":239,"name":"L'Or\u00e9al Paris","slug":"loreal"}],"_links":{"self":[{"href":"https:\/\/gopinkish.com\/fr\/wp-json\/wp\/v2\/product\/35571","targetHints":{"allow":["GET"]}}],"collection":[{"href":"https:\/\/gopinkish.com\/fr\/wp-json\/wp\/v2\/product"}],"about":[{"href":"https:\/\/gopinkish.com\/fr\/wp-json\/wp\/v2\/types\/product"}],"wp:featuredmedia":[{"embeddable":true,"href":"https:\/\/gopinkish.com\/fr\/wp-json\/wp\/v2\/media\/35570"}],"wp:attachment":[{"href":"https:\/\/gopinkish.com\/fr\/wp-json\/wp\/v2\/media?parent=35571"}],"wp:term":[{"taxonomy":"pwb-brand","embeddable":true,"href":"https:\/\/gopinkish.com\/fr\/wp-json\/wp\/v2\/pwb-brand?post=35571"},{"taxonomy":"product_brand","embeddable":true,"href":"https:\/\/gopinkish.com\/fr\/wp-json\/wp\/v2\/product_brand?post=35571"},{"taxonomy":"product_cat","embeddable":true,"href":"https:\/\/gopinkish.com\/fr\/wp-json\/wp\/v2\/product_cat?post=35571"},{"taxonomy":"product_tag","embeddable":true,"href":"https:\/\/gopinkish.com\/fr\/wp-json\/wp\/v2\/product_tag?post=35571"}],"curies":[{"name":"wp","href":"https:\/\/api.w.org\/{rel}","templated":true}]}}