{"id":35545,"date":"2026-01-02T14:57:35","date_gmt":"2026-01-02T13:57:35","guid":{"rendered":"https:\/\/gopinkish.com\/?post_type=product&#038;p=35545"},"modified":"2026-04-26T14:58:32","modified_gmt":"2026-04-26T13:58:32","slug":"3600531647919","status":"publish","type":"product","link":"https:\/\/gopinkish.com\/fr\/produit\/3600531647919\/","title":{"rendered":"Cache-cernes haute couvrance et longue tenue"},"content":{"rendered":"<p style=\"text-align: justify;\">Un correcteur liquide ultra-ferme con\u00e7u pour couvrir les cernes, les imperfections et les rougeurs avec un fini mat naturel. La formule l\u00e9g\u00e8re glisse facilement et s'estompe sans s'agglom\u00e9rer, et r\u00e9siste \u00e0 la sueur et \u00e0 l'humidit\u00e9 pour rester en place toute la journ\u00e9e. Elle r\u00e9siste \u00e0 la sueur et \u00e0 l'humidit\u00e9 pour rester en place toute la journ\u00e9e. Id\u00e9ale pour un usage quotidien et pour les occasions o\u00f9 une tenue longue dur\u00e9e est n\u00e9cessaire.<\/p>\n<p><strong>Principaux ingr\u00e9dients et caract\u00e9ristiques<\/strong><br \/>\n- Haute couverture avec une sensation de l\u00e9g\u00e8ret\u00e9<br \/>\n- Stabilit\u00e9 jusqu'\u00e0 30 heures<br \/>\n- R\u00e9sistant \u00e0 la sueur, \u00e0 l'humidit\u00e9 et au frottement<br \/>\n- Ne s'agglom\u00e8re pas et ne s'infiltre pas dans les lignes<br \/>\n- Finition mate naturelle<br \/>\n- En-t\u00eate d'application pr\u00e9cis<\/p>\n<p><strong>Principales caract\u00e9ristiques et avantages<\/strong><br \/>\n- Cache instantan\u00e9ment les cernes et les imperfections<br \/>\n- Fournit une uniformit\u00e9 d'aspect naturel<br \/>\n- Tient toute la journ\u00e9e sans s'estomper<br \/>\n- Convient \u00e0 tous les types de peau<br \/>\n- Id\u00e9al pour un usage quotidien et des occasions prolong\u00e9es<\/p>\n<p dir=\"ltr\" style=\"text-align: center;\">\ud83c\uddec\ud83c\udde7 Maybelline Super Stay 30H Concealer - Full Coverage Longwear<br \/>\n\ud83c\uddeb\ud83c\uddf7 Maybelline Super Stay 30H - Anti-Cernes Haute Couvrance Longue Tenue<\/p>","protected":false},"excerpt":{"rendered":"<p>\u0643\u0648\u0646\u0633\u064a\u0644\u0631 \u0633\u0627\u0626\u0644 \u0641\u0627\u0626\u0642 \u0627\u0644\u062b\u0628\u0627\u062a \u0645\u0635\u0645\u0645 \u0644\u062a\u063a\u0637\u064a\u0629 \u0627\u0644\u0647\u0627\u0644\u0627\u062a \u0648\u0627\u0644\u0639\u064a\u0648\u0628 \u0648\u0627\u0644\u0627\u062d\u0645\u0631\u0627\u0631 \u0628\u0644\u0645\u0633\u0629 \u0637\u0628\u064a\u0639\u064a\u0629 \u063a\u064a\u0631 \u0644\u0627\u0645\u0639\u0629. \u062a\u0631\u0643\u064a\u0628\u062a\u0647 \u062e\u0641\u064a\u0641\u0629 \u062a\u0646\u0633\u0627\u0628 \u0628\u0633\u0647\u0648\u0644\u0629 \u0648\u062a\u0645\u062a\u0632\u062c \u0628\u0633\u0644\u0627\u0633\u0629 \u062f\u0648\u0646 \u0623\u0646 \u062a\u062a\u062c\u0645\u0639 \u0641\u064a \u0627\u0644\u062e\u0637\u0648\u0637\u060c \u0643\u0645\u0627 \u064a\u0642\u0627\u0648\u0645 \u0627\u0644\u0639\u0631\u0642 \u0648\u0627\u0644\u0631\u0637\u0648\u0628\u0629 \u0644\u064a\u0628\u0642\u0649 \u062b\u0627\u0628\u062a\u064b\u0627 \u0637\u0648\u0627\u0644 \u0627\u0644\u064a\u0648\u0645. \u0645\u062b\u0627\u0644\u064a \u0644\u0644\u0627\u0633\u062a\u062e\u062f\u0627\u0645 \u0627\u0644\u064a\u0648\u0645\u064a \u0648\u0644\u0644\u0645\u0646\u0627\u0633\u0628\u0627\u062a \u0627\u0644\u062a\u064a \u062a\u062a\u0637\u0644\u0628 \u062b\u0628\u0627\u062a\u064b\u0627 \u0637\u0648\u064a\u0644\u064b\u0627. \u0627\u0644\u0645\u0643\u0648\u0646\u0627\u062a \u0648\u0627\u0644\u062e\u0635\u0627\u0626\u0635 \u0627\u0644\u0631\u0626\u064a\u0633\u064a\u0629 \u2022 \u062a\u063a\u0637\u064a\u0629 \u0639\u0627\u0644\u064a\u0629 \u0628\u0645\u0644\u0645\u0633 \u062e\u0641\u064a\u0641 \u2022 \u062b\u0628\u0627\u062a \u064a\u0635\u0644 \u0625\u0644\u0649 30 \u0633\u0627\u0639\u0629 \u2022 [&hellip;]<\/p>\n","protected":false},"featured_media":35522,"template":"","meta":[],"pwb-brand":[238],"product_brand":[],"product_cat":[1173],"product_tag":[],"class_list":{"0":"post-35545","1":"product","2":"type-product","3":"status-publish","4":"has-post-thumbnail","6":"pwb-brand-maybelline-new-york","7":"product_cat-concealer-makeup","9":"first","10":"instock","11":"shipping-taxable","12":"purchasable","13":"product-type-variable","14":"has-default-attributes","15":"wvs-archive-product-wrapper"},"brands":[{"id":238,"name":"Maybelline New York","slug":"maybelline-new-york"}],"_links":{"self":[{"href":"https:\/\/gopinkish.com\/fr\/wp-json\/wp\/v2\/product\/35545","targetHints":{"allow":["GET"]}}],"collection":[{"href":"https:\/\/gopinkish.com\/fr\/wp-json\/wp\/v2\/product"}],"about":[{"href":"https:\/\/gopinkish.com\/fr\/wp-json\/wp\/v2\/types\/product"}],"wp:featuredmedia":[{"embeddable":true,"href":"https:\/\/gopinkish.com\/fr\/wp-json\/wp\/v2\/media\/35522"}],"wp:attachment":[{"href":"https:\/\/gopinkish.com\/fr\/wp-json\/wp\/v2\/media?parent=35545"}],"wp:term":[{"taxonomy":"pwb-brand","embeddable":true,"href":"https:\/\/gopinkish.com\/fr\/wp-json\/wp\/v2\/pwb-brand?post=35545"},{"taxonomy":"product_brand","embeddable":true,"href":"https:\/\/gopinkish.com\/fr\/wp-json\/wp\/v2\/product_brand?post=35545"},{"taxonomy":"product_cat","embeddable":true,"href":"https:\/\/gopinkish.com\/fr\/wp-json\/wp\/v2\/product_cat?post=35545"},{"taxonomy":"product_tag","embeddable":true,"href":"https:\/\/gopinkish.com\/fr\/wp-json\/wp\/v2\/product_tag?post=35545"}],"curies":[{"name":"wp","href":"https:\/\/api.w.org\/{rel}","templated":true}]}}